{"id":2412,"date":"2016-04-12T11:17:02","date_gmt":"2016-04-12T09:17:02","guid":{"rendered":"https:\/\/www.castinox.net\/?page_id=2412"},"modified":"2016-04-21T09:28:22","modified_gmt":"2016-04-21T07:28:22","slug":"ventile-fur-schuttgut","status":"publish","type":"page","link":"https:\/\/www.castinox.net\/de\/ventilgussteile\/ventile-fur-schuttgut\/","title":{"rendered":"Ventile f\u00fcr Sch\u00fcttgut"},"content":{"rendered":"<h2>Gussteile und Komponenten f\u00fcr Sch\u00fcttgutarmaturen<\/h2>\n<p>Bei Castinox liefern wir unseren Kunden qualitativ hochwertige <strong>Zellenradschleusen und Wegeventile<\/strong>, die benutzt werden:<\/p>\n<ul>\n<li>In <strong>verschiedenen Elementen<\/strong> und <strong>verschiedenen Sch\u00fcttg\u00fctern<\/strong> (Pulver, Fasern, Granulate, etc.) unterschiedlicher Gr\u00f6\u00dfe.<\/li>\n<li>In verschiedenen <strong>Anwendungen<\/strong> (Gesundheit, Hygiene, etc.)<\/li>\n<li>Bei unterschiedlichen <strong>Druckverh\u00e4ltnissen<\/strong> (hoch)<\/li>\n<\/ul>\n<p>Bei Castinox fertigen wir die <strong>Gussteile der Sch\u00fcttgutventile aus verschiedenen Materialien<\/strong>, wobei wir uns an die <strong>Branche und Bed\u00fcrfnisse des jeweiligen Kunden<\/strong> anpassen.<\/p>\n<div class=\"gap\" style=\"height: 20px;\"><\/div>\n<h3 class=\"title\"><span>Castinox fertigt Komponenten f\u00fcr:<\/span><\/h3>\n<ul>\n<li><a href=\"https:\/\/www.castinox.net\/de\/ventilgussteile\/ventile-fur-schuttgut\/zellenradschleusen\/\"><strong>Zellenradschleusen<\/strong><\/a><\/li>\n<li><a href=\"https:\/\/www.castinox.net\/de\/ventilgussteile\/ventile-fur-schuttgut\/wegeventile\/\"><strong>Wegeventile<\/strong><\/a><\/li>\n<\/ul>\n<div class=\"gap\" style=\"height: 20px;\"><\/div>\n<h3 class=\"title\"><span>Branchen und Materialien der Gussteile f\u00fcr Sch\u00fcttgutventile<\/span><\/h3>\n<p>Bei Castinox stellen wir seit \u00fcber 20 Jahren <strong>Gussteile f\u00fcr Sch\u00fcttgutventile<\/strong> her. W\u00e4hrend dieser Zeit haben wir uns auf die Herstellung von <strong>Armaturenkomponenten f\u00fcr die Kunststoffindustrie, den Bergbau, die chemische Industrie und die Lebensmittelindustrie<\/strong> spezialisiert. Bei Castinox liefern wir stets Gussteile aus hochwertigem rostfreiem Edelstahl:<\/p>\n<ul>\n<li><a href=\"https:\/\/www.castinox.net\/de\/materialien\/rostfreier-edelstahl\/austenitische-stahle\/\">Austenitische rostfreie Edelst\u00e4hle<\/a><\/li>\n<li><a href=\"https:\/\/www.castinox.net\/de\/materialien\/rostfreier-edelstahl\/ferritischer-stahl\/\">Ferritische rostfreie Edelst\u00e4hle<\/a><\/li>\n<li><a href=\"https:\/\/www.castinox.net\/de\/materialien\/rostfreier-edelstahl\/martensitischer-stahl\/\">Martensitische rostfreie Edelst\u00e4hle<\/a><\/li>\n<li><a href=\"https:\/\/www.castinox.net\/de\/materialien\/duplex-super-duplex-legierungen\/\">Duplex-Superduplex-St\u00e4hle<\/a><\/li>\n<li><a href=\"https:\/\/www.castinox.net\/de\/materialien\/nickel-basis-legierungen\/\">Nickel-Basis-St\u00e4hle<\/a><\/li>\n<\/ul>\n<div class=\"gap\" style=\"height: 20px;\"><\/div>\n<p><a class=\" button alternative-1 medium\" href=\"https:\/\/www.castinox.net\/de\/kontakt\/\" rel=\"slides[buttonlightbox]\"><i class=\"icon-share-alt\"><\/i>Kostenvorschlag anfordern<\/a><\/p>\n<div class=\"gap\" style=\"height: 20px;\"><\/div>\n\n\t\t\t<!-- START valvulas solidos REVOLUTION SLIDER 6.7.41 --><p class=\"rs-p-wp-fix\"><\/p>\n\t\t\t<rs-module-wrap id=\"rev_slider_5_1_wrapper\" data-source=\"gallery\" data-aimg=\"\"  style=\"visibility:hidden;background:#E9E9E9;padding:0;margin:0px auto;margin-top:0;margin-bottom:0;max-width:640px;\">\n\t\t\t\t<rs-module id=\"rev_slider_5_1\" style=\"\" data-version=\"6.7.41\">\n\t\t\t\t\t<rs-slides style=\"overflow: hidden; position: absolute;\">\n\t\t\t\t\t\t<rs-slide style=\"position: absolute;\" data-key=\"rs-24\" data-title=\"Slide\" data-anim=\"ms:300;\" data-in=\"x:-100%;\">\n\t\t\t\t\t\t\t<img decoding=\"async\" src=\"\/\/www.castinox.net\/wp-content\/plugins\/revslider\/sr6\/assets\/assets\/dummy.png\" alt=\"\" title=\"Ventile f\u00fcr Sch\u00fcttgut\" class=\"rev-slidebg tp-rs-img rs-lazyload\" data-lazyload=\"\/\/www.castinox.net\/imagenes\/valvula-solidos-rotatoria.jpg\" data-no-retina>\n<!--\n\t\t\t\t\t\t\t--><rs-layer\n\t\t\t\t\t\t\t\tid=\"slider-5-slide-24-layer-1\" \n\t\t\t\t\t\t\t\tclass=\"medium_whitebg\"\n\t\t\t\t\t\t\t\tdata-type=\"text\"\n\t\t\t\t\t\t\t\tdata-color=\"#ffffff\"\n\t\t\t\t\t\t\t\tdata-xy=\"x:c;y:b;yo:10px;\"\n\t\t\t\t\t\t\t\tdata-frame_1=\"e:easeOutExpo;st:500;\"\n\t\t\t\t\t\t\t\tdata-frame_999=\"st:8400;auto:true;\"\n\t\t\t\t\t\t\t\tstyle=\"z-index:5;font-family:'Roboto';\"\n\t\t\t\t\t\t\t>V\u00e1lvula rotatoria \n\t\t\t\t\t\t\t<\/rs-layer><!--\n\n\t\t\t\t\t\t\t--><rs-layer\n\t\t\t\t\t\t\t\tid=\"slider-5-slide-24-layer-2\" \n\t\t\t\t\t\t\t\tclass=\"small_text_grey\"\n\t\t\t\t\t\t\t\tdata-type=\"text\"\n\t\t\t\t\t\t\t\tdata-color=\"#ffffff\"\n\t\t\t\t\t\t\t\tdata-xy=\"x:10px;y:b;yo:10px;\"\n\t\t\t\t\t\t\t\tdata-frame_1=\"e:easeOutExpo;st:800;\"\n\t\t\t\t\t\t\t\tdata-frame_999=\"st:8400;auto:true;\"\n\t\t\t\t\t\t\t\tstyle=\"z-index:6;font-family:'Roboto';\"\n\t\t\t\t\t\t\t>Fuente: Coperion GmbH, Weingarten \n\t\t\t\t\t\t\t<\/rs-layer><!--\n-->\t\t\t\t\t<\/rs-slide>\n\t\t\t\t\t\t<rs-slide style=\"position: absolute;\" data-key=\"rs-25\" data-title=\"Slide\" data-anim=\"ms:300;\" data-in=\"x:-100%;\">\n\t\t\t\t\t\t\t<img decoding=\"async\" src=\"\/\/www.castinox.net\/wp-content\/plugins\/revslider\/sr6\/assets\/assets\/dummy.png\" alt=\"\" title=\"Ventile f\u00fcr Sch\u00fcttgut\" class=\"rev-slidebg tp-rs-img rs-lazyload\" data-lazyload=\"\/\/www.castinox.net\/imagenes\/valvulas-solidos-rotatorias.jpg\" data-no-retina>\n<!--\n\t\t\t\t\t\t\t--><rs-layer\n\t\t\t\t\t\t\t\tid=\"slider-5-slide-25-layer-1\" \n\t\t\t\t\t\t\t\tclass=\"medium_whitebg\"\n\t\t\t\t\t\t\t\tdata-type=\"text\"\n\t\t\t\t\t\t\t\tdata-color=\"#ffffff\"\n\t\t\t\t\t\t\t\tdata-xy=\"x:c;y:b;yo:10px;\"\n\t\t\t\t\t\t\t\tdata-frame_1=\"e:easeOutExpo;st:500;\"\n\t\t\t\t\t\t\t\tdata-frame_999=\"st:8400;auto:true;\"\n\t\t\t\t\t\t\t\tstyle=\"z-index:5;font-family:'Roboto';\"\n\t\t\t\t\t\t\t>V\u00e1lvula rotatoria \n\t\t\t\t\t\t\t<\/rs-layer><!--\n\n\t\t\t\t\t\t\t--><rs-layer\n\t\t\t\t\t\t\t\tid=\"slider-5-slide-25-layer-2\" \n\t\t\t\t\t\t\t\tclass=\"small_text_grey\"\n\t\t\t\t\t\t\t\tdata-type=\"text\"\n\t\t\t\t\t\t\t\tdata-color=\"#ffffff\"\n\t\t\t\t\t\t\t\tdata-xy=\"x:10px;y:b;yo:10px;\"\n\t\t\t\t\t\t\t\tdata-frame_1=\"e:easeOutExpo;st:800;\"\n\t\t\t\t\t\t\t\tdata-frame_999=\"st:8400;auto:true;\"\n\t\t\t\t\t\t\t\tstyle=\"z-index:6;font-family:'Roboto';\"\n\t\t\t\t\t\t\t>Fuente: Coperion GmbH, Weingarten \n\t\t\t\t\t\t\t<\/rs-layer><!--\n-->\t\t\t\t\t<\/rs-slide>\n\t\t\t\t\t<\/rs-slides>\n\t\t\t\t<\/rs-module>\n\t\t\t\t<script>\n\t\t\t\t\tsetREVStartSize({c: 'rev_slider_5_1',rl:[1240,1024,778,480],el:[384],gw:[640],gh:[384],type:'standard',justify:'',layout:'fullwidth',mh:\"0\"});if (window.RS_MODULES!==undefined && window.RS_MODULES.modules!==undefined && window.RS_MODULES.modules[\"revslider51\"]!==undefined) {window.RS_MODULES.modules[\"revslider51\"].once = false;window.revapi5 = undefined;if (window.RS_MODULES.checkMinimal!==undefined) window.RS_MODULES.checkMinimal()}\n\t\t\t\t<\/script>\n\t\t\t<\/rs-module-wrap>\n\t\t\t<!-- END REVOLUTION SLIDER -->\n\n","protected":false},"excerpt":{"rendered":"<p>Gussteile und Komponenten f\u00fcr Sch\u00fcttgutarmaturen Bei Castinox liefern wir unseren Kunden qualitativ hochwertige Zellenradschleusen und Wegeventile, die benutzt werden: In verschiedenen Elementen und verschiedenen Sch\u00fcttg\u00fctern (Pulver, Fasern, Granulate, etc.) unterschiedlicher\u2026 <a href=\"https:\/\/www.castinox.net\/de\/ventilgussteile\/ventile-fur-schuttgut\/\" class=\"read-more-link\">leer m\u00e1s &rarr;<\/a><\/p>\n","protected":false},"author":1,"featured_media":0,"parent":2410,"menu_order":0,"comment_status":"open","ping_status":"open","template":"","meta":{"footnotes":""},"class_list":["post-2412","page","type-page","status-publish","hentry"],"yoast_head":"<!-- This site is optimized with the Yoast SEO plugin v27.1.1 - https:\/\/yoast.com\/product\/yoast-seo-wordpress\/ -->\n<title>Gussteile f\u00fcr Sch\u00fcttgutventile und Industriekomponenten<\/title>\n<meta name=\"description\" content=\"Herstellung von Gussteilen f\u00fcr Sch\u00fcttgutventile: Zellenradschleusen und Wegeventile. Wir fertigen auch Komponenten mit den besten Materialien.\" \/>\n<meta name=\"robots\" content=\"index, follow, max-snippet:-1, max-image-preview:large, max-video-preview:-1\" \/>\n<link rel=\"canonical\" href=\"https:\/\/www.castinox.net\/de\/ventilgussteile\/ventile-fur-schuttgut\/\" \/>\n<meta property=\"og:locale\" content=\"de_DE\" \/>\n<meta property=\"og:type\" content=\"article\" \/>\n<meta property=\"og:title\" content=\"Gussteile f\u00fcr Sch\u00fcttgutventile und Industriekomponenten\" \/>\n<meta property=\"og:description\" content=\"Herstellung von Gussteilen f\u00fcr Sch\u00fcttgutventile: Zellenradschleusen und Wegeventile. Wir fertigen auch Komponenten mit den besten Materialien.\" \/>\n<meta property=\"og:url\" content=\"https:\/\/www.castinox.net\/de\/ventilgussteile\/ventile-fur-schuttgut\/\" \/>\n<meta property=\"og:site_name\" content=\"Stainless steel foundry in Amurrio - Alava\" \/>\n<meta property=\"article:modified_time\" content=\"2016-04-21T07:28:22+00:00\" \/>\n<meta name=\"twitter:label1\" content=\"Gesch\u00e4tzte Lesezeit\" \/>\n\t<meta name=\"twitter:data1\" content=\"1\u00a0Minute\" \/>\n<script type=\"application\/ld+json\" class=\"yoast-schema-graph\">{\"@context\":\"https:\/\/schema.org\",\"@graph\":[{\"@type\":\"WebPage\",\"@id\":\"https:\/\/www.castinox.net\/de\/ventilgussteile\/ventile-fur-schuttgut\/\",\"url\":\"https:\/\/www.castinox.net\/de\/ventilgussteile\/ventile-fur-schuttgut\/\",\"name\":\"Gussteile f\u00fcr Sch\u00fcttgutventile und Industriekomponenten\",\"isPartOf\":{\"@id\":\"https:\/\/www.castinox.net\/#website\"},\"datePublished\":\"2016-04-12T09:17:02+00:00\",\"dateModified\":\"2016-04-21T07:28:22+00:00\",\"description\":\"Herstellung von Gussteilen f\u00fcr Sch\u00fcttgutventile: Zellenradschleusen und Wegeventile. Wir fertigen auch Komponenten mit den besten Materialien.\",\"breadcrumb\":{\"@id\":\"https:\/\/www.castinox.net\/de\/ventilgussteile\/ventile-fur-schuttgut\/#breadcrumb\"},\"inLanguage\":\"de\",\"potentialAction\":[{\"@type\":\"ReadAction\",\"target\":[\"https:\/\/www.castinox.net\/de\/ventilgussteile\/ventile-fur-schuttgut\/\"]}]},{\"@type\":\"BreadcrumbList\",\"@id\":\"https:\/\/www.castinox.net\/de\/ventilgussteile\/ventile-fur-schuttgut\/#breadcrumb\",\"itemListElement\":[{\"@type\":\"ListItem\",\"position\":1,\"name\":\"Ventilgussteile\",\"item\":\"https:\/\/www.castinox.net\/de\/ventilgussteile\/\"},{\"@type\":\"ListItem\",\"position\":2,\"name\":\"Ventile f\u00fcr Sch\u00fcttgut\"}]},{\"@type\":\"WebSite\",\"@id\":\"https:\/\/www.castinox.net\/#website\",\"url\":\"https:\/\/www.castinox.net\/\",\"name\":\"Stainless steel foundry in Amurrio - Alava\",\"description\":\"\",\"potentialAction\":[{\"@type\":\"SearchAction\",\"target\":{\"@type\":\"EntryPoint\",\"urlTemplate\":\"https:\/\/www.castinox.net\/?s={search_term_string}\"},\"query-input\":{\"@type\":\"PropertyValueSpecification\",\"valueRequired\":true,\"valueName\":\"search_term_string\"}}],\"inLanguage\":\"de\"}]}<\/script>\n<!-- \/ Yoast SEO plugin. -->","yoast_head_json":{"title":"Gussteile f\u00fcr Sch\u00fcttgutventile und Industriekomponenten","description":"Herstellung von Gussteilen f\u00fcr Sch\u00fcttgutventile: Zellenradschleusen und Wegeventile. Wir fertigen auch Komponenten mit den besten Materialien.","robots":{"index":"index","follow":"follow","max-snippet":"max-snippet:-1","max-image-preview":"max-image-preview:large","max-video-preview":"max-video-preview:-1"},"canonical":"https:\/\/www.castinox.net\/de\/ventilgussteile\/ventile-fur-schuttgut\/","og_locale":"de_DE","og_type":"article","og_title":"Gussteile f\u00fcr Sch\u00fcttgutventile und Industriekomponenten","og_description":"Herstellung von Gussteilen f\u00fcr Sch\u00fcttgutventile: Zellenradschleusen und Wegeventile. Wir fertigen auch Komponenten mit den besten Materialien.","og_url":"https:\/\/www.castinox.net\/de\/ventilgussteile\/ventile-fur-schuttgut\/","og_site_name":"Stainless steel foundry in Amurrio - Alava","article_modified_time":"2016-04-21T07:28:22+00:00","twitter_misc":{"Gesch\u00e4tzte Lesezeit":"1\u00a0Minute"},"schema":{"@context":"https:\/\/schema.org","@graph":[{"@type":"WebPage","@id":"https:\/\/www.castinox.net\/de\/ventilgussteile\/ventile-fur-schuttgut\/","url":"https:\/\/www.castinox.net\/de\/ventilgussteile\/ventile-fur-schuttgut\/","name":"Gussteile f\u00fcr Sch\u00fcttgutventile und Industriekomponenten","isPartOf":{"@id":"https:\/\/www.castinox.net\/#website"},"datePublished":"2016-04-12T09:17:02+00:00","dateModified":"2016-04-21T07:28:22+00:00","description":"Herstellung von Gussteilen f\u00fcr Sch\u00fcttgutventile: Zellenradschleusen und Wegeventile. Wir fertigen auch Komponenten mit den besten Materialien.","breadcrumb":{"@id":"https:\/\/www.castinox.net\/de\/ventilgussteile\/ventile-fur-schuttgut\/#breadcrumb"},"inLanguage":"de","potentialAction":[{"@type":"ReadAction","target":["https:\/\/www.castinox.net\/de\/ventilgussteile\/ventile-fur-schuttgut\/"]}]},{"@type":"BreadcrumbList","@id":"https:\/\/www.castinox.net\/de\/ventilgussteile\/ventile-fur-schuttgut\/#breadcrumb","itemListElement":[{"@type":"ListItem","position":1,"name":"Ventilgussteile","item":"https:\/\/www.castinox.net\/de\/ventilgussteile\/"},{"@type":"ListItem","position":2,"name":"Ventile f\u00fcr Sch\u00fcttgut"}]},{"@type":"WebSite","@id":"https:\/\/www.castinox.net\/#website","url":"https:\/\/www.castinox.net\/","name":"Stainless steel foundry in Amurrio - Alava","description":"","potentialAction":[{"@type":"SearchAction","target":{"@type":"EntryPoint","urlTemplate":"https:\/\/www.castinox.net\/?s={search_term_string}"},"query-input":{"@type":"PropertyValueSpecification","valueRequired":true,"valueName":"search_term_string"}}],"inLanguage":"de"}]}},"_links":{"self":[{"href":"https:\/\/www.castinox.net\/de\/wp-json\/wp\/v2\/pages\/2412","targetHints":{"allow":["GET"]}}],"collection":[{"href":"https:\/\/www.castinox.net\/de\/wp-json\/wp\/v2\/pages"}],"about":[{"href":"https:\/\/www.castinox.net\/de\/wp-json\/wp\/v2\/types\/page"}],"author":[{"embeddable":true,"href":"https:\/\/www.castinox.net\/de\/wp-json\/wp\/v2\/users\/1"}],"replies":[{"embeddable":true,"href":"https:\/\/www.castinox.net\/de\/wp-json\/wp\/v2\/comments?post=2412"}],"version-history":[{"count":0,"href":"https:\/\/www.castinox.net\/de\/wp-json\/wp\/v2\/pages\/2412\/revisions"}],"up":[{"embeddable":true,"href":"https:\/\/www.castinox.net\/de\/wp-json\/wp\/v2\/pages\/2410"}],"wp:attachment":[{"href":"https:\/\/www.castinox.net\/de\/wp-json\/wp\/v2\/media?parent=2412"}],"curies":[{"name":"wp","href":"https:\/\/api.w.org\/{rel}","templated":true}]}}