{"id":2422,"date":"2016-04-12T11:52:31","date_gmt":"2016-04-12T09:52:31","guid":{"rendered":"https:\/\/www.castinox.net\/?page_id=2422"},"modified":"2016-05-12T09:11:11","modified_gmt":"2016-05-12T07:11:11","slug":"kugel","status":"publish","type":"page","link":"https:\/\/www.castinox.net\/de\/ventilgussteile\/fur-flussigkeiten\/kugel\/","title":{"rendered":"Kugelschieber"},"content":{"rendered":"<h2>Fertigung von Komponenten f\u00fcr Kugelschieber<\/h2>\n<p><strong>Kugelschieber<\/strong> haben zum Ziel die <strong>Durchflussmenge zu regulieren<\/strong>. Diese Art von Regel- oder Sitzventilen sind vielseitig einsetzbar und dienen sowohl zur Regulierung und Kontrolle als f\u00fcr Durchflussmengen zum \u00d6ffnen \/ Schlie\u00dfen. Der Durchfluss wird durch eine Scheibe geschlossen, die in einem Sitz parallel zum Durchfluss der Fl\u00fcssigkeit angebracht ist.<\/p>\n<p>Kugelschieber haben je nach dem f\u00fcr die Fl\u00fcssigkeitszirkulation erforderlichen <strong>Druck<\/strong> unterschiedliche Durchfl\u00fcsse oder Konfigurationen: <strong>Durchgangsventil, Y-Muster<\/strong>, usw. Bei Castinox haben wir uns auf die Herstellung von Gussteilen f\u00fcr Kugelschieber f\u00fcr <strong>kryogene Anwendungen<\/strong> spezialisiert.<\/p>\n<div class=\"gap\" style=\"height: 20px;\"><\/div>\n<h3 class=\"title\"><span>Castinox ist ein Hersteller von Gussteilen f\u00fcr Kugelschieber<\/strong><\/span><\/h3>\n<ul>\n<li>Geh\u00e4use<\/li>\n<li>Deckel<\/li>\n<li>Verschlussstopfen<\/li>\n<\/ul>\n<div class=\"gap\" style=\"height: 15px;\"><\/div>\n<p><a class=\" button alternative-1 medium\" href=\"https:\/\/www.castinox.net\/de\/kontakt\/\" rel=\"slides[buttonlightbox]\"><i class=\"icon-share-alt\"><\/i>Kostenvorschlag anfordern<\/a><\/p>\n","protected":false},"excerpt":{"rendered":"<p>Fertigung von Komponenten f\u00fcr Kugelschieber Kugelschieber haben zum Ziel die Durchflussmenge zu regulieren. Diese Art von Regel- oder Sitzventilen sind vielseitig einsetzbar und dienen sowohl zur Regulierung und Kontrolle als\u2026 <a href=\"https:\/\/www.castinox.net\/de\/ventilgussteile\/fur-flussigkeiten\/kugel\/\" class=\"read-more-link\">leer m\u00e1s &rarr;<\/a><\/p>\n","protected":false},"author":1,"featured_media":0,"parent":2418,"menu_order":0,"comment_status":"open","ping_status":"open","template":"","meta":{"footnotes":""},"class_list":["post-2422","page","type-page","status-publish","hentry"],"yoast_head":"<!-- This site is optimized with the Yoast SEO plugin v27.1.1 - https:\/\/yoast.com\/product\/yoast-seo-wordpress\/ -->\n<title>Herstellung von Gussteilen f\u00fcr Kugelschieber<\/title>\n<meta name=\"description\" content=\"Castinox ist eine auf die Herstellung von Gussteilen und Komponenten f\u00fcr Kugelschieber spezialisierte Edelstahlgie\u00dferei. Kontaktieren Sie uns.\" \/>\n<meta name=\"robots\" content=\"index, follow, max-snippet:-1, max-image-preview:large, max-video-preview:-1\" \/>\n<link rel=\"canonical\" href=\"https:\/\/www.castinox.net\/de\/ventilgussteile\/fur-flussigkeiten\/kugel\/\" \/>\n<meta property=\"og:locale\" content=\"de_DE\" \/>\n<meta property=\"og:type\" content=\"article\" \/>\n<meta property=\"og:title\" content=\"Herstellung von Gussteilen f\u00fcr Kugelschieber\" \/>\n<meta property=\"og:description\" content=\"Castinox ist eine auf die Herstellung von Gussteilen und Komponenten f\u00fcr Kugelschieber spezialisierte Edelstahlgie\u00dferei. Kontaktieren Sie uns.\" \/>\n<meta property=\"og:url\" content=\"https:\/\/www.castinox.net\/de\/ventilgussteile\/fur-flussigkeiten\/kugel\/\" \/>\n<meta property=\"og:site_name\" content=\"Stainless steel foundry in Amurrio - Alava\" \/>\n<meta property=\"article:modified_time\" content=\"2016-05-12T07:11:11+00:00\" \/>\n<meta name=\"twitter:label1\" content=\"Gesch\u00e4tzte Lesezeit\" \/>\n\t<meta name=\"twitter:data1\" content=\"1\u00a0Minute\" \/>\n<script type=\"application\/ld+json\" class=\"yoast-schema-graph\">{\"@context\":\"https:\/\/schema.org\",\"@graph\":[{\"@type\":\"WebPage\",\"@id\":\"https:\/\/www.castinox.net\/de\/ventilgussteile\/fur-flussigkeiten\/kugel\/\",\"url\":\"https:\/\/www.castinox.net\/de\/ventilgussteile\/fur-flussigkeiten\/kugel\/\",\"name\":\"Herstellung von Gussteilen f\u00fcr Kugelschieber\",\"isPartOf\":{\"@id\":\"https:\/\/www.castinox.net\/#website\"},\"datePublished\":\"2016-04-12T09:52:31+00:00\",\"dateModified\":\"2016-05-12T07:11:11+00:00\",\"description\":\"Castinox ist eine auf die Herstellung von Gussteilen und Komponenten f\u00fcr Kugelschieber spezialisierte Edelstahlgie\u00dferei. Kontaktieren Sie uns.\",\"breadcrumb\":{\"@id\":\"https:\/\/www.castinox.net\/de\/ventilgussteile\/fur-flussigkeiten\/kugel\/#breadcrumb\"},\"inLanguage\":\"de\",\"potentialAction\":[{\"@type\":\"ReadAction\",\"target\":[\"https:\/\/www.castinox.net\/de\/ventilgussteile\/fur-flussigkeiten\/kugel\/\"]}]},{\"@type\":\"BreadcrumbList\",\"@id\":\"https:\/\/www.castinox.net\/de\/ventilgussteile\/fur-flussigkeiten\/kugel\/#breadcrumb\",\"itemListElement\":[{\"@type\":\"ListItem\",\"position\":1,\"name\":\"Ventilgussteile\",\"item\":\"https:\/\/www.castinox.net\/de\/ventilgussteile\/\"},{\"@type\":\"ListItem\",\"position\":2,\"name\":\"Ventile f\u00fcr Fl\u00fcssigkeiten\",\"item\":\"https:\/\/www.castinox.net\/de\/ventilgussteile\/fur-flussigkeiten\/\"},{\"@type\":\"ListItem\",\"position\":3,\"name\":\"Kugelschieber\"}]},{\"@type\":\"WebSite\",\"@id\":\"https:\/\/www.castinox.net\/#website\",\"url\":\"https:\/\/www.castinox.net\/\",\"name\":\"Stainless steel foundry in Amurrio - Alava\",\"description\":\"\",\"potentialAction\":[{\"@type\":\"SearchAction\",\"target\":{\"@type\":\"EntryPoint\",\"urlTemplate\":\"https:\/\/www.castinox.net\/?s={search_term_string}\"},\"query-input\":{\"@type\":\"PropertyValueSpecification\",\"valueRequired\":true,\"valueName\":\"search_term_string\"}}],\"inLanguage\":\"de\"}]}<\/script>\n<!-- \/ Yoast SEO plugin. -->","yoast_head_json":{"title":"Herstellung von Gussteilen f\u00fcr Kugelschieber","description":"Castinox ist eine auf die Herstellung von Gussteilen und Komponenten f\u00fcr Kugelschieber spezialisierte Edelstahlgie\u00dferei. Kontaktieren Sie uns.","robots":{"index":"index","follow":"follow","max-snippet":"max-snippet:-1","max-image-preview":"max-image-preview:large","max-video-preview":"max-video-preview:-1"},"canonical":"https:\/\/www.castinox.net\/de\/ventilgussteile\/fur-flussigkeiten\/kugel\/","og_locale":"de_DE","og_type":"article","og_title":"Herstellung von Gussteilen f\u00fcr Kugelschieber","og_description":"Castinox ist eine auf die Herstellung von Gussteilen und Komponenten f\u00fcr Kugelschieber spezialisierte Edelstahlgie\u00dferei. Kontaktieren Sie uns.","og_url":"https:\/\/www.castinox.net\/de\/ventilgussteile\/fur-flussigkeiten\/kugel\/","og_site_name":"Stainless steel foundry in Amurrio - Alava","article_modified_time":"2016-05-12T07:11:11+00:00","twitter_misc":{"Gesch\u00e4tzte Lesezeit":"1\u00a0Minute"},"schema":{"@context":"https:\/\/schema.org","@graph":[{"@type":"WebPage","@id":"https:\/\/www.castinox.net\/de\/ventilgussteile\/fur-flussigkeiten\/kugel\/","url":"https:\/\/www.castinox.net\/de\/ventilgussteile\/fur-flussigkeiten\/kugel\/","name":"Herstellung von Gussteilen f\u00fcr Kugelschieber","isPartOf":{"@id":"https:\/\/www.castinox.net\/#website"},"datePublished":"2016-04-12T09:52:31+00:00","dateModified":"2016-05-12T07:11:11+00:00","description":"Castinox ist eine auf die Herstellung von Gussteilen und Komponenten f\u00fcr Kugelschieber spezialisierte Edelstahlgie\u00dferei. Kontaktieren Sie uns.","breadcrumb":{"@id":"https:\/\/www.castinox.net\/de\/ventilgussteile\/fur-flussigkeiten\/kugel\/#breadcrumb"},"inLanguage":"de","potentialAction":[{"@type":"ReadAction","target":["https:\/\/www.castinox.net\/de\/ventilgussteile\/fur-flussigkeiten\/kugel\/"]}]},{"@type":"BreadcrumbList","@id":"https:\/\/www.castinox.net\/de\/ventilgussteile\/fur-flussigkeiten\/kugel\/#breadcrumb","itemListElement":[{"@type":"ListItem","position":1,"name":"Ventilgussteile","item":"https:\/\/www.castinox.net\/de\/ventilgussteile\/"},{"@type":"ListItem","position":2,"name":"Ventile f\u00fcr Fl\u00fcssigkeiten","item":"https:\/\/www.castinox.net\/de\/ventilgussteile\/fur-flussigkeiten\/"},{"@type":"ListItem","position":3,"name":"Kugelschieber"}]},{"@type":"WebSite","@id":"https:\/\/www.castinox.net\/#website","url":"https:\/\/www.castinox.net\/","name":"Stainless steel foundry in Amurrio - Alava","description":"","potentialAction":[{"@type":"SearchAction","target":{"@type":"EntryPoint","urlTemplate":"https:\/\/www.castinox.net\/?s={search_term_string}"},"query-input":{"@type":"PropertyValueSpecification","valueRequired":true,"valueName":"search_term_string"}}],"inLanguage":"de"}]}},"_links":{"self":[{"href":"https:\/\/www.castinox.net\/de\/wp-json\/wp\/v2\/pages\/2422","targetHints":{"allow":["GET"]}}],"collection":[{"href":"https:\/\/www.castinox.net\/de\/wp-json\/wp\/v2\/pages"}],"about":[{"href":"https:\/\/www.castinox.net\/de\/wp-json\/wp\/v2\/types\/page"}],"author":[{"embeddable":true,"href":"https:\/\/www.castinox.net\/de\/wp-json\/wp\/v2\/users\/1"}],"replies":[{"embeddable":true,"href":"https:\/\/www.castinox.net\/de\/wp-json\/wp\/v2\/comments?post=2422"}],"version-history":[{"count":0,"href":"https:\/\/www.castinox.net\/de\/wp-json\/wp\/v2\/pages\/2422\/revisions"}],"up":[{"embeddable":true,"href":"https:\/\/www.castinox.net\/de\/wp-json\/wp\/v2\/pages\/2418"}],"wp:attachment":[{"href":"https:\/\/www.castinox.net\/de\/wp-json\/wp\/v2\/media?parent=2422"}],"curies":[{"name":"wp","href":"https:\/\/api.w.org\/{rel}","templated":true}]}}