{"id":2424,"date":"2016-04-12T11:58:25","date_gmt":"2016-04-12T09:58:25","guid":{"rendered":"https:\/\/www.castinox.net\/?page_id=2424"},"modified":"2016-05-12T09:14:56","modified_gmt":"2016-05-12T07:14:56","slug":"kugelhahne","status":"publish","type":"page","link":"https:\/\/www.castinox.net\/de\/ventilgussteile\/fur-flussigkeiten\/kugelhahne\/","title":{"rendered":"Kugelh\u00e4hne"},"content":{"rendered":"<h2>Fertigung von Komponenten f\u00fcr Kugelh\u00e4hne<\/h2>\n<p>Der <strong>Kugelhahn<\/strong> ist eine Art von <strong>Zellenradschleuse<\/strong>, die sich dadurch charakterisiert, dass sie den Fl\u00fcssigkeitsdurchfluss durch eine mit einer schr\u00e4gen<strong> Durchgangsbohrung<\/strong> versehene  Kugel erm\u00f6glicht. Die Drehung dieser Kugel regelt das \u00d6ffnen und Schlie\u00dfen des Ventils, wobei der Mechanismus von der Fl\u00fcssigkeit bestimmt wird. Solche Ventile sind nicht f\u00fcr Teilantriebe ausgelegt, das hei\u00dft, sie m\u00fcssen ausschlie\u00dflich dazu verwendet werden, den <strong>Durchfluss von Gas oder Fl\u00fcssigkeit <\/strong>zu erm\u00f6glichen oder zu verhindern.<\/p>\n<p>Kugelh\u00e4hne, die auch als <strong>Schnellschluss- oder Kugelventile<\/strong> bekannt sind, k\u00f6nnen je nach den Kugelanschl\u00fcssen in der Anzahl der Wege variieren. <\/p>\n<div class=\"gap\" style=\"height: 20px;\"><\/div>\n<p><img decoding=\"async\" src=\"https:\/\/www.castinox.net\/imagenes\/castinox-valvula-de-bola.jpg\" alt=\"Kugel-h\u00e4hne\" width=\"550\" class=\"aligncenter size-full wp-image-1863\" srcset=\"https:\/\/www.castinox.net\/imagenes\/castinox-valvula-de-bola.jpg 640w, https:\/\/www.castinox.net\/imagenes\/castinox-valvula-de-bola-300x180.jpg 300w\" sizes=\"(max-width: 640px) 100vw, 640px\" \/> <\/p>\n<div class=\"gap\" style=\"height: 20px;\"><\/div>\n<h3 class=\"title\"><span>Castinox ist ein Hersteller von <strong>Gussteilen f\u00fcr Kugelh\u00e4hne<\/strong>:<\/span><\/h3>\n<ul>\n<li>Geh\u00e4use<\/li>\n<li>Kugeln<\/li>\n<li>Spulen<\/li>\n<li>Flansche<\/li>\n<\/ul>\n<div class=\"gap\" style=\"height: 15px;\"><\/div>\n<p><a class=\" button alternative-1 medium\" href=\"https:\/\/www.castinox.net\/de\/kontakt\/\" rel=\"slides[buttonlightbox]\"><i class=\"icon-share-alt\"><\/i>Kostenvorschlag anfordern<\/a><\/p>\n","protected":false},"excerpt":{"rendered":"<p>Fertigung von Komponenten f\u00fcr Kugelh\u00e4hne Der Kugelhahn ist eine Art von Zellenradschleuse, die sich dadurch charakterisiert, dass sie den Fl\u00fcssigkeitsdurchfluss durch eine mit einer schr\u00e4gen Durchgangsbohrung versehene Kugel erm\u00f6glicht. Die\u2026 <a href=\"https:\/\/www.castinox.net\/de\/ventilgussteile\/fur-flussigkeiten\/kugelhahne\/\" class=\"read-more-link\">leer m\u00e1s &rarr;<\/a><\/p>\n","protected":false},"author":1,"featured_media":0,"parent":2418,"menu_order":0,"comment_status":"open","ping_status":"open","template":"","meta":{"footnotes":""},"class_list":["post-2424","page","type-page","status-publish","hentry"],"yoast_head":"<!-- This site is optimized with the Yoast SEO plugin v27.1.1 - https:\/\/yoast.com\/product\/yoast-seo-wordpress\/ -->\n<title>Herstellung von Gussteilen f\u00fcr Kugelarmaturen<\/title>\n<meta name=\"description\" content=\"Castinox ist eine auf die Herstellung von Gussteilen und Komponenten f\u00fcr Kugelh\u00e4hne oder Kegelventile spezialisierte Edelstahlgie\u00dferei. Fordern Sie einen Kostenvorschlag an.\" \/>\n<meta name=\"robots\" content=\"index, follow, max-snippet:-1, max-image-preview:large, max-video-preview:-1\" \/>\n<link rel=\"canonical\" href=\"https:\/\/www.castinox.net\/de\/ventilgussteile\/fur-flussigkeiten\/kugelhahne\/\" \/>\n<meta property=\"og:locale\" content=\"de_DE\" \/>\n<meta property=\"og:type\" content=\"article\" \/>\n<meta property=\"og:title\" content=\"Herstellung von Gussteilen f\u00fcr Kugelarmaturen\" \/>\n<meta property=\"og:description\" content=\"Castinox ist eine auf die Herstellung von Gussteilen und Komponenten f\u00fcr Kugelh\u00e4hne oder Kegelventile spezialisierte Edelstahlgie\u00dferei. Fordern Sie einen Kostenvorschlag an.\" \/>\n<meta property=\"og:url\" content=\"https:\/\/www.castinox.net\/de\/ventilgussteile\/fur-flussigkeiten\/kugelhahne\/\" \/>\n<meta property=\"og:site_name\" content=\"Stainless steel foundry in Amurrio - Alava\" \/>\n<meta property=\"article:modified_time\" content=\"2016-05-12T07:14:56+00:00\" \/>\n<meta property=\"og:image\" content=\"https:\/\/www.castinox.net\/imagenes\/castinox-valvula-de-bola.jpg\" \/>\n<meta name=\"twitter:label1\" content=\"Gesch\u00e4tzte Lesezeit\" \/>\n\t<meta name=\"twitter:data1\" content=\"1\u00a0Minute\" \/>\n<script type=\"application\/ld+json\" class=\"yoast-schema-graph\">{\"@context\":\"https:\/\/schema.org\",\"@graph\":[{\"@type\":\"WebPage\",\"@id\":\"https:\/\/www.castinox.net\/de\/ventilgussteile\/fur-flussigkeiten\/kugelhahne\/\",\"url\":\"https:\/\/www.castinox.net\/de\/ventilgussteile\/fur-flussigkeiten\/kugelhahne\/\",\"name\":\"Herstellung von Gussteilen f\u00fcr Kugelarmaturen\",\"isPartOf\":{\"@id\":\"https:\/\/www.castinox.net\/#website\"},\"primaryImageOfPage\":{\"@id\":\"https:\/\/www.castinox.net\/de\/ventilgussteile\/fur-flussigkeiten\/kugelhahne\/#primaryimage\"},\"image\":{\"@id\":\"https:\/\/www.castinox.net\/de\/ventilgussteile\/fur-flussigkeiten\/kugelhahne\/#primaryimage\"},\"thumbnailUrl\":\"https:\/\/www.castinox.net\/imagenes\/castinox-valvula-de-bola.jpg\",\"datePublished\":\"2016-04-12T09:58:25+00:00\",\"dateModified\":\"2016-05-12T07:14:56+00:00\",\"description\":\"Castinox ist eine auf die Herstellung von Gussteilen und Komponenten f\u00fcr Kugelh\u00e4hne oder Kegelventile spezialisierte Edelstahlgie\u00dferei. Fordern Sie einen Kostenvorschlag an.\",\"breadcrumb\":{\"@id\":\"https:\/\/www.castinox.net\/de\/ventilgussteile\/fur-flussigkeiten\/kugelhahne\/#breadcrumb\"},\"inLanguage\":\"de\",\"potentialAction\":[{\"@type\":\"ReadAction\",\"target\":[\"https:\/\/www.castinox.net\/de\/ventilgussteile\/fur-flussigkeiten\/kugelhahne\/\"]}]},{\"@type\":\"ImageObject\",\"inLanguage\":\"de\",\"@id\":\"https:\/\/www.castinox.net\/de\/ventilgussteile\/fur-flussigkeiten\/kugelhahne\/#primaryimage\",\"url\":\"https:\/\/www.castinox.net\/imagenes\/castinox-valvula-de-bola.jpg\",\"contentUrl\":\"https:\/\/www.castinox.net\/imagenes\/castinox-valvula-de-bola.jpg\"},{\"@type\":\"BreadcrumbList\",\"@id\":\"https:\/\/www.castinox.net\/de\/ventilgussteile\/fur-flussigkeiten\/kugelhahne\/#breadcrumb\",\"itemListElement\":[{\"@type\":\"ListItem\",\"position\":1,\"name\":\"Ventilgussteile\",\"item\":\"https:\/\/www.castinox.net\/de\/ventilgussteile\/\"},{\"@type\":\"ListItem\",\"position\":2,\"name\":\"Ventile f\u00fcr Fl\u00fcssigkeiten\",\"item\":\"https:\/\/www.castinox.net\/de\/ventilgussteile\/fur-flussigkeiten\/\"},{\"@type\":\"ListItem\",\"position\":3,\"name\":\"Kugelh\u00e4hne\"}]},{\"@type\":\"WebSite\",\"@id\":\"https:\/\/www.castinox.net\/#website\",\"url\":\"https:\/\/www.castinox.net\/\",\"name\":\"Stainless steel foundry in Amurrio - Alava\",\"description\":\"\",\"potentialAction\":[{\"@type\":\"SearchAction\",\"target\":{\"@type\":\"EntryPoint\",\"urlTemplate\":\"https:\/\/www.castinox.net\/?s={search_term_string}\"},\"query-input\":{\"@type\":\"PropertyValueSpecification\",\"valueRequired\":true,\"valueName\":\"search_term_string\"}}],\"inLanguage\":\"de\"}]}<\/script>\n<!-- \/ Yoast SEO plugin. -->","yoast_head_json":{"title":"Herstellung von Gussteilen f\u00fcr Kugelarmaturen","description":"Castinox ist eine auf die Herstellung von Gussteilen und Komponenten f\u00fcr Kugelh\u00e4hne oder Kegelventile spezialisierte Edelstahlgie\u00dferei. Fordern Sie einen Kostenvorschlag an.","robots":{"index":"index","follow":"follow","max-snippet":"max-snippet:-1","max-image-preview":"max-image-preview:large","max-video-preview":"max-video-preview:-1"},"canonical":"https:\/\/www.castinox.net\/de\/ventilgussteile\/fur-flussigkeiten\/kugelhahne\/","og_locale":"de_DE","og_type":"article","og_title":"Herstellung von Gussteilen f\u00fcr Kugelarmaturen","og_description":"Castinox ist eine auf die Herstellung von Gussteilen und Komponenten f\u00fcr Kugelh\u00e4hne oder Kegelventile spezialisierte Edelstahlgie\u00dferei. Fordern Sie einen Kostenvorschlag an.","og_url":"https:\/\/www.castinox.net\/de\/ventilgussteile\/fur-flussigkeiten\/kugelhahne\/","og_site_name":"Stainless steel foundry in Amurrio - Alava","article_modified_time":"2016-05-12T07:14:56+00:00","og_image":[{"url":"https:\/\/www.castinox.net\/imagenes\/castinox-valvula-de-bola.jpg","type":"","width":"","height":""}],"twitter_misc":{"Gesch\u00e4tzte Lesezeit":"1\u00a0Minute"},"schema":{"@context":"https:\/\/schema.org","@graph":[{"@type":"WebPage","@id":"https:\/\/www.castinox.net\/de\/ventilgussteile\/fur-flussigkeiten\/kugelhahne\/","url":"https:\/\/www.castinox.net\/de\/ventilgussteile\/fur-flussigkeiten\/kugelhahne\/","name":"Herstellung von Gussteilen f\u00fcr Kugelarmaturen","isPartOf":{"@id":"https:\/\/www.castinox.net\/#website"},"primaryImageOfPage":{"@id":"https:\/\/www.castinox.net\/de\/ventilgussteile\/fur-flussigkeiten\/kugelhahne\/#primaryimage"},"image":{"@id":"https:\/\/www.castinox.net\/de\/ventilgussteile\/fur-flussigkeiten\/kugelhahne\/#primaryimage"},"thumbnailUrl":"https:\/\/www.castinox.net\/imagenes\/castinox-valvula-de-bola.jpg","datePublished":"2016-04-12T09:58:25+00:00","dateModified":"2016-05-12T07:14:56+00:00","description":"Castinox ist eine auf die Herstellung von Gussteilen und Komponenten f\u00fcr Kugelh\u00e4hne oder Kegelventile spezialisierte Edelstahlgie\u00dferei. Fordern Sie einen Kostenvorschlag an.","breadcrumb":{"@id":"https:\/\/www.castinox.net\/de\/ventilgussteile\/fur-flussigkeiten\/kugelhahne\/#breadcrumb"},"inLanguage":"de","potentialAction":[{"@type":"ReadAction","target":["https:\/\/www.castinox.net\/de\/ventilgussteile\/fur-flussigkeiten\/kugelhahne\/"]}]},{"@type":"ImageObject","inLanguage":"de","@id":"https:\/\/www.castinox.net\/de\/ventilgussteile\/fur-flussigkeiten\/kugelhahne\/#primaryimage","url":"https:\/\/www.castinox.net\/imagenes\/castinox-valvula-de-bola.jpg","contentUrl":"https:\/\/www.castinox.net\/imagenes\/castinox-valvula-de-bola.jpg"},{"@type":"BreadcrumbList","@id":"https:\/\/www.castinox.net\/de\/ventilgussteile\/fur-flussigkeiten\/kugelhahne\/#breadcrumb","itemListElement":[{"@type":"ListItem","position":1,"name":"Ventilgussteile","item":"https:\/\/www.castinox.net\/de\/ventilgussteile\/"},{"@type":"ListItem","position":2,"name":"Ventile f\u00fcr Fl\u00fcssigkeiten","item":"https:\/\/www.castinox.net\/de\/ventilgussteile\/fur-flussigkeiten\/"},{"@type":"ListItem","position":3,"name":"Kugelh\u00e4hne"}]},{"@type":"WebSite","@id":"https:\/\/www.castinox.net\/#website","url":"https:\/\/www.castinox.net\/","name":"Stainless steel foundry in Amurrio - Alava","description":"","potentialAction":[{"@type":"SearchAction","target":{"@type":"EntryPoint","urlTemplate":"https:\/\/www.castinox.net\/?s={search_term_string}"},"query-input":{"@type":"PropertyValueSpecification","valueRequired":true,"valueName":"search_term_string"}}],"inLanguage":"de"}]}},"_links":{"self":[{"href":"https:\/\/www.castinox.net\/de\/wp-json\/wp\/v2\/pages\/2424","targetHints":{"allow":["GET"]}}],"collection":[{"href":"https:\/\/www.castinox.net\/de\/wp-json\/wp\/v2\/pages"}],"about":[{"href":"https:\/\/www.castinox.net\/de\/wp-json\/wp\/v2\/types\/page"}],"author":[{"embeddable":true,"href":"https:\/\/www.castinox.net\/de\/wp-json\/wp\/v2\/users\/1"}],"replies":[{"embeddable":true,"href":"https:\/\/www.castinox.net\/de\/wp-json\/wp\/v2\/comments?post=2424"}],"version-history":[{"count":0,"href":"https:\/\/www.castinox.net\/de\/wp-json\/wp\/v2\/pages\/2424\/revisions"}],"up":[{"embeddable":true,"href":"https:\/\/www.castinox.net\/de\/wp-json\/wp\/v2\/pages\/2418"}],"wp:attachment":[{"href":"https:\/\/www.castinox.net\/de\/wp-json\/wp\/v2\/media?parent=2424"}],"curies":[{"name":"wp","href":"https:\/\/api.w.org\/{rel}","templated":true}]}}