{"id":2447,"date":"2016-04-12T14:28:23","date_gmt":"2016-04-12T12:28:23","guid":{"rendered":"https:\/\/www.castinox.net\/?page_id=2447"},"modified":"2016-05-16T12:02:34","modified_gmt":"2016-05-16T10:02:34","slug":"industrie-teileeisenbahn-branche","status":"publish","type":"page","link":"https:\/\/www.castinox.net\/de\/produkte\/industrie-teile\/industrie-teileeisenbahn-branche\/","title":{"rendered":"Eisenbahnbranche"},"content":{"rendered":"<h2>Gussteile und Komponenten f\u00fcr die Eisenbahnindustrie<\/h2>\n<p><img loading=\"lazy\" decoding=\"async\" class=\"alignnone size-full wp-image-911\" src=\"https:\/\/www.castinox.net\/imagenes\/piezas-sector-ferroviario.jpg\" alt=\"Gussteile-Eisenbahn-Branche\" width=\"640\" height=\"274\" srcset=\"https:\/\/www.castinox.net\/imagenes\/piezas-sector-ferroviario.jpg 640w, https:\/\/www.castinox.net\/imagenes\/piezas-sector-ferroviario-300x128.jpg 300w\" sizes=\"auto, (max-width: 640px) 100vw, 640px\" \/><\/p>\n<p>Castinox fertigt<strong> Komponenten und Gussteile f\u00fcr die Eisenbahnindustrie<\/strong>.\u00a0Mit mehr als 20 Jahren Erfahrung im <strong>Bereich Edelstahlguss und hochfeste Sonderlegierungen<\/strong>\u00a0sind wir spezialisiert auf die <strong>Herstellung von Dehnungsfugen<\/strong> f\u00fcr die Eisenbahnbranche.<\/p>\n<p>Castinox fertigt Komponenten und Gussteile f\u00fcr die Eisenbahnindustrie.<\/p>\n<div class=\"gap\" style=\"height: 15px;\"><\/div>\n<h3 class=\"title\"><span>Castinox fertigt:<\/span><\/h3>\n<h4>Industriekomponenten<\/h4>\n<ul>\n<li>Bewegungsfugen<\/li>\n<\/ul>\n<div class=\"gap\" style=\"height: 20px;\"><\/div>\n<h3 class=\"title\"><span>Materialien der Gussteile in der Eisenbahnbranche<\/span><\/h3>\n<p>Castinox ist spezialisiert auf die Herstellung jeglicher Art von <strong>Gussteilen mit den besten Edelst\u00e4hlen und Sonderlegierungen<\/strong>. F\u00fcr die <strong>Eisenbahnindustrie <\/strong>fertigen wir mit:<\/p>\n<ul>\n<li><a href=\"https:\/\/www.castinox.net\/de\/materialien\/rostfreier-edelstahl\/austenitische-stahle\/\">Austenitischem Stahl<\/a><\/li>\n<\/ul>\n<div class=\"gap\" style=\"height: 20px;\"><\/div>\n<p><a class=\" button alternative-1 medium\" href=\"https:\/\/www.castinox.net\/de\/kontakt\/\" rel=\"slides[buttonlightbox]\"><i class=\"icon-share-alt\"><\/i>Kostenvorschlag anfordern<\/a><\/p>\n","protected":false},"excerpt":{"rendered":"<p>Gussteile und Komponenten f\u00fcr die Eisenbahnindustrie Castinox fertigt Komponenten und Gussteile f\u00fcr die Eisenbahnindustrie.\u00a0Mit mehr als 20 Jahren Erfahrung im Bereich Edelstahlguss und hochfeste Sonderlegierungen\u00a0sind wir spezialisiert auf die Herstellung\u2026 <a href=\"https:\/\/www.castinox.net\/de\/produkte\/industrie-teile\/industrie-teileeisenbahn-branche\/\" class=\"read-more-link\">leer m\u00e1s &rarr;<\/a><\/p>\n","protected":false},"author":1,"featured_media":0,"parent":2439,"menu_order":0,"comment_status":"open","ping_status":"open","template":"","meta":{"footnotes":""},"class_list":["post-2447","page","type-page","status-publish","hentry"],"yoast_head":"<!-- This site is optimized with the Yoast SEO plugin v27.1.1 - https:\/\/yoast.com\/product\/yoast-seo-wordpress\/ -->\n<title>Gussteile f\u00fcr die Eisenbahnindustrie und Bewegungsfugen<\/title>\n<meta name=\"description\" content=\"Fertigung von Gussteilen f\u00fcr die Eisenbahnindustrie und Bewegungsfugen Hochwertige Materialien: Edelst\u00e4hle und Sonderlegierungen.\" \/>\n<meta name=\"robots\" content=\"index, follow, max-snippet:-1, max-image-preview:large, max-video-preview:-1\" \/>\n<link rel=\"canonical\" href=\"https:\/\/www.castinox.net\/de\/produkte\/industrie-teile\/industrie-teileeisenbahn-branche\/\" \/>\n<meta property=\"og:locale\" content=\"de_DE\" \/>\n<meta property=\"og:type\" content=\"article\" \/>\n<meta property=\"og:title\" content=\"Gussteile f\u00fcr die Eisenbahnindustrie und Bewegungsfugen\" \/>\n<meta property=\"og:description\" content=\"Fertigung von Gussteilen f\u00fcr die Eisenbahnindustrie und Bewegungsfugen Hochwertige Materialien: Edelst\u00e4hle und Sonderlegierungen.\" \/>\n<meta property=\"og:url\" content=\"https:\/\/www.castinox.net\/de\/produkte\/industrie-teile\/industrie-teileeisenbahn-branche\/\" \/>\n<meta property=\"og:site_name\" content=\"Stainless steel foundry in Amurrio - Alava\" \/>\n<meta property=\"article:modified_time\" content=\"2016-05-16T10:02:34+00:00\" \/>\n<meta property=\"og:image\" content=\"https:\/\/www.castinox.net\/imagenes\/piezas-sector-ferroviario.jpg\" \/>\n<meta name=\"twitter:label1\" content=\"Gesch\u00e4tzte Lesezeit\" \/>\n\t<meta name=\"twitter:data1\" content=\"1\u00a0Minute\" \/>\n<script type=\"application\/ld+json\" class=\"yoast-schema-graph\">{\"@context\":\"https:\/\/schema.org\",\"@graph\":[{\"@type\":\"WebPage\",\"@id\":\"https:\/\/www.castinox.net\/de\/produkte\/industrie-teile\/industrie-teileeisenbahn-branche\/\",\"url\":\"https:\/\/www.castinox.net\/de\/produkte\/industrie-teile\/industrie-teileeisenbahn-branche\/\",\"name\":\"Gussteile f\u00fcr die Eisenbahnindustrie und Bewegungsfugen\",\"isPartOf\":{\"@id\":\"https:\/\/www.castinox.net\/#website\"},\"primaryImageOfPage\":{\"@id\":\"https:\/\/www.castinox.net\/de\/produkte\/industrie-teile\/industrie-teileeisenbahn-branche\/#primaryimage\"},\"image\":{\"@id\":\"https:\/\/www.castinox.net\/de\/produkte\/industrie-teile\/industrie-teileeisenbahn-branche\/#primaryimage\"},\"thumbnailUrl\":\"https:\/\/www.castinox.net\/imagenes\/piezas-sector-ferroviario.jpg\",\"datePublished\":\"2016-04-12T12:28:23+00:00\",\"dateModified\":\"2016-05-16T10:02:34+00:00\",\"description\":\"Fertigung von Gussteilen f\u00fcr die Eisenbahnindustrie und Bewegungsfugen Hochwertige Materialien: Edelst\u00e4hle und Sonderlegierungen.\",\"breadcrumb\":{\"@id\":\"https:\/\/www.castinox.net\/de\/produkte\/industrie-teile\/industrie-teileeisenbahn-branche\/#breadcrumb\"},\"inLanguage\":\"de\",\"potentialAction\":[{\"@type\":\"ReadAction\",\"target\":[\"https:\/\/www.castinox.net\/de\/produkte\/industrie-teile\/industrie-teileeisenbahn-branche\/\"]}]},{\"@type\":\"ImageObject\",\"inLanguage\":\"de\",\"@id\":\"https:\/\/www.castinox.net\/de\/produkte\/industrie-teile\/industrie-teileeisenbahn-branche\/#primaryimage\",\"url\":\"https:\/\/www.castinox.net\/imagenes\/piezas-sector-ferroviario.jpg\",\"contentUrl\":\"https:\/\/www.castinox.net\/imagenes\/piezas-sector-ferroviario.jpg\"},{\"@type\":\"BreadcrumbList\",\"@id\":\"https:\/\/www.castinox.net\/de\/produkte\/industrie-teile\/industrie-teileeisenbahn-branche\/#breadcrumb\",\"itemListElement\":[{\"@type\":\"ListItem\",\"position\":1,\"name\":\"Produkte\",\"item\":\"https:\/\/www.castinox.net\/de\/produkte\/\"},{\"@type\":\"ListItem\",\"position\":2,\"name\":\"Andere Industrieteile\",\"item\":\"https:\/\/www.castinox.net\/de\/produkte\/industrie-teile\/\"},{\"@type\":\"ListItem\",\"position\":3,\"name\":\"Eisenbahnbranche\"}]},{\"@type\":\"WebSite\",\"@id\":\"https:\/\/www.castinox.net\/#website\",\"url\":\"https:\/\/www.castinox.net\/\",\"name\":\"Stainless steel foundry in Amurrio - Alava\",\"description\":\"\",\"potentialAction\":[{\"@type\":\"SearchAction\",\"target\":{\"@type\":\"EntryPoint\",\"urlTemplate\":\"https:\/\/www.castinox.net\/?s={search_term_string}\"},\"query-input\":{\"@type\":\"PropertyValueSpecification\",\"valueRequired\":true,\"valueName\":\"search_term_string\"}}],\"inLanguage\":\"de\"}]}<\/script>\n<!-- \/ Yoast SEO plugin. -->","yoast_head_json":{"title":"Gussteile f\u00fcr die Eisenbahnindustrie und Bewegungsfugen","description":"Fertigung von Gussteilen f\u00fcr die Eisenbahnindustrie und Bewegungsfugen Hochwertige Materialien: Edelst\u00e4hle und Sonderlegierungen.","robots":{"index":"index","follow":"follow","max-snippet":"max-snippet:-1","max-image-preview":"max-image-preview:large","max-video-preview":"max-video-preview:-1"},"canonical":"https:\/\/www.castinox.net\/de\/produkte\/industrie-teile\/industrie-teileeisenbahn-branche\/","og_locale":"de_DE","og_type":"article","og_title":"Gussteile f\u00fcr die Eisenbahnindustrie und Bewegungsfugen","og_description":"Fertigung von Gussteilen f\u00fcr die Eisenbahnindustrie und Bewegungsfugen Hochwertige Materialien: Edelst\u00e4hle und Sonderlegierungen.","og_url":"https:\/\/www.castinox.net\/de\/produkte\/industrie-teile\/industrie-teileeisenbahn-branche\/","og_site_name":"Stainless steel foundry in Amurrio - Alava","article_modified_time":"2016-05-16T10:02:34+00:00","og_image":[{"url":"https:\/\/www.castinox.net\/imagenes\/piezas-sector-ferroviario.jpg","type":"","width":"","height":""}],"twitter_misc":{"Gesch\u00e4tzte Lesezeit":"1\u00a0Minute"},"schema":{"@context":"https:\/\/schema.org","@graph":[{"@type":"WebPage","@id":"https:\/\/www.castinox.net\/de\/produkte\/industrie-teile\/industrie-teileeisenbahn-branche\/","url":"https:\/\/www.castinox.net\/de\/produkte\/industrie-teile\/industrie-teileeisenbahn-branche\/","name":"Gussteile f\u00fcr die Eisenbahnindustrie und Bewegungsfugen","isPartOf":{"@id":"https:\/\/www.castinox.net\/#website"},"primaryImageOfPage":{"@id":"https:\/\/www.castinox.net\/de\/produkte\/industrie-teile\/industrie-teileeisenbahn-branche\/#primaryimage"},"image":{"@id":"https:\/\/www.castinox.net\/de\/produkte\/industrie-teile\/industrie-teileeisenbahn-branche\/#primaryimage"},"thumbnailUrl":"https:\/\/www.castinox.net\/imagenes\/piezas-sector-ferroviario.jpg","datePublished":"2016-04-12T12:28:23+00:00","dateModified":"2016-05-16T10:02:34+00:00","description":"Fertigung von Gussteilen f\u00fcr die Eisenbahnindustrie und Bewegungsfugen Hochwertige Materialien: Edelst\u00e4hle und Sonderlegierungen.","breadcrumb":{"@id":"https:\/\/www.castinox.net\/de\/produkte\/industrie-teile\/industrie-teileeisenbahn-branche\/#breadcrumb"},"inLanguage":"de","potentialAction":[{"@type":"ReadAction","target":["https:\/\/www.castinox.net\/de\/produkte\/industrie-teile\/industrie-teileeisenbahn-branche\/"]}]},{"@type":"ImageObject","inLanguage":"de","@id":"https:\/\/www.castinox.net\/de\/produkte\/industrie-teile\/industrie-teileeisenbahn-branche\/#primaryimage","url":"https:\/\/www.castinox.net\/imagenes\/piezas-sector-ferroviario.jpg","contentUrl":"https:\/\/www.castinox.net\/imagenes\/piezas-sector-ferroviario.jpg"},{"@type":"BreadcrumbList","@id":"https:\/\/www.castinox.net\/de\/produkte\/industrie-teile\/industrie-teileeisenbahn-branche\/#breadcrumb","itemListElement":[{"@type":"ListItem","position":1,"name":"Produkte","item":"https:\/\/www.castinox.net\/de\/produkte\/"},{"@type":"ListItem","position":2,"name":"Andere Industrieteile","item":"https:\/\/www.castinox.net\/de\/produkte\/industrie-teile\/"},{"@type":"ListItem","position":3,"name":"Eisenbahnbranche"}]},{"@type":"WebSite","@id":"https:\/\/www.castinox.net\/#website","url":"https:\/\/www.castinox.net\/","name":"Stainless steel foundry in Amurrio - Alava","description":"","potentialAction":[{"@type":"SearchAction","target":{"@type":"EntryPoint","urlTemplate":"https:\/\/www.castinox.net\/?s={search_term_string}"},"query-input":{"@type":"PropertyValueSpecification","valueRequired":true,"valueName":"search_term_string"}}],"inLanguage":"de"}]}},"_links":{"self":[{"href":"https:\/\/www.castinox.net\/de\/wp-json\/wp\/v2\/pages\/2447","targetHints":{"allow":["GET"]}}],"collection":[{"href":"https:\/\/www.castinox.net\/de\/wp-json\/wp\/v2\/pages"}],"about":[{"href":"https:\/\/www.castinox.net\/de\/wp-json\/wp\/v2\/types\/page"}],"author":[{"embeddable":true,"href":"https:\/\/www.castinox.net\/de\/wp-json\/wp\/v2\/users\/1"}],"replies":[{"embeddable":true,"href":"https:\/\/www.castinox.net\/de\/wp-json\/wp\/v2\/comments?post=2447"}],"version-history":[{"count":0,"href":"https:\/\/www.castinox.net\/de\/wp-json\/wp\/v2\/pages\/2447\/revisions"}],"up":[{"embeddable":true,"href":"https:\/\/www.castinox.net\/de\/wp-json\/wp\/v2\/pages\/2439"}],"wp:attachment":[{"href":"https:\/\/www.castinox.net\/de\/wp-json\/wp\/v2\/media?parent=2447"}],"curies":[{"name":"wp","href":"https:\/\/api.w.org\/{rel}","templated":true}]}}