{"id":2461,"date":"2016-04-13T08:34:22","date_gmt":"2016-04-13T06:34:22","guid":{"rendered":"https:\/\/www.castinox.net\/?page_id=2461"},"modified":"2016-05-12T10:33:25","modified_gmt":"2016-05-12T08:33:25","slug":"martensitischer-stahl","status":"publish","type":"page","link":"https:\/\/www.castinox.net\/de\/materialien\/rostfreier-edelstahl\/martensitischer-stahl\/","title":{"rendered":"Martensitischer Stahl"},"content":{"rendered":"<h2>Martensitischer Stahl<\/h2>\n<p><strong>Martensitischer rostfreier Edelstahl<\/strong> hat einen <strong>mittelhohen Kohlenstoffgehalt (0,1% bis 1,2%) und einen hohen Chromgehalt (12% und 18%)<\/strong>. Der Hauptvorteil dieser Stahlsorte ist ihre hohe Aush\u00e4rtbarkeit, ihre harte, fragile und magnetische Struktur (deren Grad wird von der Kohlenstoffmenge) bestimmt ist. Jedoch k\u00f6nnen der <strong>Festigkeitsgrad und die gew\u00fcnschte H\u00e4rte<\/strong> mittels seiner Zusammensetzung ver\u00e4ndert werden. Eine weitere Besonderheit des martensitischen Stahls ist seine im Vergleich zu anderen rostfreien St\u00e4hlen r<strong>elativ geringe Korrosionsbest\u00e4ndigkeit<\/strong>.<\/p>\n<p>Martensitischer Stahl h\u00e4rtet durch W\u00e4rmebehandlung, durch K\u00fchlen durch <strong>Eintauchen und Tempern<\/strong>. Dieses Verfahren f\u00fchrt zu einer <strong>verbesserten Best\u00e4ndigkeit und Duktilit\u00e4t<\/strong>. Diese Art von Stahl kann in gegl\u00fchtem Zustand verwendet werden, wenn bei leicht erh\u00f6hten Temperaturen nur eine <strong>begrenzte Best\u00e4ndigkeit<\/strong> gegen\u00fcber Korrosion oder anderen Verschmutzungen erforderlich ist. Jedoch wird bei niedriger Temperatur ein <strong>h\u00f6herer Grad an Korrosionsbest\u00e4ndigkeit erreicht<\/strong>.<\/p>\n<div class=\"gap\" style=\"height: 10px;\"><\/div>\n<h3 class=\"title\"><span>Branchen und Gussteile, in denen martensitischer Stahl relevant ist:<\/span><\/h3>\n<p>Bei Castinox ist martensitischer Stahl eines der wichtigsten verwendeten Materialien f\u00fcr die <strong>Energie- und Lebensmittelindustrie<\/strong>. Er wird bei der Herstellung von Komponenten f\u00fcr eine <strong>Vielzahl von Ventilen und Turbinen verwendet<\/strong>, wie beispielsweise:<\/p>\n<div class=\"one_half\">\n<h4>Ventile mit Gussteilen aus martensitischen Stahl<\/h4>\n<ul>\n<li>Klappenteller<\/li>\n<li>Kryogene Kugelschieber<\/li>\n<li>R\u00fcckhalteventile und Absperrschieber<\/li>\n<li>Kugelh\u00e4hne<\/li>\n<li>Messerschieber<\/li>\n<\/ul>\n<\/div>\n<div class=\"one_half last\">\n<h4>Turbinen mit Gussteilen aus martensitischem Stahl<\/h4>\n<ul>\n<li>Kaplan-Turbinen<\/li>\n<li>Pelton-Turbinen<\/li>\n<li>Francis-Turbinen<\/li>\n<\/ul>\n<\/div>\n<div class=\"clear\"><\/div>\n<div class=\"gap\" style=\"height: 10px;\"><\/div>\n<div class=\"tabla\">\n<table border=\"1\" width=\"600\">\n<tbody>\n<tr align=\"center\">\n<th colspan=\"4\">\n<h3>Martensitische rostfreie Edelst\u00e4hle<\/h3>\n<\/th>\n<\/tr>\n<tr align=\"center\">\n<th colspan=\"4\">\n<h4>NORMEN<\/h4>\n<\/th>\n<\/tr>\n<tr>\n<td width=\"150\">SS<\/td>\n<td width=\"150\">ASTM<\/td>\n<td width=\"150\">EN<\/td>\n<td width=\"150\">SONSTIGE<\/td>\n<\/tr>\n<tr>\n<td>2384<\/td>\n<td>CA6NM<\/td>\n<td>1.4313\/1.4317<\/td>\n<td><\/td>\n<\/tr>\n<tr>\n<td><\/td>\n<td>CA6NM_B<\/td>\n<td><\/td>\n<td><\/td>\n<\/tr>\n<tr>\n<td>2387<\/td>\n<td><\/td>\n<td>1.4405<\/td>\n<td><\/td>\n<\/tr>\n<tr>\n<td><\/td>\n<td>CB7Cu_1<\/td>\n<td><\/td>\n<td><\/td>\n<\/tr>\n<tr>\n<td><\/td>\n<td>CB7Cu_2<\/td>\n<td><\/td>\n<td><\/td>\n<\/tr>\n<\/tbody>\n<\/table>\n<\/div>\n<div class=\"gap\" style=\"height: 35px;\"><\/div>\n<p><a class=\" button alternative-1 medium\" href=\"https:\/\/www.castinox.net\/de\/kontakt\/\" rel=\"slides[buttonlightbox]\"><i class=\"icon-share-alt\"><\/i>Kostenvorschlag anfordern<\/a><\/p>\n","protected":false},"excerpt":{"rendered":"<p>Martensitischer Stahl Martensitischer rostfreier Edelstahl hat einen mittelhohen Kohlenstoffgehalt (0,1% bis 1,2%) und einen hohen Chromgehalt (12% und 18%). Der Hauptvorteil dieser Stahlsorte ist ihre hohe Aush\u00e4rtbarkeit, ihre harte, fragile\u2026 <a href=\"https:\/\/www.castinox.net\/de\/materialien\/rostfreier-edelstahl\/martensitischer-stahl\/\" class=\"read-more-link\">leer m\u00e1s &rarr;<\/a><\/p>\n","protected":false},"author":1,"featured_media":0,"parent":2456,"menu_order":0,"comment_status":"open","ping_status":"open","template":"","meta":{"footnotes":""},"class_list":["post-2461","page","type-page","status-publish","hentry"],"yoast_head":"<!-- This site is optimized with the Yoast SEO plugin v27.1.1 - https:\/\/yoast.com\/product\/yoast-seo-wordpress\/ -->\n<title>Martensitische St\u00e4hle und andere Stahlsorten f\u00fcr Armaturen<\/title>\n<meta name=\"description\" content=\"Fundiciones Castinox fertigt Armaturenkomponenten und andere Industrieteile aus martensitischem Stahl. Wir verwenden hochwertige nichtrostende Edelst\u00e4hle.\" \/>\n<meta name=\"robots\" content=\"index, follow, max-snippet:-1, max-image-preview:large, max-video-preview:-1\" \/>\n<link rel=\"canonical\" href=\"https:\/\/www.castinox.net\/de\/materialien\/rostfreier-edelstahl\/martensitischer-stahl\/\" \/>\n<meta property=\"og:locale\" content=\"de_DE\" \/>\n<meta property=\"og:type\" content=\"article\" \/>\n<meta property=\"og:title\" content=\"Martensitische St\u00e4hle und andere Stahlsorten f\u00fcr Armaturen\" \/>\n<meta property=\"og:description\" content=\"Fundiciones Castinox fertigt Armaturenkomponenten und andere Industrieteile aus martensitischem Stahl. Wir verwenden hochwertige nichtrostende Edelst\u00e4hle.\" \/>\n<meta property=\"og:url\" content=\"https:\/\/www.castinox.net\/de\/materialien\/rostfreier-edelstahl\/martensitischer-stahl\/\" \/>\n<meta property=\"og:site_name\" content=\"Stainless steel foundry in Amurrio - Alava\" \/>\n<meta property=\"article:modified_time\" content=\"2016-05-12T08:33:25+00:00\" \/>\n<meta name=\"twitter:label1\" content=\"Gesch\u00e4tzte Lesezeit\" \/>\n\t<meta name=\"twitter:data1\" content=\"1\u00a0Minute\" \/>\n<script type=\"application\/ld+json\" class=\"yoast-schema-graph\">{\"@context\":\"https:\/\/schema.org\",\"@graph\":[{\"@type\":\"WebPage\",\"@id\":\"https:\/\/www.castinox.net\/de\/materialien\/rostfreier-edelstahl\/martensitischer-stahl\/\",\"url\":\"https:\/\/www.castinox.net\/de\/materialien\/rostfreier-edelstahl\/martensitischer-stahl\/\",\"name\":\"Martensitische St\u00e4hle und andere Stahlsorten f\u00fcr Armaturen\",\"isPartOf\":{\"@id\":\"https:\/\/www.castinox.net\/#website\"},\"datePublished\":\"2016-04-13T06:34:22+00:00\",\"dateModified\":\"2016-05-12T08:33:25+00:00\",\"description\":\"Fundiciones Castinox fertigt Armaturenkomponenten und andere Industrieteile aus martensitischem Stahl. Wir verwenden hochwertige nichtrostende Edelst\u00e4hle.\",\"breadcrumb\":{\"@id\":\"https:\/\/www.castinox.net\/de\/materialien\/rostfreier-edelstahl\/martensitischer-stahl\/#breadcrumb\"},\"inLanguage\":\"de\",\"potentialAction\":[{\"@type\":\"ReadAction\",\"target\":[\"https:\/\/www.castinox.net\/de\/materialien\/rostfreier-edelstahl\/martensitischer-stahl\/\"]}]},{\"@type\":\"BreadcrumbList\",\"@id\":\"https:\/\/www.castinox.net\/de\/materialien\/rostfreier-edelstahl\/martensitischer-stahl\/#breadcrumb\",\"itemListElement\":[{\"@type\":\"ListItem\",\"position\":1,\"name\":\"Materialien\",\"item\":\"https:\/\/www.castinox.net\/de\/materialien\/\"},{\"@type\":\"ListItem\",\"position\":2,\"name\":\"Rostfreier Edelstahl\",\"item\":\"https:\/\/www.castinox.net\/de\/materialien\/rostfreier-edelstahl\/\"},{\"@type\":\"ListItem\",\"position\":3,\"name\":\"Martensitischer Stahl\"}]},{\"@type\":\"WebSite\",\"@id\":\"https:\/\/www.castinox.net\/#website\",\"url\":\"https:\/\/www.castinox.net\/\",\"name\":\"Stainless steel foundry in Amurrio - Alava\",\"description\":\"\",\"potentialAction\":[{\"@type\":\"SearchAction\",\"target\":{\"@type\":\"EntryPoint\",\"urlTemplate\":\"https:\/\/www.castinox.net\/?s={search_term_string}\"},\"query-input\":{\"@type\":\"PropertyValueSpecification\",\"valueRequired\":true,\"valueName\":\"search_term_string\"}}],\"inLanguage\":\"de\"}]}<\/script>\n<!-- \/ Yoast SEO plugin. -->","yoast_head_json":{"title":"Martensitische St\u00e4hle und andere Stahlsorten f\u00fcr Armaturen","description":"Fundiciones Castinox fertigt Armaturenkomponenten und andere Industrieteile aus martensitischem Stahl. Wir verwenden hochwertige nichtrostende Edelst\u00e4hle.","robots":{"index":"index","follow":"follow","max-snippet":"max-snippet:-1","max-image-preview":"max-image-preview:large","max-video-preview":"max-video-preview:-1"},"canonical":"https:\/\/www.castinox.net\/de\/materialien\/rostfreier-edelstahl\/martensitischer-stahl\/","og_locale":"de_DE","og_type":"article","og_title":"Martensitische St\u00e4hle und andere Stahlsorten f\u00fcr Armaturen","og_description":"Fundiciones Castinox fertigt Armaturenkomponenten und andere Industrieteile aus martensitischem Stahl. Wir verwenden hochwertige nichtrostende Edelst\u00e4hle.","og_url":"https:\/\/www.castinox.net\/de\/materialien\/rostfreier-edelstahl\/martensitischer-stahl\/","og_site_name":"Stainless steel foundry in Amurrio - Alava","article_modified_time":"2016-05-12T08:33:25+00:00","twitter_misc":{"Gesch\u00e4tzte Lesezeit":"1\u00a0Minute"},"schema":{"@context":"https:\/\/schema.org","@graph":[{"@type":"WebPage","@id":"https:\/\/www.castinox.net\/de\/materialien\/rostfreier-edelstahl\/martensitischer-stahl\/","url":"https:\/\/www.castinox.net\/de\/materialien\/rostfreier-edelstahl\/martensitischer-stahl\/","name":"Martensitische St\u00e4hle und andere Stahlsorten f\u00fcr Armaturen","isPartOf":{"@id":"https:\/\/www.castinox.net\/#website"},"datePublished":"2016-04-13T06:34:22+00:00","dateModified":"2016-05-12T08:33:25+00:00","description":"Fundiciones Castinox fertigt Armaturenkomponenten und andere Industrieteile aus martensitischem Stahl. Wir verwenden hochwertige nichtrostende Edelst\u00e4hle.","breadcrumb":{"@id":"https:\/\/www.castinox.net\/de\/materialien\/rostfreier-edelstahl\/martensitischer-stahl\/#breadcrumb"},"inLanguage":"de","potentialAction":[{"@type":"ReadAction","target":["https:\/\/www.castinox.net\/de\/materialien\/rostfreier-edelstahl\/martensitischer-stahl\/"]}]},{"@type":"BreadcrumbList","@id":"https:\/\/www.castinox.net\/de\/materialien\/rostfreier-edelstahl\/martensitischer-stahl\/#breadcrumb","itemListElement":[{"@type":"ListItem","position":1,"name":"Materialien","item":"https:\/\/www.castinox.net\/de\/materialien\/"},{"@type":"ListItem","position":2,"name":"Rostfreier Edelstahl","item":"https:\/\/www.castinox.net\/de\/materialien\/rostfreier-edelstahl\/"},{"@type":"ListItem","position":3,"name":"Martensitischer Stahl"}]},{"@type":"WebSite","@id":"https:\/\/www.castinox.net\/#website","url":"https:\/\/www.castinox.net\/","name":"Stainless steel foundry in Amurrio - Alava","description":"","potentialAction":[{"@type":"SearchAction","target":{"@type":"EntryPoint","urlTemplate":"https:\/\/www.castinox.net\/?s={search_term_string}"},"query-input":{"@type":"PropertyValueSpecification","valueRequired":true,"valueName":"search_term_string"}}],"inLanguage":"de"}]}},"_links":{"self":[{"href":"https:\/\/www.castinox.net\/de\/wp-json\/wp\/v2\/pages\/2461","targetHints":{"allow":["GET"]}}],"collection":[{"href":"https:\/\/www.castinox.net\/de\/wp-json\/wp\/v2\/pages"}],"about":[{"href":"https:\/\/www.castinox.net\/de\/wp-json\/wp\/v2\/types\/page"}],"author":[{"embeddable":true,"href":"https:\/\/www.castinox.net\/de\/wp-json\/wp\/v2\/users\/1"}],"replies":[{"embeddable":true,"href":"https:\/\/www.castinox.net\/de\/wp-json\/wp\/v2\/comments?post=2461"}],"version-history":[{"count":0,"href":"https:\/\/www.castinox.net\/de\/wp-json\/wp\/v2\/pages\/2461\/revisions"}],"up":[{"embeddable":true,"href":"https:\/\/www.castinox.net\/de\/wp-json\/wp\/v2\/pages\/2456"}],"wp:attachment":[{"href":"https:\/\/www.castinox.net\/de\/wp-json\/wp\/v2\/media?parent=2461"}],"curies":[{"name":"wp","href":"https:\/\/api.w.org\/{rel}","templated":true}]}}