{"id":2484,"date":"2016-04-13T10:11:09","date_gmt":"2016-04-13T08:11:09","guid":{"rendered":"https:\/\/www.castinox.net\/?page_id=2484"},"modified":"2024-06-10T09:48:53","modified_gmt":"2024-06-10T07:48:53","slug":"zertifikate","status":"publish","type":"page","link":"https:\/\/www.castinox.net\/de\/zertifikate\/","title":{"rendered":"Zertifikate"},"content":{"rendered":"<h2>Castinox, eine international zugelassene Gie\u00dferei<\/h2>\n<p>Castinox ist durch verschiedene Pr\u00fcf- und <strong>Ratingagenturen international<\/strong> zugelassen. All diese <strong>Qualit\u00e4tszertifizierungen<\/strong> zeugen vom unserem Engagement qualitativ hochwertige Produkte und Serviceleistungen zu bieten, die nationalen und internationalen Vorschriften f\u00fcr andere Bereiche betreffen, wie in diesem Fall unsere <strong>Verantwortung f\u00fcr die Umwelt<\/strong>.<\/p>\n<div class=\"gap\" style=\"height: 15px;\"><\/div>\n<h3 class=\"title\"><span>Unsere wichtigsten Materialzertifizierungen<\/span><\/h3>\n<p>Unsere Qualit\u00e4tszertifikate schlie\u00dfen unterschiedlichste Fachgebiete und Branchen ein. Die Gefragtesten sind das <strong>Nippon Kaiji Kyokai-Zertifikat<\/strong> f\u00fcr die <strong>Schifffahrtsindustrie<\/strong> und die verschiedenen <strong>Norsok-Zertifikate<\/strong>, die sehr stark gefragt sind in Projekten f\u00fcr Gussteile f\u00fcr <strong>\u00d6l- und Gas<\/strong>.<\/p>\n<div class=\"gap\" style=\"height: 15px;\"><\/div>\n<div class=\"destacado\">\n<div class=\"gap\" style=\"height: 25px;\"><\/div>\n<div class=\"one_fourth\">\n<div class=\"iconbox\"><span class=\"iconbox-ok\"><\/span><\/p>\n<h3>Norsok M-650 Rev5<\/h3>\n<h4><strong>CK3MCuN<\/strong><\/h4>\n<p>ASTM A351<a href=\"https:\/\/www.castinox.net\/imagenes\/QTR-CK3MCuN-Signed-2021-2026_page-0001.jpg\" target=\"_blank\" rel=\"noopener\"><img loading=\"lazy\" decoding=\"async\" class=\"aligncenter wp-image-3910 size-full\" src=\"https:\/\/www.castinox.net\/imagenes\/QTR-CK3MCuN-Signed-2021-2026_page-0001-1.jpg\" alt=\"\" width=\"120\" height=\"170\" \/><\/a><\/p>\n<div class=\"gap\" style=\"height: 10px;\"><\/div>\n<p><a href=\"https:\/\/www.castinox.net\/imagenes\/QTR-CK3MCuN-Signed-2021-2026_page-0001.jpg\" target=\"_blank\" rel=\"noopener\">Mehr sehen \u2192<\/a><\/div>\n<\/div>\n<div class=\"one_fourth\">\n<div class=\"iconbox\"><span class=\"iconbox-ok\"><\/span><\/p>\n<h3>Norsok M-650 2016<\/h3>\n<h4><strong>6A<\/strong><\/h4>\n<p>ASTM A890<a href=\"https:\/\/www.castinox.net\/imagenes\/QTR-6A-Signed-2021-2026_page-0001.jpg\" target=\"_blank\" rel=\"noopener\"><img loading=\"lazy\" decoding=\"async\" class=\"aligncenter wp-image-3902 size-full\" src=\"https:\/\/www.castinox.net\/imagenes\/QTR-6A-Signed-2021-2026_page-0001-1.jpg\" alt=\"\" width=\"120\" height=\"170\" \/><\/a><\/p>\n<div class=\"gap\" style=\"height: 10px;\"><\/div>\n<p><a href=\"https:\/\/www.castinox.net\/imagenes\/QTR-6A-Signed-2021-2026_page-0001.jpg\" target=\"_blank\" rel=\"noopener\">Mehr sehen \u2192<\/a><\/div>\n<\/div>\n<div class=\"one_fourth\">\n<div class=\"iconbox\"><span class=\"iconbox-ok\"><\/span><\/p>\n<h3>Norsok M-650 2016<\/h3>\n<h4><strong>5A<\/strong><\/h4>\n<p>ASTM A890<a href=\"https:\/\/www.castinox.net\/imagenes\/QTR-5A-Signed-2021-2026_page-0001.jpg\" target=\"_blank\" rel=\"noopener\"><img loading=\"lazy\" decoding=\"async\" class=\"aligncenter wp-image-3894 size-full\" src=\"https:\/\/www.castinox.net\/imagenes\/QTR-5A-Signed-2021-2026_page-0001-1.jpg\" alt=\"\" width=\"120\" height=\"170\" \/><\/a><\/p>\n<div class=\"gap\" style=\"height: 10px;\"><\/div>\n<p><a href=\"https:\/\/www.castinox.net\/imagenes\/QTR-5A-Signed-2021-2026_page-0001.jpg\" target=\"_blank\" rel=\"noopener\">Mehr sehen \u2192<\/a><\/div>\n<\/div>\n<div class=\"one_fourth last\">\n<div class=\"iconbox\"><span class=\"iconbox-ok\"><\/span><\/p>\n<h3>Norsok M-650 2016<\/h3>\n<h4><strong>4A<\/strong><\/h4>\n<p>ASTM A890<a href=\"https:\/\/www.castinox.net\/imagenes\/QTR-4A-Signed-2021-2026_page-0001.jpg\" target=\"_blank\" rel=\"noopener\"><img loading=\"lazy\" decoding=\"async\" class=\"aligncenter wp-image-3492 size-full\" src=\"https:\/\/www.castinox.net\/imagenes\/Extension-QTR-No.-01-Rev.-0_page-0001-1_MINI.jpg\" alt=\"ASTM A890\" width=\"120\" height=\"170\" \/><\/a><\/p>\n<div class=\"gap\" style=\"height: 10px;\"><\/div>\n<p><a href=\"https:\/\/www.castinox.net\/imagenes\/QTR-4A-Signed-2021-2026_page-0001.jpg\" target=\"_blank\" rel=\"noopener\">Mehr sehen \u2192<\/a><\/div>\n<\/div>\n<div class=\"clear\"><\/div>\n<\/div>\n<div class=\"gap\" style=\"height: 40px;\"><\/div>\n<h3 class=\"title\"><span>Zertifizierungen f\u00fcr Managementsysteme<\/span><\/h3>\n<div class=\"gap\" style=\"height: 20px;\"><\/div>\n<div class=\"one_third\">\n<div class=\"iconbox\"><span class=\"iconbox-ok\"><\/span><\/p>\n<h3>ISO 9001-2015<\/h3>\n<h4><strong>Prozesse<\/strong><\/h4>\n<p><a href=\"https:\/\/www.castinox.net\/imagenes\/ISO-9001-2023-2026-ENG.pdf\" target=\"_blank\" rel=\"noopener\"><img loading=\"lazy\" decoding=\"async\" class=\"aligncenter wp-image-4007 size-full\" src=\"https:\/\/www.castinox.net\/imagenes\/ISO-9001-2023-2026-ENG_page-0001-2.jpg\" alt=\"\" width=\"120\" height=\"170\" \/><\/a><\/p>\n<div class=\"gap\" style=\"height: 10px;\"><\/div>\n<p><a href=\"https:\/\/www.castinox.net\/imagenes\/ISO-9001-2023-2026-ENG.pdf\">Mehr sehen \u2192<\/a><\/div>\n<\/div>\n<div class=\"one_third\">\n<div class=\"iconbox\"><span class=\"iconbox-ok\"><\/span><\/p>\n<h3>ISO 14001-2015<\/h3>\n<h4><strong>Umwelt<\/strong><\/h4>\n<p><a href=\"https:\/\/www.castinox.net\/imagenes\/CASTINOX_S.A._ISO_14001-2015_2024-2027-eng.pdf\" target=\"_blank\" rel=\"noopener\"><img loading=\"lazy\" decoding=\"async\" class=\"aligncenter wp-image-3539 size-full\" src=\"https:\/\/www.castinox.net\/imagenes\/CASTINOX_S.A._ISO_14001-2015_2021-2024-eng_page-0001-1_MINI.jpg\" alt=\"Umwelt\" width=\"120\" height=\"170\" \/><\/a><\/p>\n<div class=\"gap\" style=\"height: 10px;\"><\/div>\n<p><a href=\"https:\/\/www.castinox.net\/imagenes\/CASTINOX_S.A._ISO_14001-2015_2024-2027-eng.pdf\">Mehr sehen \u2192<\/a><\/div>\n<\/div>\n<div class=\"one_third last\">\n<div class=\"iconbox\"><span class=\"iconbox-ok\"><\/span><\/p>\n<h3>ISO 45001:2018<\/h3>\n<h4><strong>Arbeitsschutz<\/strong><\/h4>\n<p><a href=\"https:\/\/www.castinox.net\/imagenes\/CASTINOX_S.A._ISO_45001-2018_2024-2027-eng.pdf\" target=\"_blank\" rel=\"noopener\"><img loading=\"lazy\" decoding=\"async\" class=\"aligncenter wp-image-3548 size-full\" src=\"https:\/\/www.castinox.net\/imagenes\/CASTINOX_S.A._ISO_45001-2018_2021-2024-eng_page-0001-1_MINI.jpg\" alt=\"Arbeitsschutz\" width=\"120\" height=\"170\" \/><\/a><\/p>\n<div class=\"gap\" style=\"height: 10px;\"><\/div>\n<p><a href=\"https:\/\/www.castinox.net\/imagenes\/CASTINOX_S.A._ISO_45001-2018_2024-2027-eng.pdf\" target=\"_blank\" rel=\"noopener noreferrer\">Mehr sehen \u2192<\/a><\/div>\n<\/div>\n<div class=\"clear\"><\/div>\n<div class=\"gap\" style=\"height: 40px;\"><\/div>\n<h3 class=\"title\"><span>Materialzertifikate<\/span><\/h3>\n<div class=\"gap\" style=\"height: 20px;\"><\/div>\n<div class=\"one_third\">\n<div class=\"iconbox\"><span class=\"iconbox-ok\"><\/span><\/p>\n<h3>ABS<\/h3>\n<p> <a href=\"https:\/\/www.castinox.net\/imagenes\/ABS-2021-2026_page-0001.jpg\" target=\"_blank\" rel=\"noopener\"><img loading=\"lazy\" decoding=\"async\" class=\"aligncenter wp-image-3557 size-full\" src=\"https:\/\/www.castinox.net\/imagenes\/ABS-2021-2026_page-0001-1_MINI.jpg\" alt=\"ABS\" width=\"131\" height=\"170\" \/><\/a> <\/p>\n<div class=\"gap\" style=\"height: 10px;\"><\/div>\n<p><a href=\"https:\/\/www.castinox.net\/imagenes\/ABS-2021-2026_page-0001.jpg\">Mehr sehen \u2192<\/a><\/div>\n<\/div>\n<div class=\"one_third\">\n<div class=\"iconbox\"><span class=\"iconbox-ok\"><\/span><\/p>\n<h3>Lloyd&#8217;s Register<\/h3>\n<p><a href=\"https:\/\/www.castinox.net\/imagenes\/LLOYDS-2022-2025_page-0001.jpg\" target=\"_blank\" rel=\"noopener\"><img loading=\"lazy\" decoding=\"async\" class=\"aligncenter wp-image-3878 size-full\" src=\"https:\/\/www.castinox.net\/imagenes\/LLOYDS-2022-2025_page-0001-1.jpg\" alt=\"\" width=\"120\" height=\"170\" \/><\/a> <\/p>\n<div class=\"gap\" style=\"height: 10px;\"><\/div>\n<p><a href=\"https:\/\/www.castinox.net\/imagenes\/LLOYDS-2022-2025_page-0001.jpg\" target=\"_blank\" rel=\"noopener\">Mehr sehen \u2192<\/a><\/div>\n<\/div>\n<div class=\"one_third last\">\n<div class=\"iconbox\"><span class=\"iconbox-ok\"><\/span><\/p>\n<h3>Korean Register<\/h3>\n<p> <a href=\"https:\/\/www.castinox.net\/imagenes\/KOREAN-2023-2028.pdf\" target=\"_blank\" rel=\"noopener noreferrer\"><img loading=\"lazy\" decoding=\"async\" class=\"aligncenter wp-image-513 size-full\" src=\"https:\/\/www.castinox.net\/imagenes\/korean-cert.png\" alt=\"koreano-certificado\" width=\"125\" height=\"170\" \/><\/a> <\/p>\n<div class=\"gap\" style=\"height: 10px;\"><\/div>\n<p><a href=\"https:\/\/www.castinox.net\/imagenes\/KOREAN-2023-2028.pdf\">Mehr sehen \u2192<\/a><\/div>\n<\/div>\n<div class=\"clear\"><\/div>\n<div class=\"gap\" style=\"height: 40px;\"><\/div>\n<div class=\"one_third\">\n<div class=\"iconbox\"><span class=\"iconbox-ok\"><\/span><\/p>\n<h3>DNV<\/h3>\n<p> <a href=\"https:\/\/www.castinox.net\/imagenes\/DNV-2023-2026.pdf\" target=\"_blank\" rel=\"noopener noreferrer\"><img loading=\"lazy\" decoding=\"async\" class=\"aligncenter wp-image-516 size-full\" src=\"https:\/\/www.castinox.net\/imagenes\/GERMANISCHER-LLOYD.png\" alt=\"dnv 2014-2017\" width=\"125\" height=\"170\" \/><\/a><\/p>\n<div class=\"gap\" style=\"height: 10px;\"><\/div>\n<p><a href=\"https:\/\/www.castinox.net\/imagenes\/DNV-2023-2026.pdf\">Ver m\u00e1s \u2192<\/a><\/div>\n<\/div>\n<div class=\"one_third\">\n<div class=\"iconbox\"><span class=\"iconbox-ok\"><\/span><\/p>\n<h3>Bureau Veritas<\/h3>\n<p><a href=\"https:\/\/www.castinox.net\/imagenes\/BUREAU-VERITAS-2023-2027.pdf\" target=\"_blank\" rel=\"noopener noreferrer\"><img loading=\"lazy\" decoding=\"async\" class=\"aligncenter wp-image-519 size-full\" src=\"https:\/\/www.castinox.net\/imagenes\/BUREAU-VERITAS.png\" alt=\"BUREAU-VERITAS\" width=\"125\" height=\"170\" \/><\/a><\/p>\n<div class=\"gap\" style=\"height: 10px;\"><\/div>\n<p><a href=\"https:\/\/www.castinox.net\/imagenes\/BUREAU-VERITAS-2023-2027.pdf\">Mehr sehen \u2192<\/a><\/div>\n<\/div>\n<div class=\"one_third last\">\n<div class=\"iconbox\"><span class=\"iconbox-ok\"><\/span><\/p>\n<h3>Nippon Kaiji Kyokai<\/h3>\n<p><a href=\"https:\/\/www.castinox.net\/imagenes\/nippon-2024-2029.pdf\" target=\"_blank\" rel=\"noopener noreferrer\"><img loading=\"lazy\" decoding=\"async\" class=\"aligncenter wp-image-3257 size-full\" src=\"https:\/\/www.castinox.net\/imagenes\/nippon.png\" alt=\"Nippon Kaiji Kyokai\" width=\"125\" height=\"170\" \/><\/a><\/p>\n<div class=\"gap\" style=\"height: 10px;\"><\/div>\n<p><a href=\"https:\/\/www.castinox.net\/imagenes\/nippon-2024-2029.pdf\">Mehr sehen \u2192<\/a><\/div>\n<\/div>\n<div class=\"clear\"><\/div>\n<div class=\"gap\" style=\"height: 40px;\"><\/div>\n<div class=\"one_third\">\n<div class=\"iconbox\"><span class=\"iconbox-ok\"><\/span><\/p>\n<h3>T\u00dcV Rheindland<\/h3>\n<p> <a href=\"https:\/\/www.castinox.net\/imagenes\/TUV-Rheindland.pdf\" target=\"_blank\" rel=\"noopener noreferrer\"><img loading=\"lazy\" decoding=\"async\" class=\"aligncenter size-full wp-image-516\" src=\"https:\/\/www.castinox.net\/imagenes\/TUV-Rheindland.png\" alt=\"TUV-Rheindland\" width=\"125\" height=\"170\" \/><\/a><\/p>\n<div class=\"gap\" style=\"height: 10px;\"><\/div>\n<p><a href=\"https:\/\/www.castinox.net\/imagenes\/TUV-Rheindland.pdf\">Mehr sehen \u2192<\/a><\/div>\n<\/div>\n<div class=\"one_third\">\n<div class=\"iconbox\"><span class=\"iconbox-ok\"><\/span><\/p>\n<h3>T\u00dcV S\u00dcD DGR<\/h3>\n<p><a href=\"https:\/\/www.castinox.net\/imagenes\/Cert-W0PED_Castinox_2023_2026.pdf\" target=\"_blank\" rel=\"noopener\"><img loading=\"lazy\" decoding=\"async\" class=\"aligncenter wp-image-3566 size-full\" src=\"https:\/\/www.castinox.net\/imagenes\/CertificatesW0PED-Castinox-2021-2023_Pagina_2_MINI.jpg\" alt=\"T\u00dcV S\u00dcD\" width=\"120\" height=\"170\" \/><\/a><\/p>\n<div class=\"gap\" style=\"height: 10px;\"><\/div>\n<p><a href=\"https:\/\/www.castinox.net\/imagenes\/Cert-W0PED_Castinox_2023_2026.pdf\">Mehr sehen \u2192<\/a><\/div>\n<\/div>\n<div class=\"one_third last\">\n<div class=\"iconbox\"><span class=\"iconbox-ok\"><\/span><\/p>\n<h3>T\u00dcV S\u00dcD PER<\/h3>\n<p><a href=\"https:\/\/www.castinox.net\/imagenes\/Certificate-PER-Castinox-2023-2026.pdf\" target=\"_blank\" rel=\"noopener\"><img loading=\"lazy\" decoding=\"async\" class=\"aligncenter wp-image-4003 size-full\" src=\"https:\/\/www.castinox.net\/imagenes\/Certificate-PER-Castinox-2023-2026_page-0001-1.jpg\" alt=\"\" width=\"120\" height=\"170\" \/><\/a><\/p>\n<div class=\"gap\" style=\"height: 10px;\"><\/div>\n<p><a href=\"https:\/\/www.castinox.net\/imagenes\/Certificate-PER-Castinox-2023-2026.pdf\">Mehr sehen \u2192<\/a><\/div>\n<\/div>\n<div class=\"clear\"><\/div>\n<p>&nbsp;<\/p>\n","protected":false},"excerpt":{"rendered":"<p>Castinox, eine international zugelassene Gie\u00dferei Castinox ist durch verschiedene Pr\u00fcf- und Ratingagenturen international zugelassen. All diese Qualit\u00e4tszertifizierungen zeugen vom unserem Engagement qualitativ hochwertige Produkte und Serviceleistungen zu bieten, die nationalen\u2026 <a href=\"https:\/\/www.castinox.net\/de\/zertifikate\/\" class=\"read-more-link\">leer m\u00e1s &rarr;<\/a><\/p>\n","protected":false},"author":1,"featured_media":0,"parent":0,"menu_order":7,"comment_status":"open","ping_status":"closed","template":"page-fullwidth.php","meta":{"footnotes":""},"class_list":["post-2484","page","type-page","status-publish","hentry"],"yoast_head":"<!-- This site is optimized with the Yoast SEO plugin v27.1.1 - https:\/\/yoast.com\/product\/yoast-seo-wordpress\/ -->\n<title>Internationale Qualit\u00e4tszertifikate von Fundiciones Castinox<\/title>\n<meta name=\"description\" content=\"Castinox, eine international zugelassene Gie\u00dferei. Wir verf\u00fcgen \u00fcber verschiedene Zertifikate, die unsere Effizienz und Verpflichtung zu Qualit\u00e4t belegen.\" \/>\n<meta name=\"robots\" content=\"index, follow, max-snippet:-1, max-image-preview:large, max-video-preview:-1\" \/>\n<link rel=\"canonical\" href=\"https:\/\/www.castinox.net\/de\/zertifikate\/\" \/>\n<meta property=\"og:locale\" content=\"de_DE\" \/>\n<meta property=\"og:type\" content=\"article\" \/>\n<meta property=\"og:title\" content=\"Internationale Qualit\u00e4tszertifikate von Fundiciones Castinox\" \/>\n<meta property=\"og:description\" content=\"Castinox, eine international zugelassene Gie\u00dferei. Wir verf\u00fcgen \u00fcber verschiedene Zertifikate, die unsere Effizienz und Verpflichtung zu Qualit\u00e4t belegen.\" \/>\n<meta property=\"og:url\" content=\"https:\/\/www.castinox.net\/de\/zertifikate\/\" \/>\n<meta property=\"og:site_name\" content=\"Stainless steel foundry in Amurrio - Alava\" \/>\n<meta property=\"article:modified_time\" content=\"2024-06-10T07:48:53+00:00\" \/>\n<meta property=\"og:image\" content=\"https:\/\/www.castinox.net\/imagenes\/QTR-CK3MCuN-Signed-2021-2026_page-0001-1.jpg\" \/>\n<meta name=\"twitter:label1\" content=\"Gesch\u00e4tzte Lesezeit\" \/>\n\t<meta name=\"twitter:data1\" content=\"5\u00a0Minuten\" \/>\n<script type=\"application\/ld+json\" class=\"yoast-schema-graph\">{\"@context\":\"https:\/\/schema.org\",\"@graph\":[{\"@type\":\"WebPage\",\"@id\":\"https:\/\/www.castinox.net\/de\/zertifikate\/\",\"url\":\"https:\/\/www.castinox.net\/de\/zertifikate\/\",\"name\":\"Internationale Qualit\u00e4tszertifikate von Fundiciones Castinox\",\"isPartOf\":{\"@id\":\"https:\/\/www.castinox.net\/#website\"},\"primaryImageOfPage\":{\"@id\":\"https:\/\/www.castinox.net\/de\/zertifikate\/#primaryimage\"},\"image\":{\"@id\":\"https:\/\/www.castinox.net\/de\/zertifikate\/#primaryimage\"},\"thumbnailUrl\":\"https:\/\/www.castinox.net\/imagenes\/QTR-CK3MCuN-Signed-2021-2026_page-0001-1.jpg\",\"datePublished\":\"2016-04-13T08:11:09+00:00\",\"dateModified\":\"2024-06-10T07:48:53+00:00\",\"description\":\"Castinox, eine international zugelassene Gie\u00dferei. Wir verf\u00fcgen \u00fcber verschiedene Zertifikate, die unsere Effizienz und Verpflichtung zu Qualit\u00e4t belegen.\",\"inLanguage\":\"de\",\"potentialAction\":[{\"@type\":\"ReadAction\",\"target\":[\"https:\/\/www.castinox.net\/de\/zertifikate\/\"]}]},{\"@type\":\"ImageObject\",\"inLanguage\":\"de\",\"@id\":\"https:\/\/www.castinox.net\/de\/zertifikate\/#primaryimage\",\"url\":\"https:\/\/www.castinox.net\/imagenes\/QTR-CK3MCuN-Signed-2021-2026_page-0001-1.jpg\",\"contentUrl\":\"https:\/\/www.castinox.net\/imagenes\/QTR-CK3MCuN-Signed-2021-2026_page-0001-1.jpg\"},{\"@type\":\"WebSite\",\"@id\":\"https:\/\/www.castinox.net\/#website\",\"url\":\"https:\/\/www.castinox.net\/\",\"name\":\"Stainless steel foundry in Amurrio - Alava\",\"description\":\"\",\"potentialAction\":[{\"@type\":\"SearchAction\",\"target\":{\"@type\":\"EntryPoint\",\"urlTemplate\":\"https:\/\/www.castinox.net\/?s={search_term_string}\"},\"query-input\":{\"@type\":\"PropertyValueSpecification\",\"valueRequired\":true,\"valueName\":\"search_term_string\"}}],\"inLanguage\":\"de\"}]}<\/script>\n<!-- \/ Yoast SEO plugin. -->","yoast_head_json":{"title":"Internationale Qualit\u00e4tszertifikate von Fundiciones Castinox","description":"Castinox, eine international zugelassene Gie\u00dferei. Wir verf\u00fcgen \u00fcber verschiedene Zertifikate, die unsere Effizienz und Verpflichtung zu Qualit\u00e4t belegen.","robots":{"index":"index","follow":"follow","max-snippet":"max-snippet:-1","max-image-preview":"max-image-preview:large","max-video-preview":"max-video-preview:-1"},"canonical":"https:\/\/www.castinox.net\/de\/zertifikate\/","og_locale":"de_DE","og_type":"article","og_title":"Internationale Qualit\u00e4tszertifikate von Fundiciones Castinox","og_description":"Castinox, eine international zugelassene Gie\u00dferei. Wir verf\u00fcgen \u00fcber verschiedene Zertifikate, die unsere Effizienz und Verpflichtung zu Qualit\u00e4t belegen.","og_url":"https:\/\/www.castinox.net\/de\/zertifikate\/","og_site_name":"Stainless steel foundry in Amurrio - Alava","article_modified_time":"2024-06-10T07:48:53+00:00","og_image":[{"url":"https:\/\/www.castinox.net\/imagenes\/QTR-CK3MCuN-Signed-2021-2026_page-0001-1.jpg","type":"","width":"","height":""}],"twitter_misc":{"Gesch\u00e4tzte Lesezeit":"5\u00a0Minuten"},"schema":{"@context":"https:\/\/schema.org","@graph":[{"@type":"WebPage","@id":"https:\/\/www.castinox.net\/de\/zertifikate\/","url":"https:\/\/www.castinox.net\/de\/zertifikate\/","name":"Internationale Qualit\u00e4tszertifikate von Fundiciones Castinox","isPartOf":{"@id":"https:\/\/www.castinox.net\/#website"},"primaryImageOfPage":{"@id":"https:\/\/www.castinox.net\/de\/zertifikate\/#primaryimage"},"image":{"@id":"https:\/\/www.castinox.net\/de\/zertifikate\/#primaryimage"},"thumbnailUrl":"https:\/\/www.castinox.net\/imagenes\/QTR-CK3MCuN-Signed-2021-2026_page-0001-1.jpg","datePublished":"2016-04-13T08:11:09+00:00","dateModified":"2024-06-10T07:48:53+00:00","description":"Castinox, eine international zugelassene Gie\u00dferei. Wir verf\u00fcgen \u00fcber verschiedene Zertifikate, die unsere Effizienz und Verpflichtung zu Qualit\u00e4t belegen.","inLanguage":"de","potentialAction":[{"@type":"ReadAction","target":["https:\/\/www.castinox.net\/de\/zertifikate\/"]}]},{"@type":"ImageObject","inLanguage":"de","@id":"https:\/\/www.castinox.net\/de\/zertifikate\/#primaryimage","url":"https:\/\/www.castinox.net\/imagenes\/QTR-CK3MCuN-Signed-2021-2026_page-0001-1.jpg","contentUrl":"https:\/\/www.castinox.net\/imagenes\/QTR-CK3MCuN-Signed-2021-2026_page-0001-1.jpg"},{"@type":"WebSite","@id":"https:\/\/www.castinox.net\/#website","url":"https:\/\/www.castinox.net\/","name":"Stainless steel foundry in Amurrio - Alava","description":"","potentialAction":[{"@type":"SearchAction","target":{"@type":"EntryPoint","urlTemplate":"https:\/\/www.castinox.net\/?s={search_term_string}"},"query-input":{"@type":"PropertyValueSpecification","valueRequired":true,"valueName":"search_term_string"}}],"inLanguage":"de"}]}},"_links":{"self":[{"href":"https:\/\/www.castinox.net\/de\/wp-json\/wp\/v2\/pages\/2484","targetHints":{"allow":["GET"]}}],"collection":[{"href":"https:\/\/www.castinox.net\/de\/wp-json\/wp\/v2\/pages"}],"about":[{"href":"https:\/\/www.castinox.net\/de\/wp-json\/wp\/v2\/types\/page"}],"author":[{"embeddable":true,"href":"https:\/\/www.castinox.net\/de\/wp-json\/wp\/v2\/users\/1"}],"replies":[{"embeddable":true,"href":"https:\/\/www.castinox.net\/de\/wp-json\/wp\/v2\/comments?post=2484"}],"version-history":[{"count":10,"href":"https:\/\/www.castinox.net\/de\/wp-json\/wp\/v2\/pages\/2484\/revisions"}],"predecessor-version":[{"id":4231,"href":"https:\/\/www.castinox.net\/de\/wp-json\/wp\/v2\/pages\/2484\/revisions\/4231"}],"wp:attachment":[{"href":"https:\/\/www.castinox.net\/de\/wp-json\/wp\/v2\/media?parent=2484"}],"curies":[{"name":"wp","href":"https:\/\/api.w.org\/{rel}","templated":true}]}}