{"id":1286,"date":"2014-10-14T11:00:52","date_gmt":"2014-10-14T09:00:52","guid":{"rendered":"https:\/\/www.castinox.net\/?page_id=1286"},"modified":"2024-01-24T11:18:24","modified_gmt":"2024-01-24T09:18:24","slug":"industries-clients","status":"publish","type":"page","link":"https:\/\/www.castinox.net\/en\/industries-clients\/","title":{"rendered":"Industries and clients"},"content":{"rendered":"<h2>Our clients are located in various industries and countries<\/h2>\n<p>Castinox manufactures <strong>products and supplies pieces for a large number of industries<\/strong>. Thanks to the <a href=\"https:\/\/www.castinox.net\/en\/certificates\/\">multiple quality certifications<\/a> which we have obtained over time, we are able to supply and offer our services in the most demanding markets.<\/p>\n<p>Our <strong>export index is 75%<\/strong>, and we have a presence in very <strong>diverse markets, both in Spain and in Europe<\/strong>.<\/p>\n<h3 class=\"title\"><span>Countries to which Castinox S.A. exports its products<\/span><\/h3>\n<p><img loading=\"lazy\" decoding=\"async\" class=\"aligncenter size-full wp-image-482\" src=\"https:\/\/www.castinox.net\/imagenes\/map-exports-english.png\" alt=\"castinox-export-map\" width=\"750\" height=\"587\" \/><\/p>\n<div class=\"gap\" style=\"height: 40px;\"><\/div>\n<h3 class=\"title\"><span>Fundiciones Castinox S.A. manufactures and supplies pieces for the following industries<\/span><\/h3>\n<h4 style=\"color: #289dcc;\"><strong>Energy industry<\/strong><\/h4>\n<p>In the <strong>energy industry<\/strong>, we have a presence in a wide range of different subindustries, such as: <strong>LNG (and Shipping), Off Shore + LPG, nuclear industry, hydraulic, biogas, and district heating &amp; cooling<\/strong>. We have a wide range of clients in these industries, including: Westad Industri A.S, Lazaro Ituarte, H\u00f6gfors OY, Ringo V\u00e1lvulas, Talleres Aratz, S.A, Stafsj\u00f6 Valves AB, Sistag AG, Coyard SAS (ICARUS) and Truflo Rona (IMI). Castinox is a main manufacturer in this industry of the following pieces: <strong>butterfly valves, cryogenic globe, check, and gate valve, ball, check, and gate valves, Kaplan, Francis, and Pelton turbine, and guillotine valves<\/strong>.<\/p>\n<h4 style=\"color: #289dcc;\"><strong>Food industry<\/strong><\/h4>\n<p>In the <strong>food industry<\/strong>, we work for such clients as Coperion GmbH &#8211; for which we manufacture <strong>rotatoy valve components<\/strong>-, and Andritz Slovakia -which we supply with<strong> axles and lids<\/strong>.<\/p>\n<h4 style=\"color: #289dcc;\"><strong>Water treatment industry<\/strong><\/h4>\n<p>In the <strong>water treatment industry<\/strong>, we supply <strong>rising plug and butterfly valves parts and pump components<\/strong> to the following clients: MTS (Victaulic), Friedrich Krombach GmbH, and Flowserve Austria GmBh.<\/p>\n<h4 style=\"color: #289dcc;\"><strong>Chemical industry<\/strong><\/h4>\n<p>In the<strong> chemical industry<\/strong> we have large clients such as Coperion GmbH, Coyard SAS (ICARUS) and Somas Ventiler, for which we manufacture <strong>rotatory valve pieces and ball valve pieces<\/strong>, respectively.<\/p>\n<h4 style=\"color: #289dcc;\"><strong>Plastics industry<\/strong><\/h4>\n<p>Coperion GmbH is our main client in the <strong>plastics industry<\/strong>. We supply them with <strong>rotatory and deviating valve components<\/strong>.<\/p>\n<h4 style=\"color: #289dcc;\"><strong>Paper industry<\/strong><\/h4>\n<p>In the<strong> paper industry<\/strong> we have such clients as Naf AB and Stafsj\u00f6 Valves AB. We manufacture <strong>ball and guillotine valve pieces<\/strong>.<\/p>\n<h4 style=\"color: #289dcc;\"><strong>Railway industry<\/strong><\/h4>\n<p>Our main client in the <strong>railway industry<\/strong> is Amurrio Ferrocarril y Equipos S.A.<\/p>\n<h4 style=\"color: #289dcc;\"><strong>Mining industry<\/strong><\/h4>\n<p>We have three large clients in the <strong>mining industry<\/strong>: Coperion Gmbh, Stafsj\u00f6 Valves AB and Flowserve Austria GmbH, for which we respectively supply <strong>rotatory valve parts, guillotine part valves, and pumps<\/strong>.<\/p>\n<h4 style=\"color: #289dcc;\"><strong>Aeronautic industry<\/strong><\/h4>\n<p>Our main client in the <strong>aeronautic industry<\/strong> is ITP.<\/p>\n<h4 style=\"color: #289dcc;\"><strong>Construction industry<\/strong><\/h4>\n<p>In the<strong> construction industry<\/strong>, we manufacture <strong>plugs<\/strong> for our client: Cast Flow Valves, S.L<\/p>\n<div class=\"gap\" style=\"height: 40px;\"><\/div>\n<h3 class=\"title\"><span>Our clients<\/span><\/h3>\n<div class=\"clientes\">\n<p align=\"center\"><img loading=\"lazy\" decoding=\"async\" src=\"https:\/\/www.castinox.net\/imagenes\/Andritz.png\" alt=\"Andritz\" width=\"150\" height=\"75\" \/> <img loading=\"lazy\" decoding=\"async\" src=\"https:\/\/www.castinox.net\/imagenes\/Coperion.png\" alt=\"Coperion\" width=\"150\" height=\"75\" \/> <img loading=\"lazy\" decoding=\"async\" src=\"https:\/\/www.castinox.net\/imagenes\/flowserve.png\" alt=\"flowserve\" width=\"150\" height=\"75\" \/> <img loading=\"lazy\" decoding=\"async\" src=\"https:\/\/www.castinox.net\/imagenes\/Friedrich-Krombach.png\" alt=\"Friedrich-Krombach\" width=\"150\" height=\"75\" \/> <img loading=\"lazy\" decoding=\"async\" src=\"https:\/\/www.castinox.net\/imagenes\/Hogfors.png\" alt=\"Hogfors\" width=\"150\" height=\"75\" \/> <img loading=\"lazy\" decoding=\"async\" src=\"https:\/\/www.castinox.net\/imagenes\/ITP-ca.png\" alt=\"ITP-ca\" width=\"150\" height=\"75\" \/> <img loading=\"lazy\" decoding=\"async\" class=\"alignnone wp-image-3582 size-full\" src=\"https:\/\/www.castinox.net\/imagenes\/tubacex-1.png\" alt=\"Tubacex\" width=\"150\" height=\"75\" \/> <img loading=\"lazy\" decoding=\"async\" src=\"https:\/\/www.castinox.net\/imagenes\/logoamurrio0130114.png\" alt=\"logoamurrio0130114\" width=\"150\" height=\"75\" \/> <img loading=\"lazy\" decoding=\"async\" src=\"https:\/\/www.castinox.net\/imagenes\/mts-victaulic.png\" alt=\"mts-victaulic\" width=\"150\" height=\"75\" \/>\u00a0 \u00a0\u00a0<img loading=\"lazy\" decoding=\"async\" src=\"https:\/\/www.castinox.net\/imagenes\/ringovalvulas.png\" alt=\"ringovalvulas\" width=\"150\" height=\"75\" \/>\u00a0 \u00a0\u00a0<img loading=\"lazy\" decoding=\"async\" src=\"https:\/\/www.castinox.net\/imagenes\/sistagAG.png\" alt=\"sistagAG\" width=\"150\" height=\"75\" \/>\u00a0 \u00a0 <img loading=\"lazy\" decoding=\"async\" src=\"https:\/\/www.castinox.net\/imagenes\/somas.png\" alt=\"somas\" width=\"150\" height=\"75\" \/> <img loading=\"lazy\" decoding=\"async\" src=\"https:\/\/www.castinox.net\/imagenes\/Stafsjo-original-CMYK-Since_306_324_pixel_05.gif\" alt=\"Stafsjo-original-CMYK-Since_306_324_pixel_05\" width=\"150\" height=\"75\" \/><img loading=\"lazy\" decoding=\"async\" src=\"https:\/\/www.castinox.net\/imagenes\/talleres-Aratz.png\" alt=\"talleres-Aratz\" width=\"150\" height=\"75\" \/> <img loading=\"lazy\" decoding=\"async\" src=\"https:\/\/www.castinox.net\/imagenes\/westad.png\" alt=\"westad\" width=\"150\" height=\"75\" \/><img loading=\"lazy\" decoding=\"async\" class=\"alignnone size-full wp-image-4105\" src=\"https:\/\/www.castinox.net\/imagenes\/FHT.jpg\" alt=\"\" width=\"158\" height=\"58\" \/><img loading=\"lazy\" decoding=\"async\" class=\"alignnone size-full wp-image-4111\" src=\"https:\/\/www.castinox.net\/imagenes\/JEZ.png\" alt=\"\" width=\"238\" height=\"50\" \/><img loading=\"lazy\" decoding=\"async\" class=\"alignnone size-full wp-image-4120\" src=\"https:\/\/www.castinox.net\/imagenes\/DANOBAT-1.png\" alt=\"\" width=\"227\" height=\"66\" \/><\/p>\n<\/div>\n<div class=\"gap\" style=\"height: 18px;\"><\/div>\n","protected":false},"excerpt":{"rendered":"<p>Our clients are located in various industries and countries Castinox manufactures products and supplies pieces for a large number of industries. Thanks to the multiple quality certifications which we have\u2026 <a href=\"https:\/\/www.castinox.net\/en\/industries-clients\/\" class=\"read-more-link\">leer m\u00e1s &rarr;<\/a><\/p>\n","protected":false},"author":1,"featured_media":0,"parent":0,"menu_order":7,"comment_status":"open","ping_status":"closed","template":"page-fullwidth.php","meta":{"footnotes":""},"class_list":["post-1286","page","type-page","status-publish","hentry"],"yoast_head":"<!-- This site is optimized with the Yoast SEO plugin v27.1.1 - https:\/\/yoast.com\/product\/yoast-seo-wordpress\/ -->\n<title>Castinox Foundry industries and clients | Castinox<\/title>\n<meta name=\"description\" content=\"Castinox works in various industrial sectors and exports its production to several European countries. The foundry works with large European brands. Request an estimate!\" \/>\n<meta name=\"robots\" content=\"index, follow, max-snippet:-1, max-image-preview:large, max-video-preview:-1\" \/>\n<link rel=\"canonical\" href=\"https:\/\/www.castinox.net\/en\/industries-clients\/\" \/>\n<meta property=\"og:locale\" content=\"en_US\" \/>\n<meta property=\"og:type\" content=\"article\" \/>\n<meta property=\"og:title\" content=\"Castinox Foundry industries and clients | Castinox\" \/>\n<meta property=\"og:description\" content=\"Castinox works in various industrial sectors and exports its production to several European countries. The foundry works with large European brands. Request an estimate!\" \/>\n<meta property=\"og:url\" content=\"https:\/\/www.castinox.net\/en\/industries-clients\/\" \/>\n<meta property=\"og:site_name\" content=\"Stainless steel foundry in Amurrio - Alava\" \/>\n<meta property=\"article:modified_time\" content=\"2024-01-24T09:18:24+00:00\" \/>\n<meta property=\"og:image\" content=\"https:\/\/www.castinox.net\/imagenes\/map-exports-english.png\" \/>\n<meta name=\"twitter:label1\" content=\"Est. reading time\" \/>\n\t<meta name=\"twitter:data1\" content=\"6 minutes\" \/>\n<script type=\"application\/ld+json\" class=\"yoast-schema-graph\">{\"@context\":\"https:\/\/schema.org\",\"@graph\":[{\"@type\":\"WebPage\",\"@id\":\"https:\/\/www.castinox.net\/en\/industries-clients\/\",\"url\":\"https:\/\/www.castinox.net\/en\/industries-clients\/\",\"name\":\"Castinox Foundry industries and clients | Castinox\",\"isPartOf\":{\"@id\":\"https:\/\/www.castinox.net\/#website\"},\"primaryImageOfPage\":{\"@id\":\"https:\/\/www.castinox.net\/en\/industries-clients\/#primaryimage\"},\"image\":{\"@id\":\"https:\/\/www.castinox.net\/en\/industries-clients\/#primaryimage\"},\"thumbnailUrl\":\"https:\/\/www.castinox.net\/imagenes\/map-exports-english.png\",\"datePublished\":\"2014-10-14T09:00:52+00:00\",\"dateModified\":\"2024-01-24T09:18:24+00:00\",\"description\":\"Castinox works in various industrial sectors and exports its production to several European countries. The foundry works with large European brands. Request an estimate!\",\"inLanguage\":\"en-US\",\"potentialAction\":[{\"@type\":\"ReadAction\",\"target\":[\"https:\/\/www.castinox.net\/en\/industries-clients\/\"]}]},{\"@type\":\"ImageObject\",\"inLanguage\":\"en-US\",\"@id\":\"https:\/\/www.castinox.net\/en\/industries-clients\/#primaryimage\",\"url\":\"https:\/\/www.castinox.net\/imagenes\/map-exports-english.png\",\"contentUrl\":\"https:\/\/www.castinox.net\/imagenes\/map-exports-english.png\"},{\"@type\":\"WebSite\",\"@id\":\"https:\/\/www.castinox.net\/#website\",\"url\":\"https:\/\/www.castinox.net\/\",\"name\":\"Stainless steel foundry in Amurrio - Alava\",\"description\":\"\",\"potentialAction\":[{\"@type\":\"SearchAction\",\"target\":{\"@type\":\"EntryPoint\",\"urlTemplate\":\"https:\/\/www.castinox.net\/?s={search_term_string}\"},\"query-input\":{\"@type\":\"PropertyValueSpecification\",\"valueRequired\":true,\"valueName\":\"search_term_string\"}}],\"inLanguage\":\"en-US\"}]}<\/script>\n<!-- \/ Yoast SEO plugin. -->","yoast_head_json":{"title":"Castinox Foundry industries and clients | Castinox","description":"Castinox works in various industrial sectors and exports its production to several European countries. The foundry works with large European brands. Request an estimate!","robots":{"index":"index","follow":"follow","max-snippet":"max-snippet:-1","max-image-preview":"max-image-preview:large","max-video-preview":"max-video-preview:-1"},"canonical":"https:\/\/www.castinox.net\/en\/industries-clients\/","og_locale":"en_US","og_type":"article","og_title":"Castinox Foundry industries and clients | Castinox","og_description":"Castinox works in various industrial sectors and exports its production to several European countries. The foundry works with large European brands. Request an estimate!","og_url":"https:\/\/www.castinox.net\/en\/industries-clients\/","og_site_name":"Stainless steel foundry in Amurrio - Alava","article_modified_time":"2024-01-24T09:18:24+00:00","og_image":[{"url":"https:\/\/www.castinox.net\/imagenes\/map-exports-english.png","type":"","width":"","height":""}],"twitter_misc":{"Est. reading time":"6 minutes"},"schema":{"@context":"https:\/\/schema.org","@graph":[{"@type":"WebPage","@id":"https:\/\/www.castinox.net\/en\/industries-clients\/","url":"https:\/\/www.castinox.net\/en\/industries-clients\/","name":"Castinox Foundry industries and clients | Castinox","isPartOf":{"@id":"https:\/\/www.castinox.net\/#website"},"primaryImageOfPage":{"@id":"https:\/\/www.castinox.net\/en\/industries-clients\/#primaryimage"},"image":{"@id":"https:\/\/www.castinox.net\/en\/industries-clients\/#primaryimage"},"thumbnailUrl":"https:\/\/www.castinox.net\/imagenes\/map-exports-english.png","datePublished":"2014-10-14T09:00:52+00:00","dateModified":"2024-01-24T09:18:24+00:00","description":"Castinox works in various industrial sectors and exports its production to several European countries. The foundry works with large European brands. Request an estimate!","inLanguage":"en-US","potentialAction":[{"@type":"ReadAction","target":["https:\/\/www.castinox.net\/en\/industries-clients\/"]}]},{"@type":"ImageObject","inLanguage":"en-US","@id":"https:\/\/www.castinox.net\/en\/industries-clients\/#primaryimage","url":"https:\/\/www.castinox.net\/imagenes\/map-exports-english.png","contentUrl":"https:\/\/www.castinox.net\/imagenes\/map-exports-english.png"},{"@type":"WebSite","@id":"https:\/\/www.castinox.net\/#website","url":"https:\/\/www.castinox.net\/","name":"Stainless steel foundry in Amurrio - Alava","description":"","potentialAction":[{"@type":"SearchAction","target":{"@type":"EntryPoint","urlTemplate":"https:\/\/www.castinox.net\/?s={search_term_string}"},"query-input":{"@type":"PropertyValueSpecification","valueRequired":true,"valueName":"search_term_string"}}],"inLanguage":"en-US"}]}},"_links":{"self":[{"href":"https:\/\/www.castinox.net\/en\/wp-json\/wp\/v2\/pages\/1286","targetHints":{"allow":["GET"]}}],"collection":[{"href":"https:\/\/www.castinox.net\/en\/wp-json\/wp\/v2\/pages"}],"about":[{"href":"https:\/\/www.castinox.net\/en\/wp-json\/wp\/v2\/types\/page"}],"author":[{"embeddable":true,"href":"https:\/\/www.castinox.net\/en\/wp-json\/wp\/v2\/users\/1"}],"replies":[{"embeddable":true,"href":"https:\/\/www.castinox.net\/en\/wp-json\/wp\/v2\/comments?post=1286"}],"version-history":[{"count":2,"href":"https:\/\/www.castinox.net\/en\/wp-json\/wp\/v2\/pages\/1286\/revisions"}],"predecessor-version":[{"id":4125,"href":"https:\/\/www.castinox.net\/en\/wp-json\/wp\/v2\/pages\/1286\/revisions\/4125"}],"wp:attachment":[{"href":"https:\/\/www.castinox.net\/en\/wp-json\/wp\/v2\/media?parent=1286"}],"curies":[{"name":"wp","href":"https:\/\/api.w.org\/{rel}","templated":true}]}}