{"id":1509,"date":"2015-04-13T09:37:50","date_gmt":"2015-04-13T07:37:50","guid":{"rendered":"https:\/\/www.castinox.net\/?page_id=1509"},"modified":"2022-09-22T14:27:32","modified_gmt":"2022-09-22T12:27:32","slug":"secteur-energetique","status":"publish","type":"page","link":"https:\/\/www.castinox.net\/fr\/produits\/pieces-industrielles\/secteur-energetique\/","title":{"rendered":"Secteur \u00e9nerg\u00e9tique"},"content":{"rendered":"<h2>Pi\u00e8ces et composants pour le secteur de l\u2019industrie \u00e9nerg\u00e9tique<\/h2>\n<p><img loading=\"lazy\" decoding=\"async\" class=\"alignnone size-full wp-image-898\" src=\"https:\/\/www.castinox.net\/imagenes\/piezas-sector-energetico.jpg\" alt=\"Pi\u00e8ces-secteur-\u00e9nerg\u00e9tique\" width=\"640\" height=\"274\" srcset=\"https:\/\/www.castinox.net\/imagenes\/piezas-sector-energetico.jpg 640w, https:\/\/www.castinox.net\/imagenes\/piezas-sector-energetico-300x128.jpg 300w\" sizes=\"auto, (max-width: 640px) 100vw, 640px\" \/><\/p>\n<p>Chez Fundiciones Castinox nous fabriquons <strong>diff\u00e9rents types de composants pour turbines de l&rsquo;industrie \u00e9nerg\u00e9tique<\/strong>.<\/p>\n<div class=\"gap\" style=\"height: 20px;\"><\/div>\n<h3 class=\"title\"><span>Nous fabriquons des composants pour turbines:<\/span><\/h3>\n<p>Castinox fabrique depuis plus de 20 ans des <strong>pi\u00e8ces moul\u00e9es pour tout type de turbines industrielles <\/strong>et distribue notamment des composants et des pi\u00e8ces de turbines Pelton, Francis et Kaplan.<\/p>\n<div class=\"one_half\">\n<h4>Composants pour <strong>Turbine Francis<\/strong><\/h4>\n<ul>\n<li>Pales<\/li>\n<li>Aubes<\/li>\n<li>Couronnes<\/li>\n<li>Bandes<\/li>\n<li>Cubes<\/li>\n<\/ul>\n<h4>Composants pour <strong>Turbine Kaplan<\/strong><\/h4>\n<ul>\n<li>Pales<\/li>\n<li>Aubes<\/li>\n<li>Couronnes<\/li>\n<li>Bandes<\/li>\n<li>Cubes<\/li>\n<\/ul>\n<\/div>\n<div class=\"one_half last\">\n<h4>Composants pour <strong>Turbine Pelton<\/strong><\/h4>\n<ul>\n<li>Augets<\/li>\n<li>Autres composants<\/li>\n<\/ul>\n<h4>Autres pi\u00e8ces<\/h4>\n<ul>\n<li>Diffuseurs<\/li>\n<\/ul>\n<\/div>\n<div class=\"clear\"><\/div>\n<h3 class=\"title\"><span>Fabricamos piezas para v\u00e1lvulas:<\/span><\/h3>\n<p>Adem\u00e1s de partes de turbinas industriales, tambi\u00e9n fabricamos <strong>piezas y componentes<\/strong> fundidos para <strong>v\u00e1lvulas del sector energ\u00e9tico<\/strong>. <\/p>\n<div class=\"one_half\">\n<h4>Composants pour <strong>vannes \u00e0 papillon<\/strong><\/h4>\n<ul>\n<li>Corps lug<\/li>\n<li>Wafer<\/li>\n<li>Brides<\/li>\n<li>Disques<\/li>\n<\/ul>\n<h4>Composants pour <strong>robinets cryog\u00e9niques \u00e0 soupape<\/strong><\/h4>\n<ul>\n<li>Corps<\/li>\n<li>Couvercles<\/li>\n<li>Obturateurs<\/li>\n<\/ul>\n<h4>Composants pour <strong>vannes \u00e0 guillotine<\/strong><\/h4>\n<ul>\n<li>Corps<\/li>\n<li>Presse-\u00e9toupes<\/li>\n<\/ul>\n<\/div>\n<div class=\"one_half last\">\n<h4>Composants pour soupapes de <strong>retenue et robinets-vanne<\/strong><\/h4>\n<ul>\n<li>Corps<\/li>\n<li>Clapets<\/li>\n<li>Bielles<\/li>\n<li>Couvercles<\/li>\n<li>Coins<\/li>\n<\/ul>\n<h4>Composants pour <strong>soupapes \u00e0 bille<\/strong><\/h4>\n<ul>\n<li>Corps<\/li>\n<li>Sph\u00e8res<\/li>\n<li>Bobines<\/li>\n<li>Brides<\/li>\n<\/ul>\n<\/div>\n<div class=\"clear\"><\/div>\n<h3 class=\"title\"><span>Mat\u00e9riaux des pi\u00e8ces destin\u00e9es au secteur de l\u2019\u00e9nergie<\/span><\/h3>\n<p>Castinox fabrique des pi\u00e8ces dans les meilleurs mat\u00e9riaux.<strong> Dans le domaine de l\u2019\u00e9nergie, nous travaillons notamment avec :<\/strong><\/p>\n<ul>\n<li><a href=\"https:\/\/www.castinox.net\/fr\/materiaux\/acier-inoxydable\/aciers-austenitiques\/\">Aciers inoxydables aust\u00e9nitiques<\/a><\/li>\n<li><a href=\"https:\/\/www.castinox.net\/fr\/materiaux\/acier-inoxydable\/aciers-martensitiques\/\">Aciers inoxydables martensitiques<\/a><\/li>\n<li><a href=\"https:\/\/www.castinox.net\/fr\/materiaux\/alliage-duplex-super-duplex\/\">Aciers duplex-superduplex<\/a><\/li>\n<li><a href=\"https:\/\/www.castinox.net\/fr\/materiaux\/acier-au-carbone\/\">Aciers au carbone<\/a><\/li>\n<li><a href=\"https:\/\/www.castinox.net\/fr\/materiaux\/acier-au-carbone-cryogenique\/\">Aciers au carbone cryog\u00e9nique<\/a><\/li>\n<li><a href=\"https:\/\/www.castinox.net\/fr\/materiaux\/aciers-faiblement-allies\/\">Aciers faiblement alli\u00e9s<\/a><\/li>\n<li><a href=\"https:\/\/www.castinox.net\/fr\/materiaux\/alliages-base-nickel\/\">Aciers base nickel<\/a><\/li>\n<li><a href=\"https:\/\/www.castinox.net\/fr\/materiaux\/alliages-base-cobalt\/\">Aciers base cobalt<\/a><\/li>\n<\/ul>\n<div class=\"gap\" style=\"height: 20px;\"><\/div>\n<p><a class=\" button alternative-1 medium\" href=\"https:\/\/www.castinox.net\/fr\/contactez\/\" rel=\"slides[buttonlightbox]\"><i class=\"icon-share-alt\"><\/i>Demandez un devis<\/a><\/p>\n<div class=\"gap\" style=\"height: 25px;\"><\/div>\n\n\t\t\t<!-- START piezas energia REVOLUTION SLIDER 6.7.41 --><p class=\"rs-p-wp-fix\"><\/p>\n\t\t\t<rs-module-wrap id=\"rev_slider_7_1_wrapper\" data-source=\"gallery\" data-aimg=\"\"  style=\"visibility:hidden;background:#E9E9E9;padding:0;margin:0px auto;margin-top:0;margin-bottom:0;max-width:640px;\">\n\t\t\t\t<rs-module id=\"rev_slider_7_1\" style=\"\" data-version=\"6.7.41\">\n\t\t\t\t\t<rs-slides style=\"overflow: hidden; position: absolute;\">\n\t\t\t\t\t\t<rs-slide style=\"position: absolute;\" data-key=\"rs-32\" data-title=\"Slide\" data-anim=\"ms:300;\" data-in=\"x:-100%;\">\n\t\t\t\t\t\t\t<img decoding=\"async\" src=\"\/\/www.castinox.net\/wp-content\/plugins\/revslider\/sr6\/assets\/assets\/dummy.png\" alt=\"\" title=\"Secteur \u00e9nerg\u00e9tique\" class=\"rev-slidebg tp-rs-img rs-lazyload\" data-lazyload=\"\/\/www.castinox.net\/imagenes\/turbina-francis.jpg\" data-no-retina>\n<!--\n\t\t\t\t\t\t\t--><rs-layer\n\t\t\t\t\t\t\t\tid=\"slider-7-slide-32-layer-0\" \n\t\t\t\t\t\t\t\tclass=\"medium_whitebg\"\n\t\t\t\t\t\t\t\tdata-type=\"text\"\n\t\t\t\t\t\t\t\tdata-color=\"#ffffff\"\n\t\t\t\t\t\t\t\tdata-xy=\"x:c;y:b;yo:10px;\"\n\t\t\t\t\t\t\t\tdata-frame_1=\"e:easeOutExpo;st:500;\"\n\t\t\t\t\t\t\t\tdata-frame_999=\"st:8400;auto:true;\"\n\t\t\t\t\t\t\t\tstyle=\"z-index:5;font-family:'Roboto';\"\n\t\t\t\t\t\t\t>Pieza Turbina Francis \n\t\t\t\t\t\t\t<\/rs-layer><!--\n-->\t\t\t\t\t<\/rs-slide>\n\t\t\t\t\t\t<rs-slide style=\"position: absolute;\" data-key=\"rs-33\" data-title=\"Slide\" data-anim=\"ms:300;\" data-in=\"x:-100%;\">\n\t\t\t\t\t\t\t<img decoding=\"async\" src=\"\/\/www.castinox.net\/wp-content\/plugins\/revslider\/sr6\/assets\/assets\/dummy.png\" alt=\"\" title=\"Secteur \u00e9nerg\u00e9tique\" class=\"rev-slidebg tp-rs-img rs-lazyload\" data-lazyload=\"\/\/www.castinox.net\/imagenes\/turbina-kaplan.jpg\" data-no-retina>\n<!--\n\t\t\t\t\t\t\t--><rs-layer\n\t\t\t\t\t\t\t\tid=\"slider-7-slide-33-layer-1\" \n\t\t\t\t\t\t\t\tclass=\"medium_whitebg\"\n\t\t\t\t\t\t\t\tdata-type=\"text\"\n\t\t\t\t\t\t\t\tdata-color=\"#ffffff\"\n\t\t\t\t\t\t\t\tdata-xy=\"x:c;y:b;yo:10px;\"\n\t\t\t\t\t\t\t\tdata-frame_1=\"e:easeOutExpo;st:500;\"\n\t\t\t\t\t\t\t\tdata-frame_999=\"st:8400;auto:true;\"\n\t\t\t\t\t\t\t\tstyle=\"z-index:5;font-family:'Roboto';\"\n\t\t\t\t\t\t\t>Pieza Turbina Kaplan \n\t\t\t\t\t\t\t<\/rs-layer><!--\n-->\t\t\t\t\t<\/rs-slide>\n\t\t\t\t\t<\/rs-slides>\n\t\t\t\t<\/rs-module>\n\t\t\t\t<script>\n\t\t\t\t\tsetREVStartSize({c: 'rev_slider_7_1',rl:[1240,1024,778,480],el:[450],gw:[600],gh:[450],type:'standard',justify:'',layout:'fullwidth',mh:\"0\"});if (window.RS_MODULES!==undefined && window.RS_MODULES.modules!==undefined && window.RS_MODULES.modules[\"revslider71\"]!==undefined) {window.RS_MODULES.modules[\"revslider71\"].once = false;window.revapi7 = undefined;if (window.RS_MODULES.checkMinimal!==undefined) window.RS_MODULES.checkMinimal()}\n\t\t\t\t<\/script>\n\t\t\t<\/rs-module-wrap>\n\t\t\t<!-- END REVOLUTION SLIDER -->\n\n","protected":false},"excerpt":{"rendered":"<p>Pi\u00e8ces et composants pour le secteur de l\u2019industrie \u00e9nerg\u00e9tique Chez Fundiciones Castinox nous fabriquons diff\u00e9rents types de composants pour turbines de l&rsquo;industrie \u00e9nerg\u00e9tique. Nous fabriquons des composants pour turbines: Castinox\u2026 <a href=\"https:\/\/www.castinox.net\/fr\/produits\/pieces-industrielles\/secteur-energetique\/\" class=\"read-more-link\">leer m\u00e1s &rarr;<\/a><\/p>\n","protected":false},"author":1,"featured_media":0,"parent":1506,"menu_order":0,"comment_status":"open","ping_status":"open","template":"","meta":{"footnotes":""},"class_list":["post-1509","page","type-page","status-publish","hentry"],"yoast_head":"<!-- This site is optimized with the Yoast SEO plugin v27.1.1 - https:\/\/yoast.com\/product\/yoast-seo-wordpress\/ -->\n<title>Pi\u00e8ces pour le secteur \u00e9nerg\u00e9tique et Turbine Pelton | Castinox<\/title>\n<meta name=\"description\" content=\"Composants et pi\u00e8ces pour le secteur \u00e9nerg\u00e9tique. Pi\u00e8ces pour turbine pelton, turbine francis, turbine pelton. Conseil technique pour la fabrication. Contactez-nous!\" \/>\n<meta name=\"robots\" content=\"index, follow, max-snippet:-1, max-image-preview:large, max-video-preview:-1\" \/>\n<link rel=\"canonical\" href=\"https:\/\/www.castinox.net\/fr\/produits\/pieces-industrielles\/secteur-energetique\/\" \/>\n<meta property=\"og:locale\" content=\"fr_FR\" \/>\n<meta property=\"og:type\" content=\"article\" \/>\n<meta property=\"og:title\" content=\"Pi\u00e8ces pour le secteur \u00e9nerg\u00e9tique et Turbine Pelton | Castinox\" \/>\n<meta property=\"og:description\" content=\"Composants et pi\u00e8ces pour le secteur \u00e9nerg\u00e9tique. Pi\u00e8ces pour turbine pelton, turbine francis, turbine pelton. Conseil technique pour la fabrication. Contactez-nous!\" \/>\n<meta property=\"og:url\" content=\"https:\/\/www.castinox.net\/fr\/produits\/pieces-industrielles\/secteur-energetique\/\" \/>\n<meta property=\"og:site_name\" content=\"Fonderie d\u2019acier inoxydable \u00e0 Amurrio - Alava\" \/>\n<meta property=\"article:modified_time\" content=\"2022-09-22T12:27:32+00:00\" \/>\n<meta property=\"og:image\" content=\"https:\/\/www.castinox.net\/imagenes\/piezas-sector-energetico.jpg\" \/>\n<meta name=\"twitter:label1\" content=\"Dur\u00e9e de lecture estim\u00e9e\" \/>\n\t<meta name=\"twitter:data1\" content=\"1 minute\" \/>\n<script type=\"application\/ld+json\" class=\"yoast-schema-graph\">{\"@context\":\"https:\/\/schema.org\",\"@graph\":[{\"@type\":\"WebPage\",\"@id\":\"https:\/\/www.castinox.net\/fr\/produits\/pieces-industrielles\/secteur-energetique\/\",\"url\":\"https:\/\/www.castinox.net\/fr\/produits\/pieces-industrielles\/secteur-energetique\/\",\"name\":\"Pi\u00e8ces pour le secteur \u00e9nerg\u00e9tique et Turbine Pelton | Castinox\",\"isPartOf\":{\"@id\":\"https:\/\/www.castinox.net\/#website\"},\"primaryImageOfPage\":{\"@id\":\"https:\/\/www.castinox.net\/fr\/produits\/pieces-industrielles\/secteur-energetique\/#primaryimage\"},\"image\":{\"@id\":\"https:\/\/www.castinox.net\/fr\/produits\/pieces-industrielles\/secteur-energetique\/#primaryimage\"},\"thumbnailUrl\":\"https:\/\/www.castinox.net\/imagenes\/piezas-sector-energetico.jpg\",\"datePublished\":\"2015-04-13T07:37:50+00:00\",\"dateModified\":\"2022-09-22T12:27:32+00:00\",\"description\":\"Composants et pi\u00e8ces pour le secteur \u00e9nerg\u00e9tique. Pi\u00e8ces pour turbine pelton, turbine francis, turbine pelton. Conseil technique pour la fabrication. Contactez-nous!\",\"breadcrumb\":{\"@id\":\"https:\/\/www.castinox.net\/fr\/produits\/pieces-industrielles\/secteur-energetique\/#breadcrumb\"},\"inLanguage\":\"fr-FR\",\"potentialAction\":[{\"@type\":\"ReadAction\",\"target\":[\"https:\/\/www.castinox.net\/fr\/produits\/pieces-industrielles\/secteur-energetique\/\"]}]},{\"@type\":\"ImageObject\",\"inLanguage\":\"fr-FR\",\"@id\":\"https:\/\/www.castinox.net\/fr\/produits\/pieces-industrielles\/secteur-energetique\/#primaryimage\",\"url\":\"https:\/\/www.castinox.net\/imagenes\/piezas-sector-energetico.jpg\",\"contentUrl\":\"https:\/\/www.castinox.net\/imagenes\/piezas-sector-energetico.jpg\"},{\"@type\":\"BreadcrumbList\",\"@id\":\"https:\/\/www.castinox.net\/fr\/produits\/pieces-industrielles\/secteur-energetique\/#breadcrumb\",\"itemListElement\":[{\"@type\":\"ListItem\",\"position\":1,\"name\":\"Produits\",\"item\":\"https:\/\/www.castinox.net\/fr\/produits\/\"},{\"@type\":\"ListItem\",\"position\":2,\"name\":\"Autres pi\u00e8ces\",\"item\":\"https:\/\/www.castinox.net\/fr\/produits\/pieces-industrielles\/\"},{\"@type\":\"ListItem\",\"position\":3,\"name\":\"Secteur \u00e9nerg\u00e9tique\"}]},{\"@type\":\"WebSite\",\"@id\":\"https:\/\/www.castinox.net\/#website\",\"url\":\"https:\/\/www.castinox.net\/\",\"name\":\"Fonderie d\u2019acier inoxydable \u00e0 Amurrio - Alava\",\"description\":\"\",\"potentialAction\":[{\"@type\":\"SearchAction\",\"target\":{\"@type\":\"EntryPoint\",\"urlTemplate\":\"https:\/\/www.castinox.net\/?s={search_term_string}\"},\"query-input\":{\"@type\":\"PropertyValueSpecification\",\"valueRequired\":true,\"valueName\":\"search_term_string\"}}],\"inLanguage\":\"fr-FR\"}]}<\/script>\n<!-- \/ Yoast SEO plugin. -->","yoast_head_json":{"title":"Pi\u00e8ces pour le secteur \u00e9nerg\u00e9tique et Turbine Pelton | Castinox","description":"Composants et pi\u00e8ces pour le secteur \u00e9nerg\u00e9tique. Pi\u00e8ces pour turbine pelton, turbine francis, turbine pelton. Conseil technique pour la fabrication. Contactez-nous!","robots":{"index":"index","follow":"follow","max-snippet":"max-snippet:-1","max-image-preview":"max-image-preview:large","max-video-preview":"max-video-preview:-1"},"canonical":"https:\/\/www.castinox.net\/fr\/produits\/pieces-industrielles\/secteur-energetique\/","og_locale":"fr_FR","og_type":"article","og_title":"Pi\u00e8ces pour le secteur \u00e9nerg\u00e9tique et Turbine Pelton | Castinox","og_description":"Composants et pi\u00e8ces pour le secteur \u00e9nerg\u00e9tique. Pi\u00e8ces pour turbine pelton, turbine francis, turbine pelton. Conseil technique pour la fabrication. Contactez-nous!","og_url":"https:\/\/www.castinox.net\/fr\/produits\/pieces-industrielles\/secteur-energetique\/","og_site_name":"Fonderie d\u2019acier inoxydable \u00e0 Amurrio - Alava","article_modified_time":"2022-09-22T12:27:32+00:00","og_image":[{"url":"https:\/\/www.castinox.net\/imagenes\/piezas-sector-energetico.jpg","type":"","width":"","height":""}],"twitter_misc":{"Dur\u00e9e de lecture estim\u00e9e":"1 minute"},"schema":{"@context":"https:\/\/schema.org","@graph":[{"@type":"WebPage","@id":"https:\/\/www.castinox.net\/fr\/produits\/pieces-industrielles\/secteur-energetique\/","url":"https:\/\/www.castinox.net\/fr\/produits\/pieces-industrielles\/secteur-energetique\/","name":"Pi\u00e8ces pour le secteur \u00e9nerg\u00e9tique et Turbine Pelton | Castinox","isPartOf":{"@id":"https:\/\/www.castinox.net\/#website"},"primaryImageOfPage":{"@id":"https:\/\/www.castinox.net\/fr\/produits\/pieces-industrielles\/secteur-energetique\/#primaryimage"},"image":{"@id":"https:\/\/www.castinox.net\/fr\/produits\/pieces-industrielles\/secteur-energetique\/#primaryimage"},"thumbnailUrl":"https:\/\/www.castinox.net\/imagenes\/piezas-sector-energetico.jpg","datePublished":"2015-04-13T07:37:50+00:00","dateModified":"2022-09-22T12:27:32+00:00","description":"Composants et pi\u00e8ces pour le secteur \u00e9nerg\u00e9tique. Pi\u00e8ces pour turbine pelton, turbine francis, turbine pelton. Conseil technique pour la fabrication. Contactez-nous!","breadcrumb":{"@id":"https:\/\/www.castinox.net\/fr\/produits\/pieces-industrielles\/secteur-energetique\/#breadcrumb"},"inLanguage":"fr-FR","potentialAction":[{"@type":"ReadAction","target":["https:\/\/www.castinox.net\/fr\/produits\/pieces-industrielles\/secteur-energetique\/"]}]},{"@type":"ImageObject","inLanguage":"fr-FR","@id":"https:\/\/www.castinox.net\/fr\/produits\/pieces-industrielles\/secteur-energetique\/#primaryimage","url":"https:\/\/www.castinox.net\/imagenes\/piezas-sector-energetico.jpg","contentUrl":"https:\/\/www.castinox.net\/imagenes\/piezas-sector-energetico.jpg"},{"@type":"BreadcrumbList","@id":"https:\/\/www.castinox.net\/fr\/produits\/pieces-industrielles\/secteur-energetique\/#breadcrumb","itemListElement":[{"@type":"ListItem","position":1,"name":"Produits","item":"https:\/\/www.castinox.net\/fr\/produits\/"},{"@type":"ListItem","position":2,"name":"Autres pi\u00e8ces","item":"https:\/\/www.castinox.net\/fr\/produits\/pieces-industrielles\/"},{"@type":"ListItem","position":3,"name":"Secteur \u00e9nerg\u00e9tique"}]},{"@type":"WebSite","@id":"https:\/\/www.castinox.net\/#website","url":"https:\/\/www.castinox.net\/","name":"Fonderie d\u2019acier inoxydable \u00e0 Amurrio - Alava","description":"","potentialAction":[{"@type":"SearchAction","target":{"@type":"EntryPoint","urlTemplate":"https:\/\/www.castinox.net\/?s={search_term_string}"},"query-input":{"@type":"PropertyValueSpecification","valueRequired":true,"valueName":"search_term_string"}}],"inLanguage":"fr-FR"}]}},"_links":{"self":[{"href":"https:\/\/www.castinox.net\/fr\/wp-json\/wp\/v2\/pages\/1509","targetHints":{"allow":["GET"]}}],"collection":[{"href":"https:\/\/www.castinox.net\/fr\/wp-json\/wp\/v2\/pages"}],"about":[{"href":"https:\/\/www.castinox.net\/fr\/wp-json\/wp\/v2\/types\/page"}],"author":[{"embeddable":true,"href":"https:\/\/www.castinox.net\/fr\/wp-json\/wp\/v2\/users\/1"}],"replies":[{"embeddable":true,"href":"https:\/\/www.castinox.net\/fr\/wp-json\/wp\/v2\/comments?post=1509"}],"version-history":[{"count":0,"href":"https:\/\/www.castinox.net\/fr\/wp-json\/wp\/v2\/pages\/1509\/revisions"}],"up":[{"embeddable":true,"href":"https:\/\/www.castinox.net\/fr\/wp-json\/wp\/v2\/pages\/1506"}],"wp:attachment":[{"href":"https:\/\/www.castinox.net\/fr\/wp-json\/wp\/v2\/media?parent=1509"}],"curies":[{"name":"wp","href":"https:\/\/api.w.org\/{rel}","templated":true}]}}