{"id":1517,"date":"2015-04-13T09:58:42","date_gmt":"2015-04-13T07:58:42","guid":{"rendered":"https:\/\/www.castinox.net\/?page_id=1517"},"modified":"2015-04-13T14:18:01","modified_gmt":"2015-04-13T12:18:01","slug":"materiaux","status":"publish","type":"page","link":"https:\/\/www.castinox.net\/fr\/materiaux\/","title":{"rendered":"Mat\u00e9riaux"},"content":{"rendered":"<h2>Nous travaillons avec des aciers et des alliages de premi\u00e8re qualit\u00e9<\/h2>\n<p><img loading=\"lazy\" decoding=\"async\" class=\"alignnone size-full wp-image-924\" src=\"https:\/\/www.castinox.net\/imagenes\/materiales-castinox.jpg\" alt=\"Mat\u00e9riaux-pi\u00e8ces-Castinox\" width=\"640\" height=\"337\" srcset=\"https:\/\/www.castinox.net\/imagenes\/materiales-castinox.jpg 640w, https:\/\/www.castinox.net\/imagenes\/materiales-castinox-300x157.jpg 300w\" sizes=\"auto, (max-width: 640px) 100vw, 640px\" \/><\/p>\n<p>Chez Castinox nous fabriquons tous nos produits sur la base d\u2019une <strong>grande vari\u00e9t\u00e9 d&rsquo;aciers qui respectent les diff\u00e9rentes r\u00e9glementations<\/strong> du secteur. Gr\u00e2ce \u00e0 la grande <strong>vari\u00e9t\u00e9 d\u2019alliages<\/strong> que nous proposons, Castinox est en mesure de fournir des \u00e9l\u00e9ments de robinetterie \u00e0 des nombreux secteurs et march\u00e9s.  <\/p>\n<p>Parmi <strong>les aciers et les alliages <\/strong>les plus employ\u00e9s nous trouvons :<\/p>\n<div class=\"accordion\" rel=\"1\">\n<div class=\"accordion-title\"><a href=\"#\"><strong>Les aciers inoxydables<\/strong><\/a><\/div>\n<div class=\"accordion-inner\"><a href=\"https:\/\/www.castinox.net\/fr\/materiaux\/acier-inoxydable\/\">L\u2019acier inoxydable<\/a> \u00e9vite la corrosion des pi\u00e8ces gr\u00e2ce \u00e0 son alliage avec d\u2019autres mat\u00e9riaux comme le chrome. En raison de <strong>sa forte r\u00e9sistance<\/strong>, l\u2019acier inoxydable est <strong>un des mat\u00e9riaux les plus utilis\u00e9s dans le secteur industriel<\/strong>, applicable \u00e0 de nombreuses industries. <\/p>\n<p>Notre <strong>gamme de produits inox compte certaines variations<\/strong> en fonction des diff\u00e9rents besoins de nos clients:<\/p>\n<ul>\n<li><a href=\"https:\/\/www.castinox.net\/fr\/materiaux\/acier-inoxydable\/aciers-ferritiques\/\">Ferritiques<\/a><\/li>\n<li><a href=\"https:\/\/www.castinox.net\/fr\/materiaux\/acier-inoxydable\/aciers-martensitiques\/\">Martensitiques<\/a><\/li>\n<li><a href=\"https:\/\/www.castinox.net\/fr\/materiaux\/acier-inoxydable\/aciers-austenitiques\/\">Aust\u00e9nitiques<\/a><\/li>\n<\/ul>\n<\/div>\n<div class=\"accordion-title\"><a href=\"#\"><strong>Les aciers au carbone<\/strong><\/a><\/div>\n<div class=\"accordion-inner\"><a href=\"https:\/\/www.castinox.net\/fr\/materiaux\/acier-au-carbone\/\">L\u2019acier au carbone<\/a> est un mat\u00e9riau compos\u00e9 d\u2019autres substances, outre le <strong>carbone, comme le fer et le mangan\u00e8se<\/strong>. Ses propri\u00e9t\u00e9s sont d\u00e9termin\u00e9es par la teneur en carbone, usuellement inf\u00e9rieure \u00e0 2%, et par le <strong>traitement thermique<\/strong> auquel il est soumis. En g\u00e9n\u00e9ral, la composition de ce type d\u2019acier <strong>s\u2019adapte parfaitement \u00e0 la construction m\u00e9canique<\/strong> et au <strong>fa\u00e7onnage de pi\u00e8ces d\u2019usage courant<\/strong>.<\/div>\n<div class=\"accordion-title\"><a href=\"#\"><strong>Les aciers au carbone cryog\u00e9niques<\/strong><\/a><\/div>\n<div class=\"accordion-inner\"><a href=\"https:\/\/www.castinox.net\/fr\/materiaux\/acier-au-carbone-cryogenique\/\">L\u2019acier au carbone cryog\u00e9nique<\/a> est pr\u00e9par\u00e9 pour<strong> maintenir une bonne r\u00e9sistance face aux basses temp\u00e9ratures<\/strong>. Sa propri\u00e9t\u00e9 la plus particuli\u00e8re est la <strong>t\u00e9nacit\u00e9,<\/strong> du fait d\u2019un changement de comportement de ductile \u00e0 fragile lorsque la temp\u00e9rature diminue jusqu\u2019au point critique de transition.<\/div>\n<div class=\"accordion-title\"><a href=\"#\"><strong>Les aciers faiblement alli\u00e9s<\/strong><\/a><\/div>\n<div class=\"accordion-inner\"><a href=\"https:\/\/www.castinox.net\/fr\/materiaux\/aciers-faiblement-allies\/\">Les aciers faiblement alli\u00e9s<\/a> contiennent <strong>jusqu\u2019\u00e0 0,22% de carbone et s\u2019adaptent parfaitement au soudage<\/strong>, bien qu\u2019en fonction de la teneur en carbone et autres composants tels que l\u2019hydrog\u00e8ne, le nitrog\u00e8ne ou l\u2019oxyg\u00e8ne, le soudage sera plus ou moins facile. Les propri\u00e9t\u00e9s les plus notables de ce mat\u00e9riau sont ses <strong>propri\u00e9t\u00e9s m\u00e9caniques et sa grande r\u00e9sistance \u00e0 la fissuration<\/strong>.<\/div>\n<div class=\"accordion-title\"><a href=\"#\"><strong>Les aciers r\u00e9fractaires<\/strong><\/a><\/div>\n<div class=\"accordion-inner\"><a href=\"https:\/\/www.castinox.net\/fr\/materiaux\/acier-refractaire\/\">L\u2019acier r\u00e9fractaire<\/a> est caract\u00e9ris\u00e9 par <strong>l\u2019augmentation de la temp\u00e9rature sur le m\u00e9tal<\/strong>. Ceci produit une diminution de la rigidit\u00e9 qui fait que ce type d\u2019acier soit <strong>parfait pour l\u2019industrie sid\u00e9rurgique<\/strong> et pour les fours de <strong>traitement thermique<\/strong>.<\/div>\n<div class=\"accordion-title\"><a href=\"#\"><strong>Les aciers duplex et super duplex<\/strong><\/a><\/div>\n<div class=\"accordion-inner\"><a href=\"https:\/\/www.castinox.net\/fr\/materiaux\/alliage-duplex-super-duplex\/\">Les aciers duplex et super duplex<\/a> sont <strong>tr\u00e8s r\u00e9sistants \u00e0 la corrosion<\/strong> et ont d&rsquo;importantes <strong>propri\u00e9t\u00e9s m\u00e9caniques <\/strong>gr\u00e2ce \u00e0 leur composition avec du chrome et du nickel. Leur caract\u00e9ristique principale est leur <strong>r\u00e9sistance \u00e0 la fissuration corrosive <\/strong>par chlorures. Il s\u2019agit d\u2019aciers ayant un haut degr\u00e9 de force et de r\u00e9sistance g\u00e9n\u00e9rale et un faible niveau d\u2019expansion thermique.<\/div>\n<div class=\"accordion-title\"><a href=\"#\"><strong>Les alliages base nickel<\/strong><\/a><\/div>\n<div class=\"accordion-inner\"><a href=\"https:\/\/www.castinox.net\/fr\/materiaux\/alliages-base-nickel\/\">Les alliages base nickel<\/a> sont devenus un <strong>mat\u00e9riau habituel dans le secteur industriel<\/strong> gr\u00e2ce \u00e0 leurs propri\u00e9t\u00e9s: <strong>r\u00e9sistance \u00e0 la chaleur et au froid<\/strong>, <strong>faible corrosion<\/strong> et <strong>r\u00e9sistance<\/strong> \u00e0 l\u2019oxydation, etc. Ces alliages s\u2019adaptent parfaitement aux zones qui subissent des <strong>conditions extr\u00eames<\/strong> o\u00f9 les aciers inoxydables ne sont pas ad\u00e9quats.<\/div>\n<div class=\"accordion-title\"><a href=\"#\"><strong>Les alliages base cobalt<\/strong><\/a><\/div>\n<div class=\"accordion-inner\"><a href=\"https:\/\/www.castinox.net\/fr\/materiaux\/alliages-base-cobalt\/\">Les alliages base cobalt<\/a> poss\u00e8dent une <strong>grande r\u00e9sistance \u00e0 la chaleur<\/strong> et \u00e0 l\u2019usure que celle-ci provoque. Le fait que leurs propri\u00e9t\u00e9s soient similaires \u00e0 celles du nickel et leur difficult\u00e9 de fabrication font qu\u2019ils soient moins populaires que les alliages base nickel. Ils sont indiqu\u00e9s pour les <strong>surfaces dures, r\u00e9sistantes \u00e0 l\u2019usure<\/strong>.<\/div>\n<\/div>\n<div class=\"gap\" style=\"height: 30px;\"><\/div>\n<p><a class=\" button alternative-1 medium\" href=\"https:\/\/www.castinox.net\/fr\/contactez\/\" rel=\"slides[buttonlightbox]\"><i class=\"icon-share-alt\"><\/i>Demandez un devis<\/a><\/p>\n","protected":false},"excerpt":{"rendered":"<p>Nous travaillons avec des aciers et des alliages de premi\u00e8re qualit\u00e9 Chez Castinox nous fabriquons tous nos produits sur la base d\u2019une grande vari\u00e9t\u00e9 d&rsquo;aciers qui respectent les diff\u00e9rentes r\u00e9glementations\u2026 <a href=\"https:\/\/www.castinox.net\/fr\/materiaux\/\" class=\"read-more-link\">leer m\u00e1s &rarr;<\/a><\/p>\n","protected":false},"author":1,"featured_media":0,"parent":0,"menu_order":3,"comment_status":"open","ping_status":"closed","template":"","meta":{"footnotes":""},"class_list":["post-1517","page","type-page","status-publish","hentry"],"yoast_head":"<!-- This site is optimized with the Yoast SEO plugin v27.1.1 - https:\/\/yoast.com\/product\/yoast-seo-wordpress\/ -->\n<title>Fonderie avec des mat\u00e9riaux d\u2019excellente qualit\u00e9 : aciers inoxydables<\/title>\n<meta name=\"description\" content=\"Fundiciones Castinox utilise les meilleurs mat\u00e9riaux : des aciers inoxydables de haute qualit\u00e9 et des alliages sp\u00e9ciaux pour vous offrir le meilleur service\" \/>\n<meta name=\"robots\" content=\"index, follow, max-snippet:-1, max-image-preview:large, max-video-preview:-1\" \/>\n<link rel=\"canonical\" href=\"https:\/\/www.castinox.net\/fr\/materiaux\/\" \/>\n<meta property=\"og:locale\" content=\"fr_FR\" \/>\n<meta property=\"og:type\" content=\"article\" \/>\n<meta property=\"og:title\" content=\"Fonderie avec des mat\u00e9riaux d\u2019excellente qualit\u00e9 : aciers inoxydables\" \/>\n<meta property=\"og:description\" content=\"Fundiciones Castinox utilise les meilleurs mat\u00e9riaux : des aciers inoxydables de haute qualit\u00e9 et des alliages sp\u00e9ciaux pour vous offrir le meilleur service\" \/>\n<meta property=\"og:url\" content=\"https:\/\/www.castinox.net\/fr\/materiaux\/\" \/>\n<meta property=\"og:site_name\" content=\"Fonderie d\u2019acier inoxydable \u00e0 Amurrio - Alava\" \/>\n<meta property=\"article:modified_time\" content=\"2015-04-13T12:18:01+00:00\" \/>\n<meta property=\"og:image\" content=\"https:\/\/www.castinox.net\/imagenes\/materiales-castinox.jpg\" \/>\n<meta name=\"twitter:label1\" content=\"Dur\u00e9e de lecture estim\u00e9e\" \/>\n\t<meta name=\"twitter:data1\" content=\"3 minutes\" \/>\n<script type=\"application\/ld+json\" class=\"yoast-schema-graph\">{\"@context\":\"https:\/\/schema.org\",\"@graph\":[{\"@type\":\"WebPage\",\"@id\":\"https:\/\/www.castinox.net\/fr\/materiaux\/\",\"url\":\"https:\/\/www.castinox.net\/fr\/materiaux\/\",\"name\":\"Fonderie avec des mat\u00e9riaux d\u2019excellente qualit\u00e9 : aciers inoxydables\",\"isPartOf\":{\"@id\":\"https:\/\/www.castinox.net\/#website\"},\"primaryImageOfPage\":{\"@id\":\"https:\/\/www.castinox.net\/fr\/materiaux\/#primaryimage\"},\"image\":{\"@id\":\"https:\/\/www.castinox.net\/fr\/materiaux\/#primaryimage\"},\"thumbnailUrl\":\"https:\/\/www.castinox.net\/imagenes\/materiales-castinox.jpg\",\"datePublished\":\"2015-04-13T07:58:42+00:00\",\"dateModified\":\"2015-04-13T12:18:01+00:00\",\"description\":\"Fundiciones Castinox utilise les meilleurs mat\u00e9riaux : des aciers inoxydables de haute qualit\u00e9 et des alliages sp\u00e9ciaux pour vous offrir le meilleur service\",\"inLanguage\":\"fr-FR\",\"potentialAction\":[{\"@type\":\"ReadAction\",\"target\":[\"https:\/\/www.castinox.net\/fr\/materiaux\/\"]}]},{\"@type\":\"ImageObject\",\"inLanguage\":\"fr-FR\",\"@id\":\"https:\/\/www.castinox.net\/fr\/materiaux\/#primaryimage\",\"url\":\"https:\/\/www.castinox.net\/imagenes\/materiales-castinox.jpg\",\"contentUrl\":\"https:\/\/www.castinox.net\/imagenes\/materiales-castinox.jpg\"},{\"@type\":\"WebSite\",\"@id\":\"https:\/\/www.castinox.net\/#website\",\"url\":\"https:\/\/www.castinox.net\/\",\"name\":\"Fonderie d\u2019acier inoxydable \u00e0 Amurrio - Alava\",\"description\":\"\",\"potentialAction\":[{\"@type\":\"SearchAction\",\"target\":{\"@type\":\"EntryPoint\",\"urlTemplate\":\"https:\/\/www.castinox.net\/?s={search_term_string}\"},\"query-input\":{\"@type\":\"PropertyValueSpecification\",\"valueRequired\":true,\"valueName\":\"search_term_string\"}}],\"inLanguage\":\"fr-FR\"}]}<\/script>\n<!-- \/ Yoast SEO plugin. -->","yoast_head_json":{"title":"Fonderie avec des mat\u00e9riaux d\u2019excellente qualit\u00e9 : aciers inoxydables","description":"Fundiciones Castinox utilise les meilleurs mat\u00e9riaux : des aciers inoxydables de haute qualit\u00e9 et des alliages sp\u00e9ciaux pour vous offrir le meilleur service","robots":{"index":"index","follow":"follow","max-snippet":"max-snippet:-1","max-image-preview":"max-image-preview:large","max-video-preview":"max-video-preview:-1"},"canonical":"https:\/\/www.castinox.net\/fr\/materiaux\/","og_locale":"fr_FR","og_type":"article","og_title":"Fonderie avec des mat\u00e9riaux d\u2019excellente qualit\u00e9 : aciers inoxydables","og_description":"Fundiciones Castinox utilise les meilleurs mat\u00e9riaux : des aciers inoxydables de haute qualit\u00e9 et des alliages sp\u00e9ciaux pour vous offrir le meilleur service","og_url":"https:\/\/www.castinox.net\/fr\/materiaux\/","og_site_name":"Fonderie d\u2019acier inoxydable \u00e0 Amurrio - Alava","article_modified_time":"2015-04-13T12:18:01+00:00","og_image":[{"url":"https:\/\/www.castinox.net\/imagenes\/materiales-castinox.jpg","type":"","width":"","height":""}],"twitter_misc":{"Dur\u00e9e de lecture estim\u00e9e":"3 minutes"},"schema":{"@context":"https:\/\/schema.org","@graph":[{"@type":"WebPage","@id":"https:\/\/www.castinox.net\/fr\/materiaux\/","url":"https:\/\/www.castinox.net\/fr\/materiaux\/","name":"Fonderie avec des mat\u00e9riaux d\u2019excellente qualit\u00e9 : aciers inoxydables","isPartOf":{"@id":"https:\/\/www.castinox.net\/#website"},"primaryImageOfPage":{"@id":"https:\/\/www.castinox.net\/fr\/materiaux\/#primaryimage"},"image":{"@id":"https:\/\/www.castinox.net\/fr\/materiaux\/#primaryimage"},"thumbnailUrl":"https:\/\/www.castinox.net\/imagenes\/materiales-castinox.jpg","datePublished":"2015-04-13T07:58:42+00:00","dateModified":"2015-04-13T12:18:01+00:00","description":"Fundiciones Castinox utilise les meilleurs mat\u00e9riaux : des aciers inoxydables de haute qualit\u00e9 et des alliages sp\u00e9ciaux pour vous offrir le meilleur service","inLanguage":"fr-FR","potentialAction":[{"@type":"ReadAction","target":["https:\/\/www.castinox.net\/fr\/materiaux\/"]}]},{"@type":"ImageObject","inLanguage":"fr-FR","@id":"https:\/\/www.castinox.net\/fr\/materiaux\/#primaryimage","url":"https:\/\/www.castinox.net\/imagenes\/materiales-castinox.jpg","contentUrl":"https:\/\/www.castinox.net\/imagenes\/materiales-castinox.jpg"},{"@type":"WebSite","@id":"https:\/\/www.castinox.net\/#website","url":"https:\/\/www.castinox.net\/","name":"Fonderie d\u2019acier inoxydable \u00e0 Amurrio - Alava","description":"","potentialAction":[{"@type":"SearchAction","target":{"@type":"EntryPoint","urlTemplate":"https:\/\/www.castinox.net\/?s={search_term_string}"},"query-input":{"@type":"PropertyValueSpecification","valueRequired":true,"valueName":"search_term_string"}}],"inLanguage":"fr-FR"}]}},"_links":{"self":[{"href":"https:\/\/www.castinox.net\/fr\/wp-json\/wp\/v2\/pages\/1517","targetHints":{"allow":["GET"]}}],"collection":[{"href":"https:\/\/www.castinox.net\/fr\/wp-json\/wp\/v2\/pages"}],"about":[{"href":"https:\/\/www.castinox.net\/fr\/wp-json\/wp\/v2\/types\/page"}],"author":[{"embeddable":true,"href":"https:\/\/www.castinox.net\/fr\/wp-json\/wp\/v2\/users\/1"}],"replies":[{"embeddable":true,"href":"https:\/\/www.castinox.net\/fr\/wp-json\/wp\/v2\/comments?post=1517"}],"version-history":[{"count":0,"href":"https:\/\/www.castinox.net\/fr\/wp-json\/wp\/v2\/pages\/1517\/revisions"}],"wp:attachment":[{"href":"https:\/\/www.castinox.net\/fr\/wp-json\/wp\/v2\/media?parent=1517"}],"curies":[{"name":"wp","href":"https:\/\/api.w.org\/{rel}","templated":true}]}}