{"id":1521,"date":"2015-04-13T10:25:09","date_gmt":"2015-04-13T08:25:09","guid":{"rendered":"https:\/\/www.castinox.net\/?page_id=1521"},"modified":"2016-03-10T10:48:32","modified_gmt":"2016-03-10T08:48:32","slug":"aciers-ferritiques","status":"publish","type":"page","link":"https:\/\/www.castinox.net\/fr\/materiaux\/acier-inoxydable\/aciers-ferritiques\/","title":{"rendered":"Acier ferritique"},"content":{"rendered":"<h2>L\u2019acier inoxydable ferritique<\/h2>\n<p>L\u2019acier ferritique est connu comme <strong>l\u2019acier inoxydable de chrome<\/strong> direct car sa teneur en chrome varie de 10,5% \u00e0 30% et la teneur en carbone diminue.<\/p>\n<p>Les aciers ferritiques poss\u00e8dent une structure ferritique quelle que soit la temp\u00e9rature, puisqu\u2019ils <strong>ne souffrent aucune transformation de ferrite en aust\u00e9nite pendant le chauffage<\/strong>, ni aucune transformation martensitique pendant le <strong>refroidissement<\/strong>. Par cons\u00e9quent il n\u2019y a pas de possibilit\u00e9 de changements de phase et ils <strong>ne sont pas durcissants par traitement thermique<\/strong>.<\/p>\n<h3>Caract\u00e9ristiques de base des aciers ferritiques<\/h3>\n<p>Leur<strong> capacit\u00e9 de soudabilit\u00e9 et de r\u00e9sistance \u00e0 la corrosion<\/strong> est sup\u00e9rieure \u00e0 celle des aciers martensitiques et inf\u00e9rieure \u00e0 celle des aust\u00e9nitiques. Le chrome produit un mat\u00e9riau r\u00e9sistant mais <strong>l\u2019absence de nickel diminue la r\u00e9sistance<\/strong> et rend le mat\u00e9riau susceptible dans certains mat\u00e9riaux et milieux, tels que H2S, NH4Cl, NH4NO3\u2026 Dans le cas des aciers dont la pr\u00e9sence de chrome (25-30%) est sup\u00e9rieure, le niveau de r\u00e9sistance dans des milieux sulfureux \u00e0 chaud est accru.<\/p>\n<p>Les aciers inoxydables ferritiques <strong>tendent \u00e0 augmenter la dimension du grain \u00e0 haute temp\u00e9rature<\/strong>. Ils deviennent plus fragiles lors de longues p\u00e9riodes entre 450-500\u00b0C.<\/p>\n<p>Compar\u00e9s aux aust\u00e9nitiques, les qualit\u00e9s ferritiques pr\u00e9sentent \u00e9galement une bonne r\u00e9sistance \u00e0 la corrosion sous tension SCC (induite avec des teneurs en nickel m\u00eame de 1,5%) notamment dans les chlorures \u00e0 haute temp\u00e9rature. Ils poss\u00e8dent \u00e9galement une <strong>bonne r\u00e9sistance au \u00ab pitting \u00bb<\/strong>.<\/p>\n<p>Face aux qualit\u00e9s des aust\u00e9nitiques, les ferritiques <strong>sont moins ductiles et moins tenaces<\/strong>. Leur mall\u00e9abilit\u00e9 est \u00e9galement inf\u00e9rieure, mais suffisamment bonne pour pouvoir les travailler facilement \u00e0 froid. Les aciers ferritiques obtiennent <strong>leur plus grande ductilit\u00e9 et r\u00e9sistance sous la condition de recuit<\/strong>.<\/p>\n<h3>Applications plus usuelles<\/h3>\n<ul>\n<li>Centrales de traitement de p\u00e9trole ou de gaz naturel<\/li>\n<li>Tuyaux d\u2019\u00e9chappement d\u2019automobiles<\/li>\n<li>Ornements d\u00e9coratifs et r\u00e9servoirs d\u2019acide nitrique<\/li>\n<li>R\u00e9servoirs pour eau chaude<\/li>\n<li>\u00c9l\u00e9ments de fours, becs et chambres de combustion<\/li>\n<\/ul>\n<div class=\"gap\" style=\"height: 20px;\"><\/div>\n<div class=\"gap\" style=\"height: 20px;\"><\/div>\n<h3 class=\"title\"><span>Secteurs et pi\u00e8ces se distinguant par l\u2019utilisation de l\u2019acier ferritique:<\/span><\/h3>\n<p>\u00c0 Castinox, l\u2019acier ferritique est un mat\u00e9riau de base pour la fabrication de pi\u00e8ces destin\u00e9es au <strong>secteur chimique, au traitement de l\u2019eau et \u00e0 l\u2019industrie papeti\u00e8re.<\/strong> Castinox fabrique des composants en acier ferritique pour:<\/p>\n<div class=\"one_half\">\n<h4>Soupapes contenant des pi\u00e8ces en acier ferritique<\/h4>\n<ul>\n<li>Soupapes rotatives<\/li>\n<li>Soupapes \u00e0 bille<\/li>\n<li>Vannes \u00e0 boisseau<\/li>\n<li>Vannes \u00e0 papillon<\/li>\n<li>Vannes \u00e0 guillotine<\/li>\n<\/ul>\n<\/div>\n<div class=\"one_half last\">\n<h4>Composants de pompes pour fluides<\/h4>\n<ul>\n<li>Corps<\/li>\n<li>Couvercles<\/li>\n<li>Carcasses<\/li>\n<li>Rotors<\/li>\n<li>Etc.<\/li>\n<\/ul>\n<\/div>\n<div class=\"clear\"><\/div>\n<div class=\"tabla\">\n<table width=\"600\" border=\"1\">\n<tr align=\"center\">\n<th colspan=\"4\">\n<h3>Aciers inoxydables ferritiques<\/h3>\n<\/th>\n<\/tr>\n<tr align=\"center\">\n<th colspan=\"4\">\n<h4>NORMES<\/h4>\n<\/th>\n<\/tr>\n<tr>\n<td width=\"150\">SS<\/td>\n<td width=\"150\">ASTM<\/td>\n<td width=\"150\">EN<\/td>\n<td width=\"150\">AUTRES<\/td>\n<\/tr>\n<tr>\n<td>&nbsp;<\/td>\n<td>CA15<\/td>\n<td>1.4008<\/td>\n<td>AISI 410<\/td>\n<\/tr>\n<tr>\n<td>&nbsp;<\/td>\n<td>CA40<\/td>\n<td>&nbsp;<\/td>\n<td>&nbsp;<\/td>\n<\/tr>\n<tr>\n<td>&nbsp;<\/td>\n<td>&nbsp;<\/td>\n<td>14059<\/td>\n<td>&nbsp;<\/td>\n<\/tr>\n<\/table>\n<\/div>\n<div class=\"gap\" style=\"height: 35px;\"><\/div>\n<p><a class=\" button alternative-1 medium\" href=\"https:\/\/www.castinox.net\/fr\/contactez\/\" rel=\"slides[buttonlightbox]\"><i class=\"icon-share-alt\"><\/i>Demandez un devis<\/a><\/p>\n","protected":false},"excerpt":{"rendered":"<p>L\u2019acier inoxydable ferritique L\u2019acier ferritique est connu comme l\u2019acier inoxydable de chrome direct car sa teneur en chrome varie de 10,5% \u00e0 30% et la teneur en carbone diminue. Les\u2026 <a href=\"https:\/\/www.castinox.net\/fr\/materiaux\/acier-inoxydable\/aciers-ferritiques\/\" class=\"read-more-link\">leer m\u00e1s &rarr;<\/a><\/p>\n","protected":false},"author":1,"featured_media":0,"parent":1519,"menu_order":0,"comment_status":"open","ping_status":"open","template":"","meta":{"footnotes":""},"class_list":["post-1521","page","type-page","status-publish","hentry"],"yoast_head":"<!-- This site is optimized with the Yoast SEO plugin v27.1.1 - https:\/\/yoast.com\/product\/yoast-seo-wordpress\/ -->\n<title>Acier inoxydable ferritique dans la fabrication de pi\u00e8ces de soupapes | Castinox<\/title>\n<meta name=\"description\" content=\"Fabrication d&#039;\u00e9l\u00e9ments de robinetterie, pompes pour fluides et pi\u00e8ces industrielles en acier inoxydable ferritique de haute qualit\u00e9 et autres alliages. Demandez un devis\" \/>\n<meta name=\"robots\" content=\"index, follow, max-snippet:-1, max-image-preview:large, max-video-preview:-1\" \/>\n<link rel=\"canonical\" href=\"https:\/\/www.castinox.net\/fr\/materiaux\/acier-inoxydable\/aciers-ferritiques\/\" \/>\n<meta property=\"og:locale\" content=\"fr_FR\" \/>\n<meta property=\"og:type\" content=\"article\" \/>\n<meta property=\"og:title\" content=\"Acier inoxydable ferritique dans la fabrication de pi\u00e8ces de soupapes | Castinox\" \/>\n<meta property=\"og:description\" content=\"Fabrication d&#039;\u00e9l\u00e9ments de robinetterie, pompes pour fluides et pi\u00e8ces industrielles en acier inoxydable ferritique de haute qualit\u00e9 et autres alliages. Demandez un devis\" \/>\n<meta property=\"og:url\" content=\"https:\/\/www.castinox.net\/fr\/materiaux\/acier-inoxydable\/aciers-ferritiques\/\" \/>\n<meta property=\"og:site_name\" content=\"Fonderie d\u2019acier inoxydable \u00e0 Amurrio - Alava\" \/>\n<meta property=\"article:modified_time\" content=\"2016-03-10T08:48:32+00:00\" \/>\n<meta name=\"twitter:label1\" content=\"Dur\u00e9e de lecture estim\u00e9e\" \/>\n\t<meta name=\"twitter:data1\" content=\"2 minutes\" \/>\n<script type=\"application\/ld+json\" class=\"yoast-schema-graph\">{\"@context\":\"https:\/\/schema.org\",\"@graph\":[{\"@type\":\"WebPage\",\"@id\":\"https:\/\/www.castinox.net\/fr\/materiaux\/acier-inoxydable\/aciers-ferritiques\/\",\"url\":\"https:\/\/www.castinox.net\/fr\/materiaux\/acier-inoxydable\/aciers-ferritiques\/\",\"name\":\"Acier inoxydable ferritique dans la fabrication de pi\u00e8ces de soupapes | Castinox\",\"isPartOf\":{\"@id\":\"https:\/\/www.castinox.net\/#website\"},\"datePublished\":\"2015-04-13T08:25:09+00:00\",\"dateModified\":\"2016-03-10T08:48:32+00:00\",\"description\":\"Fabrication d'\u00e9l\u00e9ments de robinetterie, pompes pour fluides et pi\u00e8ces industrielles en acier inoxydable ferritique de haute qualit\u00e9 et autres alliages. Demandez un devis\",\"breadcrumb\":{\"@id\":\"https:\/\/www.castinox.net\/fr\/materiaux\/acier-inoxydable\/aciers-ferritiques\/#breadcrumb\"},\"inLanguage\":\"fr-FR\",\"potentialAction\":[{\"@type\":\"ReadAction\",\"target\":[\"https:\/\/www.castinox.net\/fr\/materiaux\/acier-inoxydable\/aciers-ferritiques\/\"]}]},{\"@type\":\"BreadcrumbList\",\"@id\":\"https:\/\/www.castinox.net\/fr\/materiaux\/acier-inoxydable\/aciers-ferritiques\/#breadcrumb\",\"itemListElement\":[{\"@type\":\"ListItem\",\"position\":1,\"name\":\"Mat\u00e9riaux\",\"item\":\"https:\/\/www.castinox.net\/fr\/materiaux\/\"},{\"@type\":\"ListItem\",\"position\":2,\"name\":\"Acier inoxydable\",\"item\":\"https:\/\/www.castinox.net\/fr\/materiaux\/acier-inoxydable\/\"},{\"@type\":\"ListItem\",\"position\":3,\"name\":\"Acier ferritique\"}]},{\"@type\":\"WebSite\",\"@id\":\"https:\/\/www.castinox.net\/#website\",\"url\":\"https:\/\/www.castinox.net\/\",\"name\":\"Fonderie d\u2019acier inoxydable \u00e0 Amurrio - Alava\",\"description\":\"\",\"potentialAction\":[{\"@type\":\"SearchAction\",\"target\":{\"@type\":\"EntryPoint\",\"urlTemplate\":\"https:\/\/www.castinox.net\/?s={search_term_string}\"},\"query-input\":{\"@type\":\"PropertyValueSpecification\",\"valueRequired\":true,\"valueName\":\"search_term_string\"}}],\"inLanguage\":\"fr-FR\"}]}<\/script>\n<!-- \/ Yoast SEO plugin. -->","yoast_head_json":{"title":"Acier inoxydable ferritique dans la fabrication de pi\u00e8ces de soupapes | Castinox","description":"Fabrication d'\u00e9l\u00e9ments de robinetterie, pompes pour fluides et pi\u00e8ces industrielles en acier inoxydable ferritique de haute qualit\u00e9 et autres alliages. Demandez un devis","robots":{"index":"index","follow":"follow","max-snippet":"max-snippet:-1","max-image-preview":"max-image-preview:large","max-video-preview":"max-video-preview:-1"},"canonical":"https:\/\/www.castinox.net\/fr\/materiaux\/acier-inoxydable\/aciers-ferritiques\/","og_locale":"fr_FR","og_type":"article","og_title":"Acier inoxydable ferritique dans la fabrication de pi\u00e8ces de soupapes | Castinox","og_description":"Fabrication d'\u00e9l\u00e9ments de robinetterie, pompes pour fluides et pi\u00e8ces industrielles en acier inoxydable ferritique de haute qualit\u00e9 et autres alliages. Demandez un devis","og_url":"https:\/\/www.castinox.net\/fr\/materiaux\/acier-inoxydable\/aciers-ferritiques\/","og_site_name":"Fonderie d\u2019acier inoxydable \u00e0 Amurrio - Alava","article_modified_time":"2016-03-10T08:48:32+00:00","twitter_misc":{"Dur\u00e9e de lecture estim\u00e9e":"2 minutes"},"schema":{"@context":"https:\/\/schema.org","@graph":[{"@type":"WebPage","@id":"https:\/\/www.castinox.net\/fr\/materiaux\/acier-inoxydable\/aciers-ferritiques\/","url":"https:\/\/www.castinox.net\/fr\/materiaux\/acier-inoxydable\/aciers-ferritiques\/","name":"Acier inoxydable ferritique dans la fabrication de pi\u00e8ces de soupapes | Castinox","isPartOf":{"@id":"https:\/\/www.castinox.net\/#website"},"datePublished":"2015-04-13T08:25:09+00:00","dateModified":"2016-03-10T08:48:32+00:00","description":"Fabrication d'\u00e9l\u00e9ments de robinetterie, pompes pour fluides et pi\u00e8ces industrielles en acier inoxydable ferritique de haute qualit\u00e9 et autres alliages. Demandez un devis","breadcrumb":{"@id":"https:\/\/www.castinox.net\/fr\/materiaux\/acier-inoxydable\/aciers-ferritiques\/#breadcrumb"},"inLanguage":"fr-FR","potentialAction":[{"@type":"ReadAction","target":["https:\/\/www.castinox.net\/fr\/materiaux\/acier-inoxydable\/aciers-ferritiques\/"]}]},{"@type":"BreadcrumbList","@id":"https:\/\/www.castinox.net\/fr\/materiaux\/acier-inoxydable\/aciers-ferritiques\/#breadcrumb","itemListElement":[{"@type":"ListItem","position":1,"name":"Mat\u00e9riaux","item":"https:\/\/www.castinox.net\/fr\/materiaux\/"},{"@type":"ListItem","position":2,"name":"Acier inoxydable","item":"https:\/\/www.castinox.net\/fr\/materiaux\/acier-inoxydable\/"},{"@type":"ListItem","position":3,"name":"Acier ferritique"}]},{"@type":"WebSite","@id":"https:\/\/www.castinox.net\/#website","url":"https:\/\/www.castinox.net\/","name":"Fonderie d\u2019acier inoxydable \u00e0 Amurrio - Alava","description":"","potentialAction":[{"@type":"SearchAction","target":{"@type":"EntryPoint","urlTemplate":"https:\/\/www.castinox.net\/?s={search_term_string}"},"query-input":{"@type":"PropertyValueSpecification","valueRequired":true,"valueName":"search_term_string"}}],"inLanguage":"fr-FR"}]}},"_links":{"self":[{"href":"https:\/\/www.castinox.net\/fr\/wp-json\/wp\/v2\/pages\/1521","targetHints":{"allow":["GET"]}}],"collection":[{"href":"https:\/\/www.castinox.net\/fr\/wp-json\/wp\/v2\/pages"}],"about":[{"href":"https:\/\/www.castinox.net\/fr\/wp-json\/wp\/v2\/types\/page"}],"author":[{"embeddable":true,"href":"https:\/\/www.castinox.net\/fr\/wp-json\/wp\/v2\/users\/1"}],"replies":[{"embeddable":true,"href":"https:\/\/www.castinox.net\/fr\/wp-json\/wp\/v2\/comments?post=1521"}],"version-history":[{"count":0,"href":"https:\/\/www.castinox.net\/fr\/wp-json\/wp\/v2\/pages\/1521\/revisions"}],"up":[{"embeddable":true,"href":"https:\/\/www.castinox.net\/fr\/wp-json\/wp\/v2\/pages\/1519"}],"wp:attachment":[{"href":"https:\/\/www.castinox.net\/fr\/wp-json\/wp\/v2\/media?parent=1521"}],"curies":[{"name":"wp","href":"https:\/\/api.w.org\/{rel}","templated":true}]}}