{"id":1525,"date":"2015-04-13T10:37:36","date_gmt":"2015-04-13T08:37:36","guid":{"rendered":"https:\/\/www.castinox.net\/?page_id=1525"},"modified":"2016-03-10T10:48:45","modified_gmt":"2016-03-10T08:48:45","slug":"aciers-austenitiques","status":"publish","type":"page","link":"https:\/\/www.castinox.net\/fr\/materiaux\/acier-inoxydable\/aciers-austenitiques\/","title":{"rendered":"Aciers aust\u00e9nitiques"},"content":{"rendered":"<h2>L\u2019acier inoxydable aust\u00e9nitique<\/h2>\n<p>Les aust\u00e9nitiques sont form\u00e9s par ajout de <strong>nickel en quantit\u00e9 suffisante pour que la structure cristalline<\/strong> change \u00e0 \u00ab aust\u00e9nite \u00bb. La composition a environ entre 16 et 25% de chrome et entre 8 \u00e0 20% de nickel. De plus, <strong>ils ne peuvent pas \u00eatre durcis par traitement thermique<\/strong> car la structure aust\u00e9nitique stable est ind\u00e9pendante de la temp\u00e9rature \u00e0 laquelle ils sont trait\u00e9s.<\/p>\n<p>L\u2019aust\u00e9nitique est l\u2019un des types d\u2019aciers inoxydables <strong>les plus importants et les plus utilis\u00e9s dans l\u2019industrie<\/strong>. Gr\u00e2ce \u00e0<strong> leur grande r\u00e9sistance<\/strong>, usuellement sup\u00e9rieure \u00e0 celle des ferritiques et des martensitiques, ces aciers \u00e9vitent la formation de carbures pr\u00e9cipit\u00e9s. La r\u00e9sistance n\u2019est pas leur seul avantage; les aciers martensitiques offrent \u00e9galement des <strong>facilit\u00e9s d\u2019usinage<\/strong>, un large \u00e9ventail de temp\u00e9ratures et une grande vari\u00e9t\u00e9 de <strong>propri\u00e9t\u00e9s m\u00e9caniques<\/strong>.<\/p>\n<p>Ces structures ne sont pas magn\u00e9tiques, et gr\u00e2ce \u00e0 leurs composants elles sont <strong>aptes pour un haut degr\u00e9 de conformabilit\u00e9<\/strong>.<\/p>\n<h3 class=\"title\"><span>Secteur et pi\u00e8ces se distinguant par l\u2019utilisation de l\u2019acier aust\u00e9nitique:<\/span><\/h3>\n<p>Castinox est une entreprise de <strong>fonderie d\u2019acier inoxydable et d\u2019alliages sp\u00e9ciaux <\/strong>qui utilise concr\u00e8tement des aciers aust\u00e9nitiques dans une multitude d\u2019applications et de pi\u00e8ces pour les <strong>secteurs de l\u2019\u00e9nergie, alimentaire, chimique, plastique, papetier, ferroviaire, du b\u00e2timent et minier. <\/strong> <\/p>\n<div class=\"one_half\">\n<h4>Soupapes contenant des pi\u00e8ces en acier aust\u00e9nitique<\/h4>\n<ul>\n<li>Soupapes rotatives<\/li>\n<li>Soupapes \u00e0 bille<\/li>\n<li>Vannes \u00e0 boisseau<\/li>\n<li>Vannes \u00e0 papillon<\/li>\n<li>Vannes \u00e0 guillotine<\/li>\n<li>Robinets \u00e0 soupape cryog\u00e9niques <\/li>\n<li>Soupapes de retenue et robinets-vanne<\/li>\n<li>Soupapes de distribution<\/li>\n<\/ul>\n<\/div>\n<div class=\"one_half last\">\n<h4>Autres composants<\/h4>\n<ul>\n<li>Composants de pompes pour fluides<\/li>\n<li>Pi\u00e8ces pour turbines Kaplan<\/li>\n<li>Pi\u00e8ces pour turbines Francis<\/li>\n<li>Pi\u00e8ces pour turbines Pelton<\/li>\n<li>Arbres<\/li>\n<li>Couvercles<\/li>\n<\/ul>\n<\/div>\n<div class=\"clear\"><\/div>\n<div class=\"tabla\">\n<table border=\"1\" width=\"600\">\n<tbody>\n<tr align=\"center\">\n<th colspan=\"4\">\n<h3>Aciers inoxydables aust\u00e9nitiques<\/h3>\n<\/th>\n<\/tr>\n<tr align=\"center\">\n<th colspan=\"4\">\n<h4>NORMES<\/h4>\n<\/th>\n<\/tr>\n<tr>\n<td width=\"150\">SS<\/td>\n<td width=\"150\">ASTM<\/td>\n<td width=\"150\">EN<\/td>\n<td width=\"150\">AUTRES<\/td>\n<\/tr>\n<tr>\n<td>2343<\/td>\n<td>CF8M<\/td>\n<td>1.4408<\/td>\n<td>AISI 316<\/td>\n<\/tr>\n<tr>\n<td>2333<\/td>\n<td>CF8<\/td>\n<td>1.4308<\/td>\n<td>AISI 304L<\/td>\n<\/tr>\n<tr>\n<td>&#8212;<\/td>\n<td>CF3<\/td>\n<td>14306\/1.4309<\/td>\n<td>AISI 304L<\/td>\n<\/tr>\n<tr>\n<td>2348<\/td>\n<td>CF3M<\/td>\n<td>1.4404\/1.4409<\/td>\n<td>AISI 316L<\/td>\n<\/tr>\n<tr>\n<td><\/td>\n<td>CF10<\/td>\n<td><\/td>\n<td><\/td>\n<\/tr>\n<tr>\n<td><\/td>\n<td><\/td>\n<td>1.4529<\/td>\n<td><\/td>\n<\/tr>\n<tr>\n<td><\/td>\n<td>CF8C<\/td>\n<td>1.4552<\/td>\n<td>AISI 347<\/td>\n<\/tr>\n<tr>\n<td><\/td>\n<td>CF10MC<\/td>\n<td>1.4581<\/td>\n<td>AISI 316Nb<\/td>\n<\/tr>\n<tr>\n<td>2562<\/td>\n<td>904L<\/td>\n<td>1.4584<\/td>\n<td><\/td>\n<\/tr>\n<tr>\n<td><\/td>\n<td>CG8M<\/td>\n<td><\/td>\n<td>AISI 317<\/td>\n<\/tr>\n<tr>\n<td><\/td>\n<td>CG3M<\/td>\n<td><\/td>\n<td><\/td>\n<\/tr>\n<tr>\n<td>2564<\/td>\n<td>CN7M<\/td>\n<td>1.4527<\/td>\n<td>ALLOY 20<\/td>\n<\/tr>\n<tr>\n<td><\/td>\n<td>CN7MN<\/td>\n<td><\/td>\n<td><\/td>\n<\/tr>\n<tr>\n<td>2378<\/td>\n<td>CK3MCuN<\/td>\n<td>1.4593<\/td>\n<td>254SMO<\/td>\n<\/tr>\n<tr>\n<td><\/td>\n<td>CN3MN<\/td>\n<td>1.4588<\/td>\n<td><\/td>\n<\/tr>\n<tr>\n<td><\/td>\n<td><\/td>\n<td>1.4436<\/td>\n<td>AISI 316<\/td>\n<\/tr>\n<tr>\n<td><\/td>\n<td>CN7MS<\/td>\n<td><\/td>\n<td><\/td>\n<\/tr>\n<\/tbody>\n<\/table>\n<\/div>\n<div class=\"gap\" style=\"height: 30px;\"><\/div>\n<p><a class=\" button alternative-1 medium\" href=\"https:\/\/www.castinox.net\/fr\/contactez\/\" rel=\"slides[buttonlightbox]\"><i class=\"icon-share-alt\"><\/i>Demandez un devis<\/a><\/p>\n","protected":false},"excerpt":{"rendered":"<p>L\u2019acier inoxydable aust\u00e9nitique Les aust\u00e9nitiques sont form\u00e9s par ajout de nickel en quantit\u00e9 suffisante pour que la structure cristalline change \u00e0 \u00ab aust\u00e9nite \u00bb. La composition a environ entre 16\u2026 <a href=\"https:\/\/www.castinox.net\/fr\/materiaux\/acier-inoxydable\/aciers-austenitiques\/\" class=\"read-more-link\">leer m\u00e1s &rarr;<\/a><\/p>\n","protected":false},"author":1,"featured_media":0,"parent":1519,"menu_order":0,"comment_status":"open","ping_status":"open","template":"","meta":{"footnotes":""},"class_list":["post-1525","page","type-page","status-publish","hentry"],"yoast_head":"<!-- This site is optimized with the Yoast SEO plugin v27.1.1 - https:\/\/yoast.com\/product\/yoast-seo-wordpress\/ -->\n<title>Aciers aust\u00e9nitiques pour composants de robinetterie | Castinox<\/title>\n<meta name=\"description\" content=\"Castinox fabrique des \u00e9l\u00e9ments de robinetterie et des pi\u00e8ces industrielles avec des aciers inoxydables de tous types, des aciers aust\u00e9nitiques et des alliages sp\u00e9ciaux. Demandez un devis\" \/>\n<meta name=\"robots\" content=\"index, follow, max-snippet:-1, max-image-preview:large, max-video-preview:-1\" \/>\n<link rel=\"canonical\" href=\"https:\/\/www.castinox.net\/fr\/materiaux\/acier-inoxydable\/aciers-austenitiques\/\" \/>\n<meta property=\"og:locale\" content=\"fr_FR\" \/>\n<meta property=\"og:type\" content=\"article\" \/>\n<meta property=\"og:title\" content=\"Aciers aust\u00e9nitiques pour composants de robinetterie | Castinox\" \/>\n<meta property=\"og:description\" content=\"Castinox fabrique des \u00e9l\u00e9ments de robinetterie et des pi\u00e8ces industrielles avec des aciers inoxydables de tous types, des aciers aust\u00e9nitiques et des alliages sp\u00e9ciaux. Demandez un devis\" \/>\n<meta property=\"og:url\" content=\"https:\/\/www.castinox.net\/fr\/materiaux\/acier-inoxydable\/aciers-austenitiques\/\" \/>\n<meta property=\"og:site_name\" content=\"Fonderie d\u2019acier inoxydable \u00e0 Amurrio - Alava\" \/>\n<meta property=\"article:modified_time\" content=\"2016-03-10T08:48:45+00:00\" \/>\n<meta name=\"twitter:label1\" content=\"Dur\u00e9e de lecture estim\u00e9e\" \/>\n\t<meta name=\"twitter:data1\" content=\"2 minutes\" \/>\n<script type=\"application\/ld+json\" class=\"yoast-schema-graph\">{\"@context\":\"https:\/\/schema.org\",\"@graph\":[{\"@type\":\"WebPage\",\"@id\":\"https:\/\/www.castinox.net\/fr\/materiaux\/acier-inoxydable\/aciers-austenitiques\/\",\"url\":\"https:\/\/www.castinox.net\/fr\/materiaux\/acier-inoxydable\/aciers-austenitiques\/\",\"name\":\"Aciers aust\u00e9nitiques pour composants de robinetterie | Castinox\",\"isPartOf\":{\"@id\":\"https:\/\/www.castinox.net\/#website\"},\"datePublished\":\"2015-04-13T08:37:36+00:00\",\"dateModified\":\"2016-03-10T08:48:45+00:00\",\"description\":\"Castinox fabrique des \u00e9l\u00e9ments de robinetterie et des pi\u00e8ces industrielles avec des aciers inoxydables de tous types, des aciers aust\u00e9nitiques et des alliages sp\u00e9ciaux. Demandez un devis\",\"breadcrumb\":{\"@id\":\"https:\/\/www.castinox.net\/fr\/materiaux\/acier-inoxydable\/aciers-austenitiques\/#breadcrumb\"},\"inLanguage\":\"fr-FR\",\"potentialAction\":[{\"@type\":\"ReadAction\",\"target\":[\"https:\/\/www.castinox.net\/fr\/materiaux\/acier-inoxydable\/aciers-austenitiques\/\"]}]},{\"@type\":\"BreadcrumbList\",\"@id\":\"https:\/\/www.castinox.net\/fr\/materiaux\/acier-inoxydable\/aciers-austenitiques\/#breadcrumb\",\"itemListElement\":[{\"@type\":\"ListItem\",\"position\":1,\"name\":\"Mat\u00e9riaux\",\"item\":\"https:\/\/www.castinox.net\/fr\/materiaux\/\"},{\"@type\":\"ListItem\",\"position\":2,\"name\":\"Acier inoxydable\",\"item\":\"https:\/\/www.castinox.net\/fr\/materiaux\/acier-inoxydable\/\"},{\"@type\":\"ListItem\",\"position\":3,\"name\":\"Aciers aust\u00e9nitiques\"}]},{\"@type\":\"WebSite\",\"@id\":\"https:\/\/www.castinox.net\/#website\",\"url\":\"https:\/\/www.castinox.net\/\",\"name\":\"Fonderie d\u2019acier inoxydable \u00e0 Amurrio - Alava\",\"description\":\"\",\"potentialAction\":[{\"@type\":\"SearchAction\",\"target\":{\"@type\":\"EntryPoint\",\"urlTemplate\":\"https:\/\/www.castinox.net\/?s={search_term_string}\"},\"query-input\":{\"@type\":\"PropertyValueSpecification\",\"valueRequired\":true,\"valueName\":\"search_term_string\"}}],\"inLanguage\":\"fr-FR\"}]}<\/script>\n<!-- \/ Yoast SEO plugin. -->","yoast_head_json":{"title":"Aciers aust\u00e9nitiques pour composants de robinetterie | Castinox","description":"Castinox fabrique des \u00e9l\u00e9ments de robinetterie et des pi\u00e8ces industrielles avec des aciers inoxydables de tous types, des aciers aust\u00e9nitiques et des alliages sp\u00e9ciaux. Demandez un devis","robots":{"index":"index","follow":"follow","max-snippet":"max-snippet:-1","max-image-preview":"max-image-preview:large","max-video-preview":"max-video-preview:-1"},"canonical":"https:\/\/www.castinox.net\/fr\/materiaux\/acier-inoxydable\/aciers-austenitiques\/","og_locale":"fr_FR","og_type":"article","og_title":"Aciers aust\u00e9nitiques pour composants de robinetterie | Castinox","og_description":"Castinox fabrique des \u00e9l\u00e9ments de robinetterie et des pi\u00e8ces industrielles avec des aciers inoxydables de tous types, des aciers aust\u00e9nitiques et des alliages sp\u00e9ciaux. Demandez un devis","og_url":"https:\/\/www.castinox.net\/fr\/materiaux\/acier-inoxydable\/aciers-austenitiques\/","og_site_name":"Fonderie d\u2019acier inoxydable \u00e0 Amurrio - Alava","article_modified_time":"2016-03-10T08:48:45+00:00","twitter_misc":{"Dur\u00e9e de lecture estim\u00e9e":"2 minutes"},"schema":{"@context":"https:\/\/schema.org","@graph":[{"@type":"WebPage","@id":"https:\/\/www.castinox.net\/fr\/materiaux\/acier-inoxydable\/aciers-austenitiques\/","url":"https:\/\/www.castinox.net\/fr\/materiaux\/acier-inoxydable\/aciers-austenitiques\/","name":"Aciers aust\u00e9nitiques pour composants de robinetterie | Castinox","isPartOf":{"@id":"https:\/\/www.castinox.net\/#website"},"datePublished":"2015-04-13T08:37:36+00:00","dateModified":"2016-03-10T08:48:45+00:00","description":"Castinox fabrique des \u00e9l\u00e9ments de robinetterie et des pi\u00e8ces industrielles avec des aciers inoxydables de tous types, des aciers aust\u00e9nitiques et des alliages sp\u00e9ciaux. Demandez un devis","breadcrumb":{"@id":"https:\/\/www.castinox.net\/fr\/materiaux\/acier-inoxydable\/aciers-austenitiques\/#breadcrumb"},"inLanguage":"fr-FR","potentialAction":[{"@type":"ReadAction","target":["https:\/\/www.castinox.net\/fr\/materiaux\/acier-inoxydable\/aciers-austenitiques\/"]}]},{"@type":"BreadcrumbList","@id":"https:\/\/www.castinox.net\/fr\/materiaux\/acier-inoxydable\/aciers-austenitiques\/#breadcrumb","itemListElement":[{"@type":"ListItem","position":1,"name":"Mat\u00e9riaux","item":"https:\/\/www.castinox.net\/fr\/materiaux\/"},{"@type":"ListItem","position":2,"name":"Acier inoxydable","item":"https:\/\/www.castinox.net\/fr\/materiaux\/acier-inoxydable\/"},{"@type":"ListItem","position":3,"name":"Aciers aust\u00e9nitiques"}]},{"@type":"WebSite","@id":"https:\/\/www.castinox.net\/#website","url":"https:\/\/www.castinox.net\/","name":"Fonderie d\u2019acier inoxydable \u00e0 Amurrio - Alava","description":"","potentialAction":[{"@type":"SearchAction","target":{"@type":"EntryPoint","urlTemplate":"https:\/\/www.castinox.net\/?s={search_term_string}"},"query-input":{"@type":"PropertyValueSpecification","valueRequired":true,"valueName":"search_term_string"}}],"inLanguage":"fr-FR"}]}},"_links":{"self":[{"href":"https:\/\/www.castinox.net\/fr\/wp-json\/wp\/v2\/pages\/1525","targetHints":{"allow":["GET"]}}],"collection":[{"href":"https:\/\/www.castinox.net\/fr\/wp-json\/wp\/v2\/pages"}],"about":[{"href":"https:\/\/www.castinox.net\/fr\/wp-json\/wp\/v2\/types\/page"}],"author":[{"embeddable":true,"href":"https:\/\/www.castinox.net\/fr\/wp-json\/wp\/v2\/users\/1"}],"replies":[{"embeddable":true,"href":"https:\/\/www.castinox.net\/fr\/wp-json\/wp\/v2\/comments?post=1525"}],"version-history":[{"count":0,"href":"https:\/\/www.castinox.net\/fr\/wp-json\/wp\/v2\/pages\/1525\/revisions"}],"up":[{"embeddable":true,"href":"https:\/\/www.castinox.net\/fr\/wp-json\/wp\/v2\/pages\/1519"}],"wp:attachment":[{"href":"https:\/\/www.castinox.net\/fr\/wp-json\/wp\/v2\/media?parent=1525"}],"curies":[{"name":"wp","href":"https:\/\/api.w.org\/{rel}","templated":true}]}}