{"id":1535,"date":"2015-04-13T11:11:08","date_gmt":"2015-04-13T09:11:08","guid":{"rendered":"https:\/\/www.castinox.net\/?page_id=1535"},"modified":"2016-03-10T10:50:39","modified_gmt":"2016-03-10T08:50:39","slug":"alliage-duplex-super-duplex","status":"publish","type":"page","link":"https:\/\/www.castinox.net\/fr\/materiaux\/alliage-duplex-super-duplex\/","title":{"rendered":"Alliage duplex et super duplex"},"content":{"rendered":"<h2>Les aciers inoxydables duplex et super duplex<\/h2>\n<p>Les alliages duplex et super duplex sont <strong>compos\u00e9s de fer avec chrome ou molybd\u00e8ne<\/strong>. Ils poss\u00e8dent \u00e9galement des stabilisateurs de l\u2019aust\u00e9nite, comme le nickel ou le nitrog\u00e8ne, dont l\u2019objectif est de parvenir \u00e0 un \u00e9quilibre entre les phases ferritiques et aust\u00e9nitiques. Le nitrog\u00e8ne augmente la limite de fluence tout en diminuant la vitesse de formation de composants interm\u00e9talliques fragiles. Gr\u00e2ce au molybd\u00e8ne, la r\u00e9sistance \u00e0 la corrosion par piq\u00fbre augmente.<\/p>\n<p>Ce type d\u2019alliage a \u00e9t\u00e9 d\u00e9velopp\u00e9 en raison de la vuln\u00e9rabilit\u00e9 des aciers aust\u00e9nitiques \u00e0 la SCC (fissuration par corrosion sous contrainte en milieu chlorur\u00e9) et \u00e0 la fragilit\u00e9 et difficult\u00e9 de soudage des ferritiques. S\u2019il est vrai que les aust\u00e9nitiques poss\u00e8dent une grande soudabilit\u00e9 et que les ferritiques ont une grande r\u00e9sistance \u00e0 la SCC, les aciers duplex allient certaines de ces <strong>caract\u00e9ristiques dans un composant tr\u00e8s utile pour l\u2019industrie<\/strong>. L\u2019aust\u00e9nite conf\u00e8re ductilit\u00e9 et la ferrite r\u00e9sistance \u00e0 la SCC. Ce bilan entre les deux processus pr\u00e9sente de grands avantages sous des conditions de temp\u00e9rature et de teneur en chlorures, l\u00e0 o\u00f9 les aciers inoxydables aust\u00e9nitiques n&rsquo;offrent pas des r\u00e9sultats optimaux.<\/p>\n<p>Parmi les principaux <strong>avantages de l&rsquo;utilisation<\/strong> des aciers duplex nous soulignons:<\/p>\n<ul>\n<li>un haut degr\u00e9 de <strong>soudabilit\u00e9 et de mall\u00e9abilit\u00e9<\/strong>.<\/li>\n<li>une <strong>forte r\u00e9sistance m\u00e9canique<\/strong> (face \u00e0 celle des aust\u00e9nitiques) et une r\u00e9sistance sup\u00e9rieure \u00e0 la SCC, malgr\u00e9 la diminution de la t\u00e9nacit\u00e9, de la ductilit\u00e9 et de la soudabilit\u00e9.<\/li>\n<li>par rapport aux aust\u00e9nitiques ainsi qu\u2019aux ferritiques, les duplex pr\u00e9sentent une <strong>plus grande r\u00e9sistance \u00e0 la traction et point de fluence<\/strong>, ainsi qu&rsquo;\u00e0 la corrosion g\u00e9n\u00e9rale et par piq\u00fbre.<\/li>\n<li>quant \u00e0 la <strong>corrosion par fatigue induite<\/strong> par les <strong>chlorures<\/strong>, leur degr\u00e9 de <strong>r\u00e9sistance est moyen<\/strong>.<\/li>\n<li>ils offrent une <strong>forte r\u00e9sistance \u00e0 l\u2019\u00e9rosion<\/strong> et \u00e0 <strong>l\u2019abrasion<\/strong>.<\/li>\n<li>gr\u00e2ce \u00e0 leur faible teneur en carbone, ils poss\u00e8dent \u00e9galement une <strong>r\u00e9sistance \u00e9lev\u00e9e \u00e0 la corrosion intergranulaire<\/strong>.<\/li>\n<\/ul>\n<p>Gr\u00e2ce \u00e0 ces propri\u00e9t\u00e9s, ce type d\u2019alliages est habituellement utilis\u00e9 <strong>dans diff\u00e9rents types de tuyaux<\/strong>, dans l\u2019industrie chimique, dans les stations p\u00e9trochimiques, etc. <\/p>\n<div class=\"gap\" style=\"height: 30px;\"><\/div>\n<div class=\"gap\" style=\"height: 10px;\"><\/div>\n<h3 class=\"title\"><span>Secteurs et applications des alliages duplex et superduplex:<\/span><\/h3>\n<p>Castinox travaille avec diff\u00e9rents types d\u2019aciers et alliages sp\u00e9ciaux, comme le duplex et superduplex, pour la production de pi\u00e8ces moul\u00e9es de haute qualit\u00e9 destin\u00e9es <strong>au secteur de l\u2019\u00e9nergie, le traitement de l\u2019eau, l\u2019industrie papeti\u00e8re, le b\u00e2timent et le secteur minier.<\/strong> Voici quelques exemples des composants que nous fabriquons: <\/p>\n<div class=\"one_half\">\n<h4>Pi\u00e8ces de soupapes<\/h4>\n<ul>\n<li>Vannes \u00e0 papillon<\/li>\n<li>Vannes \u00e0 boisseau<\/li>\n<li>Robinets \u00e0 soupape cryog\u00e9niques <\/li>\n<li>Soupapes rotatives<\/li>\n<li>Soupapes de retenue et robinets-vanne<\/li>\n<li>Soupapes \u00e0 bille<\/li>\n<li>Vannes \u00e0 guillotine<\/li>\n<\/ul>\n<\/div>\n<div class=\"one_half last\">\n<h4>Autres composants<\/h4>\n<ul>\n<li>Pi\u00e8ces de turbines Kaplan<\/li>\n<li>Pi\u00e8ces de turbines Pelton<\/li>\n<li>Pi\u00e8ces de turbines Francis<\/li>\n<li>Composants de pompes<\/li>\n<li>Obturateurs<\/li>\n<\/ul>\n<\/div>\n<div class=\"clear\"><\/div>\n<p><a class=\" button alternative-1 medium\" href=\"https:\/\/www.castinox.net\/fr\/contactez\/\" rel=\"slides[buttonlightbox]\"><i class=\"icon-share-alt\"><\/i>Demandez un devis<\/a><\/p>\n<div class=\"gap\" style=\"height: 20px;\"><\/div>\n<div class=\"tabla\">\n<table border=\"1\" width=\"600\">\n<tbody>\n<tr align=\"center\">\n<th colspan=\"4\">\n<h3>Alliages duplex super duplex<\/h3>\n<\/th>\n<\/tr>\n<tr align=\"center\">\n<th colspan=\"4\">\n<h4>NORMES<\/h4>\n<\/th>\n<\/tr>\n<tr>\n<td width=\"150\">SS<\/td>\n<td width=\"150\">ASTM<\/td>\n<td width=\"150\">EN<\/td>\n<td width=\"150\">AUTRES<\/td>\n<\/tr>\n<tr>\n<td><\/td>\n<td>\n<table cellspacing=\"0\" cellpadding=\"0\">\n<tbody>\n<tr>\n<td>1A\/CD4MCu<\/td>\n<\/tr>\n<\/tbody>\n<\/table>\n<\/td>\n<td>1.4517<\/td>\n<td><\/td>\n<\/tr>\n<tr>\n<td><\/td>\n<td>CD4MCuN<\/td>\n<td><\/td>\n<td><\/td>\n<\/tr>\n<tr>\n<td>2377<\/td>\n<td>4A<\/td>\n<td>1.4462\/1.4470<\/td>\n<td>J92205<\/td>\n<\/tr>\n<tr>\n<td><\/td>\n<td>5A<\/td>\n<td>1.4417<\/td>\n<td>J93404<\/td>\n<\/tr>\n<tr>\n<td><\/td>\n<td>6A<\/td>\n<td>1.4469<\/td>\n<td>J93380<\/td>\n<\/tr>\n<tr>\n<td><\/td>\n<td>3A<\/td>\n<td><\/td>\n<td><\/td>\n<\/tr>\n<tr>\n<td>\u00a02324<\/td>\n<td><\/td>\n<td><\/td>\n<td><\/td>\n<\/tr>\n<tr>\n<td><\/td>\n<td><\/td>\n<td>\u00a01.4463<\/td>\n<td><\/td>\n<\/tr>\n<\/tbody>\n<\/table>\n<\/div>\n","protected":false},"excerpt":{"rendered":"<p>Les aciers inoxydables duplex et super duplex Les alliages duplex et super duplex sont compos\u00e9s de fer avec chrome ou molybd\u00e8ne. Ils poss\u00e8dent \u00e9galement des stabilisateurs de l\u2019aust\u00e9nite, comme le\u2026 <a href=\"https:\/\/www.castinox.net\/fr\/materiaux\/alliage-duplex-super-duplex\/\" class=\"read-more-link\">leer m\u00e1s &rarr;<\/a><\/p>\n","protected":false},"author":1,"featured_media":0,"parent":1517,"menu_order":0,"comment_status":"open","ping_status":"open","template":"","meta":{"footnotes":""},"class_list":["post-1535","page","type-page","status-publish","hentry"],"yoast_head":"<!-- This site is optimized with the Yoast SEO plugin v27.1.1 - https:\/\/yoast.com\/product\/yoast-seo-wordpress\/ -->\n<title>Composants de soupapes en acier duplex et super duplex | Castinox<\/title>\n<meta name=\"description\" content=\"Fabrication de pi\u00e8ces industrielles en alliage duplex et super duplex. R\u00e9sistance \u00e9lev\u00e9e et anticorrosion de ses pi\u00e8ces pour robinetterie. Contactez-nous.\" \/>\n<meta name=\"robots\" content=\"index, follow, max-snippet:-1, max-image-preview:large, max-video-preview:-1\" \/>\n<link rel=\"canonical\" href=\"https:\/\/www.castinox.net\/fr\/materiaux\/alliage-duplex-super-duplex\/\" \/>\n<meta property=\"og:locale\" content=\"fr_FR\" \/>\n<meta property=\"og:type\" content=\"article\" \/>\n<meta property=\"og:title\" content=\"Composants de soupapes en acier duplex et super duplex | Castinox\" \/>\n<meta property=\"og:description\" content=\"Fabrication de pi\u00e8ces industrielles en alliage duplex et super duplex. R\u00e9sistance \u00e9lev\u00e9e et anticorrosion de ses pi\u00e8ces pour robinetterie. Contactez-nous.\" \/>\n<meta property=\"og:url\" content=\"https:\/\/www.castinox.net\/fr\/materiaux\/alliage-duplex-super-duplex\/\" \/>\n<meta property=\"og:site_name\" content=\"Fonderie d\u2019acier inoxydable \u00e0 Amurrio - Alava\" \/>\n<meta property=\"article:modified_time\" content=\"2016-03-10T08:50:39+00:00\" \/>\n<meta name=\"twitter:label1\" content=\"Dur\u00e9e de lecture estim\u00e9e\" \/>\n\t<meta name=\"twitter:data1\" content=\"3 minutes\" \/>\n<script type=\"application\/ld+json\" class=\"yoast-schema-graph\">{\"@context\":\"https:\/\/schema.org\",\"@graph\":[{\"@type\":\"WebPage\",\"@id\":\"https:\/\/www.castinox.net\/fr\/materiaux\/alliage-duplex-super-duplex\/\",\"url\":\"https:\/\/www.castinox.net\/fr\/materiaux\/alliage-duplex-super-duplex\/\",\"name\":\"Composants de soupapes en acier duplex et super duplex | Castinox\",\"isPartOf\":{\"@id\":\"https:\/\/www.castinox.net\/#website\"},\"datePublished\":\"2015-04-13T09:11:08+00:00\",\"dateModified\":\"2016-03-10T08:50:39+00:00\",\"description\":\"Fabrication de pi\u00e8ces industrielles en alliage duplex et super duplex. R\u00e9sistance \u00e9lev\u00e9e et anticorrosion de ses pi\u00e8ces pour robinetterie. Contactez-nous.\",\"breadcrumb\":{\"@id\":\"https:\/\/www.castinox.net\/fr\/materiaux\/alliage-duplex-super-duplex\/#breadcrumb\"},\"inLanguage\":\"fr-FR\",\"potentialAction\":[{\"@type\":\"ReadAction\",\"target\":[\"https:\/\/www.castinox.net\/fr\/materiaux\/alliage-duplex-super-duplex\/\"]}]},{\"@type\":\"BreadcrumbList\",\"@id\":\"https:\/\/www.castinox.net\/fr\/materiaux\/alliage-duplex-super-duplex\/#breadcrumb\",\"itemListElement\":[{\"@type\":\"ListItem\",\"position\":1,\"name\":\"Mat\u00e9riaux\",\"item\":\"https:\/\/www.castinox.net\/fr\/materiaux\/\"},{\"@type\":\"ListItem\",\"position\":2,\"name\":\"Alliage duplex et super duplex\"}]},{\"@type\":\"WebSite\",\"@id\":\"https:\/\/www.castinox.net\/#website\",\"url\":\"https:\/\/www.castinox.net\/\",\"name\":\"Fonderie d\u2019acier inoxydable \u00e0 Amurrio - Alava\",\"description\":\"\",\"potentialAction\":[{\"@type\":\"SearchAction\",\"target\":{\"@type\":\"EntryPoint\",\"urlTemplate\":\"https:\/\/www.castinox.net\/?s={search_term_string}\"},\"query-input\":{\"@type\":\"PropertyValueSpecification\",\"valueRequired\":true,\"valueName\":\"search_term_string\"}}],\"inLanguage\":\"fr-FR\"}]}<\/script>\n<!-- \/ Yoast SEO plugin. -->","yoast_head_json":{"title":"Composants de soupapes en acier duplex et super duplex | Castinox","description":"Fabrication de pi\u00e8ces industrielles en alliage duplex et super duplex. R\u00e9sistance \u00e9lev\u00e9e et anticorrosion de ses pi\u00e8ces pour robinetterie. Contactez-nous.","robots":{"index":"index","follow":"follow","max-snippet":"max-snippet:-1","max-image-preview":"max-image-preview:large","max-video-preview":"max-video-preview:-1"},"canonical":"https:\/\/www.castinox.net\/fr\/materiaux\/alliage-duplex-super-duplex\/","og_locale":"fr_FR","og_type":"article","og_title":"Composants de soupapes en acier duplex et super duplex | Castinox","og_description":"Fabrication de pi\u00e8ces industrielles en alliage duplex et super duplex. R\u00e9sistance \u00e9lev\u00e9e et anticorrosion de ses pi\u00e8ces pour robinetterie. Contactez-nous.","og_url":"https:\/\/www.castinox.net\/fr\/materiaux\/alliage-duplex-super-duplex\/","og_site_name":"Fonderie d\u2019acier inoxydable \u00e0 Amurrio - Alava","article_modified_time":"2016-03-10T08:50:39+00:00","twitter_misc":{"Dur\u00e9e de lecture estim\u00e9e":"3 minutes"},"schema":{"@context":"https:\/\/schema.org","@graph":[{"@type":"WebPage","@id":"https:\/\/www.castinox.net\/fr\/materiaux\/alliage-duplex-super-duplex\/","url":"https:\/\/www.castinox.net\/fr\/materiaux\/alliage-duplex-super-duplex\/","name":"Composants de soupapes en acier duplex et super duplex | Castinox","isPartOf":{"@id":"https:\/\/www.castinox.net\/#website"},"datePublished":"2015-04-13T09:11:08+00:00","dateModified":"2016-03-10T08:50:39+00:00","description":"Fabrication de pi\u00e8ces industrielles en alliage duplex et super duplex. R\u00e9sistance \u00e9lev\u00e9e et anticorrosion de ses pi\u00e8ces pour robinetterie. Contactez-nous.","breadcrumb":{"@id":"https:\/\/www.castinox.net\/fr\/materiaux\/alliage-duplex-super-duplex\/#breadcrumb"},"inLanguage":"fr-FR","potentialAction":[{"@type":"ReadAction","target":["https:\/\/www.castinox.net\/fr\/materiaux\/alliage-duplex-super-duplex\/"]}]},{"@type":"BreadcrumbList","@id":"https:\/\/www.castinox.net\/fr\/materiaux\/alliage-duplex-super-duplex\/#breadcrumb","itemListElement":[{"@type":"ListItem","position":1,"name":"Mat\u00e9riaux","item":"https:\/\/www.castinox.net\/fr\/materiaux\/"},{"@type":"ListItem","position":2,"name":"Alliage duplex et super duplex"}]},{"@type":"WebSite","@id":"https:\/\/www.castinox.net\/#website","url":"https:\/\/www.castinox.net\/","name":"Fonderie d\u2019acier inoxydable \u00e0 Amurrio - Alava","description":"","potentialAction":[{"@type":"SearchAction","target":{"@type":"EntryPoint","urlTemplate":"https:\/\/www.castinox.net\/?s={search_term_string}"},"query-input":{"@type":"PropertyValueSpecification","valueRequired":true,"valueName":"search_term_string"}}],"inLanguage":"fr-FR"}]}},"_links":{"self":[{"href":"https:\/\/www.castinox.net\/fr\/wp-json\/wp\/v2\/pages\/1535","targetHints":{"allow":["GET"]}}],"collection":[{"href":"https:\/\/www.castinox.net\/fr\/wp-json\/wp\/v2\/pages"}],"about":[{"href":"https:\/\/www.castinox.net\/fr\/wp-json\/wp\/v2\/types\/page"}],"author":[{"embeddable":true,"href":"https:\/\/www.castinox.net\/fr\/wp-json\/wp\/v2\/users\/1"}],"replies":[{"embeddable":true,"href":"https:\/\/www.castinox.net\/fr\/wp-json\/wp\/v2\/comments?post=1535"}],"version-history":[{"count":0,"href":"https:\/\/www.castinox.net\/fr\/wp-json\/wp\/v2\/pages\/1535\/revisions"}],"up":[{"embeddable":true,"href":"https:\/\/www.castinox.net\/fr\/wp-json\/wp\/v2\/pages\/1517"}],"wp:attachment":[{"href":"https:\/\/www.castinox.net\/fr\/wp-json\/wp\/v2\/media?parent=1535"}],"curies":[{"name":"wp","href":"https:\/\/api.w.org\/{rel}","templated":true}]}}