{"id":1559,"date":"2015-04-13T12:45:56","date_gmt":"2015-04-13T10:45:56","guid":{"rendered":"https:\/\/www.castinox.net\/?page_id=1559"},"modified":"2024-01-24T11:20:45","modified_gmt":"2024-01-24T09:20:45","slug":"secteurs-clients","status":"publish","type":"page","link":"https:\/\/www.castinox.net\/fr\/secteurs-clients\/","title":{"rendered":"Secteurs et clients"},"content":{"rendered":"<h2>Nos clients sont localis\u00e9s dans diff\u00e9rents secteurs et pays<\/h2>\n<p>Castinox <strong>fabrique des produits et fournit des pi\u00e8ces pour de tr\u00e8s nombreux secteurs<\/strong>. Gr\u00e2ce aux <a href=\"https:\/\/www.castinox.net\/fr\/certifications\/\">multiples homologations de qualit\u00e9<\/a> obtenues au fil du temps, nous sommes en mesure de fournir et de proposer nos services aux march\u00e9s les plus exigeants.<\/p>\n<p><strong>Notre indice d\u2019exportation atteint 75%<\/strong> et nous sommes <strong>pr\u00e9sents dans des march\u00e9s tr\u00e8s divers<\/strong>, tant au niveau national qu&rsquo;europ\u00e9en.<\/p>\n<h3 class=\"title\"><span>Castinox S.A exporte ses produits vers les pays suivants<\/span><\/h3>\n<p><img loading=\"lazy\" decoding=\"async\" class=\"aligncenter size-full wp-image-482\" src=\"https:\/\/www.castinox.net\/imagenes\/carte-exportations.png\" alt=\"Carte-exportations-castinox\" width=\"750\" height=\"587\" \/><\/p>\n<div class=\"gap\" style=\"height: 40px;\"><\/div>\n<h3 class=\"title\"><span>Fundiciones Castinox S.A. fabrique et fournit des pi\u00e8ces pour les secteurs suivants<\/span><\/h3>\n<h4 style=\"color: #289dcc;\"><strong>Secteur \u00e9nerg\u00e9tique<\/strong><\/h4>\n<p>Dans le <strong>secteur de l\u2019\u00e9nergie<\/strong>, notre pr\u00e9sence est <strong>diversifi\u00e9e dans une large gamme de sous-secteurs<\/strong>, tels que : <strong>LNG (et Naval), Off Shore + LPG, secteur nucl\u00e9aire, hydraulique, biogaz et district heating &amp; cooling<\/strong>. Nous avons un long registre de clients parmi lesquels nous soulignons : Westad Industri A.S, Lazaro Ituarte, H\u00f6gfors OY, Ringo V\u00e1lvulas, Talleres Aratz, S.A, Stafsj\u00f6 Valves AB, Sistag AG, Coyard SAS (ICARUS) et Truflo Rona (IMI). Dans ce secteur Castinox est un fabricant principal de pi\u00e8ces pour: robinetterie \u00e0 papillon, soupapes cryog\u00e9niques \u00e0 si\u00e8ge, retenue et vanne, soupapes \u00e0 bille, turbines kaplan, francis et pelton et robinetterie guillotine.<\/p>\n<h4 style=\"color: #289dcc;\"><strong>Secteur alimentaire<\/strong><\/h4>\n<p>Dans le <strong>secteur alimentaire<\/strong>, nous travaillons pour des clients comme Coperion GmbH &#8211; pour lequels nous fabriquons de composants de <strong>soupapes rotatives<\/strong>&#8211; et pour Andritz Slovaquie- auquel nous fournissons des <strong>axes et des couvercles<\/strong>-.<\/p>\n<h4 style=\"color: #289dcc;\"><strong>Secteur traitement de l\u2019eau<\/strong><\/h4>\n<p>Dans le secteur traitement de l\u2019eau, nous fournissons des <strong>\u00e9l\u00e9ments de soupapes m\u00e2le et papillon et des composants de pompes <\/strong>aux clients suivants : MTS (Victaulic), Friedrich Krombach GmbH et Flowserve Austriche GmBh.<\/p>\n<h4 style=\"color: #289dcc;\"><strong>Secteur chimique<\/strong><\/h4>\n<p>Dans le secteur chimique nous comptons de <strong>grands clients<\/strong> tels que Coperion GmbH, Coyard SAS (ICARUS) et Somas Ventiler, pour lesquels nous fabriquons des <strong>soupapes rotatives et des soupapes \u00e0 bille<\/strong>, respectivement.<\/p>\n<h4 style=\"color: #289dcc;\"><strong>Secteur plastique<\/strong><\/h4>\n<p>Coperion GMBH est notre client principal dans le secteur plastique. Nous lui fournissons des <strong>composants de robinetterie rotative et de robinetterie de distribution<\/strong>.<\/p>\n<h4 style=\"color: #289dcc;\"><strong>Secteur papetier<\/strong><\/h4>\n<p>Dans le domaine du papier nous pouvons citer parmi nos clients : Naf AB et Stafsj\u00f6 Valves AB. Nous sommes fabricants de <strong>pi\u00e8ces de robinetterie \u00e0 bille et de robinetterie \u00e0 guillotine.<\/strong><\/p>\n<h4 style=\"color: #289dcc;\"><strong>Secteur ferroviaire<\/strong><\/h4>\n<p>Dans le <strong>secteur ferroviaire<\/strong>, Amurrio Ferrocarril y Equipos S.A. est notre client le plus distingu\u00e9.<\/p>\n<h4 style=\"color: #289dcc;\"><strong>Secteur minier<\/strong><\/h4>\n<p>Dans le <strong>secteur minier<\/strong> nous comptons trois grands clients : Coperion Gmbh, Stafsj\u00f6 Valves AB et Flowserve Autriche GmbH, auxquels nous fournissons respectivement des \u00e9l\u00e9ments de <strong>soupapes rotatives, de soupapes \u00e0 guillotine et de pompes.<\/strong><\/p>\n<h4 style=\"color: #289dcc;\"><strong>Secteur a\u00e9ronautique<\/strong><\/h4>\n<p>Notre client principal dans le <strong>secteur de l\u2019a\u00e9ronautique est ITP.<\/strong><\/p>\n<h4 style=\"color: #289dcc;\"><strong>Secteur construction<\/strong><\/h4>\n<p>Dans le secteur de la construction, nous fabriquons des <strong>obturateurs<\/strong> pour notre client principal : Cast Flow Valves, S.L.<\/p>\n<div class=\"gap\" style=\"height: 40px;\"><\/div>\n<h3 class=\"title\"><span>Nos clients<\/span><\/h3>\n<div class=\"clientes\">\n<p align=\"center\"><img loading=\"lazy\" decoding=\"async\" src=\"https:\/\/www.castinox.net\/imagenes\/Andritz.png\" alt=\"Andritz\" width=\"150\" height=\"75\" \/> <img loading=\"lazy\" decoding=\"async\" src=\"https:\/\/www.castinox.net\/imagenes\/Coperion.png\" alt=\"Coperion\" width=\"150\" height=\"75\" \/> <img loading=\"lazy\" decoding=\"async\" src=\"https:\/\/www.castinox.net\/imagenes\/flowserve.png\" alt=\"flowserve\" width=\"150\" height=\"75\" \/> <img loading=\"lazy\" decoding=\"async\" src=\"https:\/\/www.castinox.net\/imagenes\/Friedrich-Krombach.png\" alt=\"Friedrich-Krombach\" width=\"150\" height=\"75\" \/> <img loading=\"lazy\" decoding=\"async\" src=\"https:\/\/www.castinox.net\/imagenes\/Hogfors.png\" alt=\"Hogfors\" width=\"150\" height=\"75\" \/> <img loading=\"lazy\" decoding=\"async\" src=\"https:\/\/www.castinox.net\/imagenes\/ITP-ca.png\" alt=\"ITP-ca\" width=\"150\" height=\"75\" \/> <img loading=\"lazy\" decoding=\"async\" class=\"alignnone wp-image-3583 size-full\" src=\"https:\/\/www.castinox.net\/imagenes\/tubacex-1.png\" alt=\"Tubacex\" width=\"150\" height=\"75\" \/> <img loading=\"lazy\" decoding=\"async\" src=\"https:\/\/www.castinox.net\/imagenes\/logoamurrio0130114.png\" alt=\"logoamurrio0130114\" width=\"150\" height=\"75\" \/> <img loading=\"lazy\" decoding=\"async\" src=\"https:\/\/www.castinox.net\/imagenes\/mts-victaulic.png\" alt=\"mts-victaulic\" width=\"150\" height=\"75\" \/> <img loading=\"lazy\" decoding=\"async\" src=\"https:\/\/www.castinox.net\/imagenes\/ringovalvulas.png\" alt=\"ringovalvulas\" width=\"150\" height=\"75\" \/> <img loading=\"lazy\" decoding=\"async\" src=\"https:\/\/www.castinox.net\/imagenes\/sistagAG.png\" alt=\"sistagAG\" width=\"150\" height=\"75\" \/> <img loading=\"lazy\" decoding=\"async\" src=\"https:\/\/www.castinox.net\/imagenes\/somas.png\" alt=\"somas\" width=\"150\" height=\"75\" \/> <img loading=\"lazy\" decoding=\"async\" src=\"https:\/\/www.castinox.net\/imagenes\/Stafsjo-original-CMYK-Since_306_324_pixel_05.gif\" alt=\"Stafsjo-original-CMYK-Since_306_324_pixel_05\" width=\"150\" height=\"75\" \/><img loading=\"lazy\" decoding=\"async\" src=\"https:\/\/www.castinox.net\/imagenes\/talleres-Aratz.png\" alt=\"talleres-Aratz\" width=\"150\" height=\"75\" \/> <img loading=\"lazy\" decoding=\"async\" src=\"https:\/\/www.castinox.net\/imagenes\/westad.png\" alt=\"westad\" width=\"150\" height=\"75\" \/><img loading=\"lazy\" decoding=\"async\" class=\"alignnone size-full wp-image-4106\" src=\"https:\/\/www.castinox.net\/imagenes\/FHT.jpg\" alt=\"\" width=\"158\" height=\"58\" \/><img loading=\"lazy\" decoding=\"async\" class=\"alignnone size-full wp-image-4112\" src=\"https:\/\/www.castinox.net\/imagenes\/JEZ.png\" alt=\"\" width=\"238\" height=\"50\" \/><img loading=\"lazy\" decoding=\"async\" class=\"alignnone size-full wp-image-4121\" src=\"https:\/\/www.castinox.net\/imagenes\/DANOBAT-1.png\" alt=\"\" width=\"227\" height=\"66\" \/><\/p>\n<\/div>\n<div class=\"gap\" style=\"height: 18px;\"><\/div>\n","protected":false},"excerpt":{"rendered":"<p>Nos clients sont localis\u00e9s dans diff\u00e9rents secteurs et pays Castinox fabrique des produits et fournit des pi\u00e8ces pour de tr\u00e8s nombreux secteurs. Gr\u00e2ce aux multiples homologations de qualit\u00e9 obtenues au\u2026 <a href=\"https:\/\/www.castinox.net\/fr\/secteurs-clients\/\" class=\"read-more-link\">leer m\u00e1s &rarr;<\/a><\/p>\n","protected":false},"author":1,"featured_media":0,"parent":0,"menu_order":7,"comment_status":"open","ping_status":"closed","template":"page-fullwidth.php","meta":{"footnotes":""},"class_list":["post-1559","page","type-page","status-publish","hentry"],"yoast_head":"<!-- This site is optimized with the Yoast SEO plugin v27.1.1 - https:\/\/yoast.com\/product\/yoast-seo-wordpress\/ -->\n<title>Secteurs et clients de Fundici\u00f3n Castinox<\/title>\n<meta name=\"description\" content=\"Castinox travaille pour diff\u00e9rents secteurs industriels et exporte sa production dans diff\u00e9rents pays europ\u00e9ens. La Fonderie travaille avec de grandes marques europ\u00e9ennes.\" \/>\n<meta name=\"robots\" content=\"index, follow, max-snippet:-1, max-image-preview:large, max-video-preview:-1\" \/>\n<link rel=\"canonical\" href=\"https:\/\/www.castinox.net\/fr\/secteurs-clients\/\" \/>\n<meta property=\"og:locale\" content=\"fr_FR\" \/>\n<meta property=\"og:type\" content=\"article\" \/>\n<meta property=\"og:title\" content=\"Secteurs et clients de Fundici\u00f3n Castinox\" \/>\n<meta property=\"og:description\" content=\"Castinox travaille pour diff\u00e9rents secteurs industriels et exporte sa production dans diff\u00e9rents pays europ\u00e9ens. La Fonderie travaille avec de grandes marques europ\u00e9ennes.\" \/>\n<meta property=\"og:url\" content=\"https:\/\/www.castinox.net\/fr\/secteurs-clients\/\" \/>\n<meta property=\"og:site_name\" content=\"Fonderie d\u2019acier inoxydable \u00e0 Amurrio - Alava\" \/>\n<meta property=\"article:modified_time\" content=\"2024-01-24T09:20:45+00:00\" \/>\n<meta property=\"og:image\" content=\"https:\/\/www.castinox.net\/imagenes\/carte-exportations.png\" \/>\n<meta name=\"twitter:label1\" content=\"Dur\u00e9e de lecture estim\u00e9e\" \/>\n\t<meta name=\"twitter:data1\" content=\"6 minutes\" \/>\n<script type=\"application\/ld+json\" class=\"yoast-schema-graph\">{\"@context\":\"https:\/\/schema.org\",\"@graph\":[{\"@type\":\"WebPage\",\"@id\":\"https:\/\/www.castinox.net\/fr\/secteurs-clients\/\",\"url\":\"https:\/\/www.castinox.net\/fr\/secteurs-clients\/\",\"name\":\"Secteurs et clients de Fundici\u00f3n Castinox\",\"isPartOf\":{\"@id\":\"https:\/\/www.castinox.net\/#website\"},\"primaryImageOfPage\":{\"@id\":\"https:\/\/www.castinox.net\/fr\/secteurs-clients\/#primaryimage\"},\"image\":{\"@id\":\"https:\/\/www.castinox.net\/fr\/secteurs-clients\/#primaryimage\"},\"thumbnailUrl\":\"https:\/\/www.castinox.net\/imagenes\/carte-exportations.png\",\"datePublished\":\"2015-04-13T10:45:56+00:00\",\"dateModified\":\"2024-01-24T09:20:45+00:00\",\"description\":\"Castinox travaille pour diff\u00e9rents secteurs industriels et exporte sa production dans diff\u00e9rents pays europ\u00e9ens. La Fonderie travaille avec de grandes marques europ\u00e9ennes.\",\"inLanguage\":\"fr-FR\",\"potentialAction\":[{\"@type\":\"ReadAction\",\"target\":[\"https:\/\/www.castinox.net\/fr\/secteurs-clients\/\"]}]},{\"@type\":\"ImageObject\",\"inLanguage\":\"fr-FR\",\"@id\":\"https:\/\/www.castinox.net\/fr\/secteurs-clients\/#primaryimage\",\"url\":\"https:\/\/www.castinox.net\/imagenes\/carte-exportations.png\",\"contentUrl\":\"https:\/\/www.castinox.net\/imagenes\/carte-exportations.png\"},{\"@type\":\"WebSite\",\"@id\":\"https:\/\/www.castinox.net\/#website\",\"url\":\"https:\/\/www.castinox.net\/\",\"name\":\"Fonderie d\u2019acier inoxydable \u00e0 Amurrio - Alava\",\"description\":\"\",\"potentialAction\":[{\"@type\":\"SearchAction\",\"target\":{\"@type\":\"EntryPoint\",\"urlTemplate\":\"https:\/\/www.castinox.net\/?s={search_term_string}\"},\"query-input\":{\"@type\":\"PropertyValueSpecification\",\"valueRequired\":true,\"valueName\":\"search_term_string\"}}],\"inLanguage\":\"fr-FR\"}]}<\/script>\n<!-- \/ Yoast SEO plugin. -->","yoast_head_json":{"title":"Secteurs et clients de Fundici\u00f3n Castinox","description":"Castinox travaille pour diff\u00e9rents secteurs industriels et exporte sa production dans diff\u00e9rents pays europ\u00e9ens. La Fonderie travaille avec de grandes marques europ\u00e9ennes.","robots":{"index":"index","follow":"follow","max-snippet":"max-snippet:-1","max-image-preview":"max-image-preview:large","max-video-preview":"max-video-preview:-1"},"canonical":"https:\/\/www.castinox.net\/fr\/secteurs-clients\/","og_locale":"fr_FR","og_type":"article","og_title":"Secteurs et clients de Fundici\u00f3n Castinox","og_description":"Castinox travaille pour diff\u00e9rents secteurs industriels et exporte sa production dans diff\u00e9rents pays europ\u00e9ens. La Fonderie travaille avec de grandes marques europ\u00e9ennes.","og_url":"https:\/\/www.castinox.net\/fr\/secteurs-clients\/","og_site_name":"Fonderie d\u2019acier inoxydable \u00e0 Amurrio - Alava","article_modified_time":"2024-01-24T09:20:45+00:00","og_image":[{"url":"https:\/\/www.castinox.net\/imagenes\/carte-exportations.png","type":"","width":"","height":""}],"twitter_misc":{"Dur\u00e9e de lecture estim\u00e9e":"6 minutes"},"schema":{"@context":"https:\/\/schema.org","@graph":[{"@type":"WebPage","@id":"https:\/\/www.castinox.net\/fr\/secteurs-clients\/","url":"https:\/\/www.castinox.net\/fr\/secteurs-clients\/","name":"Secteurs et clients de Fundici\u00f3n Castinox","isPartOf":{"@id":"https:\/\/www.castinox.net\/#website"},"primaryImageOfPage":{"@id":"https:\/\/www.castinox.net\/fr\/secteurs-clients\/#primaryimage"},"image":{"@id":"https:\/\/www.castinox.net\/fr\/secteurs-clients\/#primaryimage"},"thumbnailUrl":"https:\/\/www.castinox.net\/imagenes\/carte-exportations.png","datePublished":"2015-04-13T10:45:56+00:00","dateModified":"2024-01-24T09:20:45+00:00","description":"Castinox travaille pour diff\u00e9rents secteurs industriels et exporte sa production dans diff\u00e9rents pays europ\u00e9ens. La Fonderie travaille avec de grandes marques europ\u00e9ennes.","inLanguage":"fr-FR","potentialAction":[{"@type":"ReadAction","target":["https:\/\/www.castinox.net\/fr\/secteurs-clients\/"]}]},{"@type":"ImageObject","inLanguage":"fr-FR","@id":"https:\/\/www.castinox.net\/fr\/secteurs-clients\/#primaryimage","url":"https:\/\/www.castinox.net\/imagenes\/carte-exportations.png","contentUrl":"https:\/\/www.castinox.net\/imagenes\/carte-exportations.png"},{"@type":"WebSite","@id":"https:\/\/www.castinox.net\/#website","url":"https:\/\/www.castinox.net\/","name":"Fonderie d\u2019acier inoxydable \u00e0 Amurrio - Alava","description":"","potentialAction":[{"@type":"SearchAction","target":{"@type":"EntryPoint","urlTemplate":"https:\/\/www.castinox.net\/?s={search_term_string}"},"query-input":{"@type":"PropertyValueSpecification","valueRequired":true,"valueName":"search_term_string"}}],"inLanguage":"fr-FR"}]}},"_links":{"self":[{"href":"https:\/\/www.castinox.net\/fr\/wp-json\/wp\/v2\/pages\/1559","targetHints":{"allow":["GET"]}}],"collection":[{"href":"https:\/\/www.castinox.net\/fr\/wp-json\/wp\/v2\/pages"}],"about":[{"href":"https:\/\/www.castinox.net\/fr\/wp-json\/wp\/v2\/types\/page"}],"author":[{"embeddable":true,"href":"https:\/\/www.castinox.net\/fr\/wp-json\/wp\/v2\/users\/1"}],"replies":[{"embeddable":true,"href":"https:\/\/www.castinox.net\/fr\/wp-json\/wp\/v2\/comments?post=1559"}],"version-history":[{"count":1,"href":"https:\/\/www.castinox.net\/fr\/wp-json\/wp\/v2\/pages\/1559\/revisions"}],"predecessor-version":[{"id":4144,"href":"https:\/\/www.castinox.net\/fr\/wp-json\/wp\/v2\/pages\/1559\/revisions\/4144"}],"wp:attachment":[{"href":"https:\/\/www.castinox.net\/fr\/wp-json\/wp\/v2\/media?parent=1559"}],"curies":[{"name":"wp","href":"https:\/\/api.w.org\/{rel}","templated":true}]}}